{"id":1590,"date":"2013-06-15T13:25:53","date_gmt":"2013-06-15T13:25:53","guid":{"rendered":"http:\/\/milano-sanremo.org\/?page_id=1590"},"modified":"2025-10-20T09:54:17","modified_gmt":"2025-10-20T09:54:17","slug":"tageslizenz","status":"publish","type":"page","link":"https:\/\/classicissima.it\/de\/anmeldung-2\/tageslizenz\/","title":{"rendered":"Tageslizenz"},"content":{"rendered":"<h3>F\u00fcr die Teilnahme am Mailand &#8211; San Remo Radsportevent ist eine Mitgliedschaft in einem der UCI (nationale Radsportunion) zugeh\u00f6rigen Verb\u00e4nde erforderlich. Als Alternative k\u00f6nnen Sie bei uns eine Tageslizenz des ACSI bestellen.<\/h3>\n<p>Ausl\u00e4ndische Radfahrer, die \u00fcber <a href=\"https:\/\/classicissima.it\/de\/anmeldung-2\/verteilung-der-startnummern\/\" target=\"_blank\" rel=\"noopener\">keine Karte oder Lizenz Ihres Radsportverbandes verf\u00fcgen<\/a>, k\u00f6nnen bei der Registrierung auf unserer Webseite eine ACSI Tageslizenz erwerben.<\/p>\n<table style=\"width: 71.648%;\" border=\"1\">\n<tbody>\n<tr align=\"center\" valign=\"middle\">\n<td style=\"width: 40.7407%;\"><\/td>\n<td style=\"width: 13.6574%;\">Kosten<\/td>\n<td style=\"width: 14.8148%;\">g\u00fcltig bis<\/td>\n<td style=\"width: 56.0843%;\">Zahlungsmethode<\/td>\n<\/tr>\n<tr>\n<td style=\"width: 40.7407%;\">Kauf bei der Anmeldung<\/td>\n<td style=\"width: 13.6574%;\">\u20ac 20,00<\/td>\n<td style=\"width: 14.8148%;\">19 M\u00e4rz<\/td>\n<td style=\"width: 56.0843%;\">Visa-\/Mastercard-Kreditkarte<\/td>\n<\/tr>\n<\/tbody>\n<\/table>\n<h4><\/h4>\n<p><span style=\"color: #ff0000;\"><strong>Anmeldeschluss f\u00fcr Registrierungen mit einer Tageslizenz: 19. M\u00e4rz<\/strong><br \/>\n<\/span><\/p>\n<p>In case the documents indicated in the registration phase are not validated by the organization it will not be possible to purchase a day license after registration after this deadline.<\/p>\n<h3>Reservierungsregeln<\/h3>\n<p>Tageslizenz sind nicht r\u00fcckerstattbar.<\/p>\n<h3>DOCUMENTS REQUIRED<br \/>\nFOR THE ISSUE OF A DAY LICENSE<\/h3>\n<h4><strong>AU\u00dfERHALB VON ITALIEN<\/strong><\/h4>\n<p>Das SPORTMEDIZINISCHE ZERTIFIKAT muss von einem Sportarzt auf der Basis des Formulars ausgestellt werden, das \u00fcber den folgenden Link heruntergeladen werden kann :<\/p>\n<h3 style=\"text-align: center;\"><a href=\"https:\/\/classicissima.it\/wp-content\/uploads\/2018\/05\/Classicissima_Certificato_Medico_multi.pdf\" target=\"_blank\" rel=\"noopener\"><strong>COMPETITIVE SPORTS MEDICAL CERTIFICATE FORM AND ETHICAL DECLARATION <\/strong><\/a><br \/>\nfor foreign cyclists<\/h3>\n<h4>Vergessen Sie nicht das Original des sportmedizinischen Zertifikats mit sich an dem Tag der Verteilung der Rennpakete mitzubringen.<\/h4>\n<p>&nbsp;<\/p>\n<h3>DOCUMENTS REQUIRED FOR THE RACE BIB COLLECTION<\/h3>\n<h4>When the race packs are being distributed It is obligatory to present the original copy of a medical certificate for competitive sports, issued not more than six months before the event.<\/h4>\n<p>Otherwise it will not be possible in any way for you to take part in the race.<\/p>\n<p>However it will not be possible to make the purchase of a day license at the moment of collecting the race pack<\/p>\n<h4><span style=\"color: #ff0000;\">\u00a0<\/span><\/h4>\n","protected":false},"excerpt":{"rendered":"<p>F\u00fcr die Teilnahme am Mailand &#8211; San Remo Radsportevent ist eine Mitgliedschaft in einem der UCI (nationale Radsportunion) zugeh\u00f6rigen Verb\u00e4nde erforderlich. Als Alternative k\u00f6nnen Sie bei uns eine Tageslizenz des ACSI bestellen. Ausl\u00e4ndische Radfahrer, die \u00fcber keine Karte oder Lizenz Ihres Radsportverbandes verf\u00fcgen, k\u00f6nnen bei der Registrierung auf unserer Webseite eine ACSI Tageslizenz erwerben. Kosten [&hellip;]<\/p>\n","protected":false},"author":1,"featured_media":0,"parent":5275,"menu_order":0,"comment_status":"closed","ping_status":"closed","template":"","meta":{"_et_pb_use_builder":"","_et_pb_old_content":"","_et_gb_content_width":"","footnotes":""},"class_list":["post-1590","page","type-page","status-publish","hentry"],"yoast_head":"<!-- This site is optimized with the Yoast SEO plugin v26.5 - https:\/\/yoast.com\/wordpress\/plugins\/seo\/ -->\n<title>Tageslizenz - GRANFONDO SANREMO SANREMO 2026<\/title>\n<meta name=\"description\" content=\"Die Anmeldung f\u00fcr die Classicissima ist mit einer Granfondo Tageslizenz m\u00f6glich. Hier erfahren Sie, wie Sie eine Fahrradlizenz kaufen k\u00f6nne\" \/>\n<meta name=\"robots\" content=\"index, follow, max-snippet:-1, max-image-preview:large, max-video-preview:-1\" \/>\n<link rel=\"canonical\" href=\"https:\/\/classicissima.it\/de\/anmeldung-2\/tageslizenz\/\" \/>\n<meta property=\"og:locale\" content=\"de_DE\" \/>\n<meta property=\"og:type\" content=\"article\" \/>\n<meta property=\"og:title\" content=\"Tageslizenz - GRANFONDO SANREMO SANREMO 2026\" \/>\n<meta property=\"og:description\" content=\"Die Anmeldung f\u00fcr die Classicissima ist mit einer Granfondo Tageslizenz m\u00f6glich. Hier erfahren Sie, wie Sie eine Fahrradlizenz kaufen k\u00f6nne\" \/>\n<meta property=\"og:url\" content=\"https:\/\/classicissima.it\/de\/anmeldung-2\/tageslizenz\/\" \/>\n<meta property=\"og:site_name\" content=\"GRANFONDO SANREMO SANREMO 2026\" \/>\n<meta property=\"article:modified_time\" content=\"2025-10-20T09:54:17+00:00\" \/>\n<meta name=\"twitter:card\" content=\"summary_large_image\" \/>\n<meta name=\"twitter:label1\" content=\"Gesch\u00e4tzte Lesezeit\" \/>\n\t<meta name=\"twitter:data1\" content=\"2\u00a0Minuten\" \/>\n<script type=\"application\/ld+json\" class=\"yoast-schema-graph\">{\"@context\":\"https:\/\/schema.org\",\"@graph\":[{\"@type\":\"WebPage\",\"@id\":\"https:\/\/classicissima.it\/de\/anmeldung-2\/tageslizenz\/\",\"url\":\"https:\/\/classicissima.it\/de\/anmeldung-2\/tageslizenz\/\",\"name\":\"Tageslizenz - GRANFONDO SANREMO SANREMO 2026\",\"isPartOf\":{\"@id\":\"https:\/\/classicissima.it\/#website\"},\"datePublished\":\"2013-06-15T13:25:53+00:00\",\"dateModified\":\"2025-10-20T09:54:17+00:00\",\"description\":\"Die Anmeldung f\u00fcr die Classicissima ist mit einer Granfondo Tageslizenz m\u00f6glich. Hier erfahren Sie, wie Sie eine Fahrradlizenz kaufen k\u00f6nne\",\"breadcrumb\":{\"@id\":\"https:\/\/classicissima.it\/de\/anmeldung-2\/tageslizenz\/#breadcrumb\"},\"inLanguage\":\"de\",\"potentialAction\":[{\"@type\":\"ReadAction\",\"target\":[\"https:\/\/classicissima.it\/de\/anmeldung-2\/tageslizenz\/\"]}]},{\"@type\":\"BreadcrumbList\",\"@id\":\"https:\/\/classicissima.it\/de\/anmeldung-2\/tageslizenz\/#breadcrumb\",\"itemListElement\":[{\"@type\":\"ListItem\",\"position\":1,\"name\":\"Home\",\"item\":\"https:\/\/classicissima.it\/de\/\"},{\"@type\":\"ListItem\",\"position\":2,\"name\":\"Anmeldung\",\"item\":\"https:\/\/classicissima.it\/de\/anmeldung-2\/\"},{\"@type\":\"ListItem\",\"position\":3,\"name\":\"Tageslizenz\"}]},{\"@type\":\"WebSite\",\"@id\":\"https:\/\/classicissima.it\/#website\",\"url\":\"https:\/\/classicissima.it\/\",\"name\":\"GRANFONDO SANREMO SANREMO 2026\",\"description\":\"La Classicissima 22.03.2026\",\"potentialAction\":[{\"@type\":\"SearchAction\",\"target\":{\"@type\":\"EntryPoint\",\"urlTemplate\":\"https:\/\/classicissima.it\/?s={search_term_string}\"},\"query-input\":{\"@type\":\"PropertyValueSpecification\",\"valueRequired\":true,\"valueName\":\"search_term_string\"}}],\"inLanguage\":\"de\"}]}<\/script>\n<!-- \/ Yoast SEO plugin. -->","yoast_head_json":{"title":"Tageslizenz - GRANFONDO SANREMO SANREMO 2026","description":"Die Anmeldung f\u00fcr die Classicissima ist mit einer Granfondo Tageslizenz m\u00f6glich. Hier erfahren Sie, wie Sie eine Fahrradlizenz kaufen k\u00f6nne","robots":{"index":"index","follow":"follow","max-snippet":"max-snippet:-1","max-image-preview":"max-image-preview:large","max-video-preview":"max-video-preview:-1"},"canonical":"https:\/\/classicissima.it\/de\/anmeldung-2\/tageslizenz\/","og_locale":"de_DE","og_type":"article","og_title":"Tageslizenz - GRANFONDO SANREMO SANREMO 2026","og_description":"Die Anmeldung f\u00fcr die Classicissima ist mit einer Granfondo Tageslizenz m\u00f6glich. Hier erfahren Sie, wie Sie eine Fahrradlizenz kaufen k\u00f6nne","og_url":"https:\/\/classicissima.it\/de\/anmeldung-2\/tageslizenz\/","og_site_name":"GRANFONDO SANREMO SANREMO 2026","article_modified_time":"2025-10-20T09:54:17+00:00","twitter_card":"summary_large_image","twitter_misc":{"Gesch\u00e4tzte Lesezeit":"2\u00a0Minuten"},"schema":{"@context":"https:\/\/schema.org","@graph":[{"@type":"WebPage","@id":"https:\/\/classicissima.it\/de\/anmeldung-2\/tageslizenz\/","url":"https:\/\/classicissima.it\/de\/anmeldung-2\/tageslizenz\/","name":"Tageslizenz - GRANFONDO SANREMO SANREMO 2026","isPartOf":{"@id":"https:\/\/classicissima.it\/#website"},"datePublished":"2013-06-15T13:25:53+00:00","dateModified":"2025-10-20T09:54:17+00:00","description":"Die Anmeldung f\u00fcr die Classicissima ist mit einer Granfondo Tageslizenz m\u00f6glich. Hier erfahren Sie, wie Sie eine Fahrradlizenz kaufen k\u00f6nne","breadcrumb":{"@id":"https:\/\/classicissima.it\/de\/anmeldung-2\/tageslizenz\/#breadcrumb"},"inLanguage":"de","potentialAction":[{"@type":"ReadAction","target":["https:\/\/classicissima.it\/de\/anmeldung-2\/tageslizenz\/"]}]},{"@type":"BreadcrumbList","@id":"https:\/\/classicissima.it\/de\/anmeldung-2\/tageslizenz\/#breadcrumb","itemListElement":[{"@type":"ListItem","position":1,"name":"Home","item":"https:\/\/classicissima.it\/de\/"},{"@type":"ListItem","position":2,"name":"Anmeldung","item":"https:\/\/classicissima.it\/de\/anmeldung-2\/"},{"@type":"ListItem","position":3,"name":"Tageslizenz"}]},{"@type":"WebSite","@id":"https:\/\/classicissima.it\/#website","url":"https:\/\/classicissima.it\/","name":"GRANFONDO SANREMO SANREMO 2026","description":"La Classicissima 22.03.2026","potentialAction":[{"@type":"SearchAction","target":{"@type":"EntryPoint","urlTemplate":"https:\/\/classicissima.it\/?s={search_term_string}"},"query-input":{"@type":"PropertyValueSpecification","valueRequired":true,"valueName":"search_term_string"}}],"inLanguage":"de"}]}},"_links":{"self":[{"href":"https:\/\/classicissima.it\/de\/wp-json\/wp\/v2\/pages\/1590","targetHints":{"allow":["GET"]}}],"collection":[{"href":"https:\/\/classicissima.it\/de\/wp-json\/wp\/v2\/pages"}],"about":[{"href":"https:\/\/classicissima.it\/de\/wp-json\/wp\/v2\/types\/page"}],"author":[{"embeddable":true,"href":"https:\/\/classicissima.it\/de\/wp-json\/wp\/v2\/users\/1"}],"replies":[{"embeddable":true,"href":"https:\/\/classicissima.it\/de\/wp-json\/wp\/v2\/comments?post=1590"}],"version-history":[{"count":20,"href":"https:\/\/classicissima.it\/de\/wp-json\/wp\/v2\/pages\/1590\/revisions"}],"predecessor-version":[{"id":13682,"href":"https:\/\/classicissima.it\/de\/wp-json\/wp\/v2\/pages\/1590\/revisions\/13682"}],"up":[{"embeddable":true,"href":"https:\/\/classicissima.it\/de\/wp-json\/wp\/v2\/pages\/5275"}],"wp:attachment":[{"href":"https:\/\/classicissima.it\/de\/wp-json\/wp\/v2\/media?parent=1590"}],"curies":[{"name":"wp","href":"https:\/\/api.w.org\/{rel}","templated":true}]}}