{"id":1634,"date":"2013-06-17T06:42:19","date_gmt":"2013-06-17T06:42:19","guid":{"rendered":"http:\/\/milano-sanremo.org\/?page_id=1634"},"modified":"2023-07-06T09:07:09","modified_gmt":"2023-07-06T09:07:09","slug":"kontakt-os","status":"publish","type":"page","link":"https:\/\/classicissima.it\/de\/5-info\/kontakt-os\/","title":{"rendered":"Informationen"},"content":{"rendered":"<p>[et_pb_section fb_built=&#8220;1&#8243; _builder_version=&#8220;3.22&#8243;][et_pb_row _builder_version=&#8220;3.25&#8243; background_size=&#8220;initial&#8220; background_position=&#8220;top_left&#8220; background_repeat=&#8220;repeat&#8220;][et_pb_column type=&#8220;4_4&#8243; _builder_version=&#8220;3.25&#8243; custom_padding=&#8220;|||&#8220; custom_padding__hover=&#8220;|||&#8220;][et_pb_text _builder_version=&#8220;3.27.4&#8243;]<\/p>\n<h3>Hier k\u00f6nnen Sie Informationen zur Teilnahme am Granfondo San Remo &#8211; San Remo la &#8222;Classicissima&#8220; anfordern oder sich bez\u00fcglich Ihrer Reisew\u00fcnsche erkundigen.<\/h3>\n<p>Mit Abschicken dieses Formular erkenne ich an, die Informationen bez\u00fcglich der Verwendung personenbezogener Daten, die <a href=\"https:\/\/www.nyalatravel.com\/de\/privacy-policy\/\">hier<\/a> auf der Webseite einer unserer Partnerorganisationen zu finden sind, gelesen zu haben und diese zu akzeptieren.<\/p>\n<p>&nbsp;<br \/>\n[\/et_pb_text][\/et_pb_column][\/et_pb_row][et_pb_row _builder_version=&#8220;3.25&#8243; column_structure=&#8220;1_2,1_2&#8243;][et_pb_column type=&#8220;1_2&#8243; _builder_version=&#8220;3.25&#8243; custom_padding=&#8220;|||&#8220; custom_padding__hover=&#8220;|||&#8220;][et_pb_text _builder_version=&#8220;3.27.4&#8243;]\n<div class=\"wpcf7 no-js\" id=\"wpcf7-f8803-o1\" lang=\"it-IT\" dir=\"ltr\" data-wpcf7-id=\"8803\">\n<div class=\"screen-reader-response\"><p role=\"status\" aria-live=\"polite\" aria-atomic=\"true\"><\/p> <ul><\/ul><\/div>\n<form action=\"\/de\/wp-json\/wp\/v2\/pages\/1634#wpcf7-f8803-o1\" method=\"post\" class=\"wpcf7-form init\" aria-label=\"Modulo di contatto\" novalidate=\"novalidate\" data-status=\"init\">\n<fieldset class=\"hidden-fields-container\"><input type=\"hidden\" name=\"_wpcf7\" value=\"8803\" \/><input type=\"hidden\" name=\"_wpcf7_version\" value=\"6.1.5\" \/><input type=\"hidden\" name=\"_wpcf7_locale\" value=\"it_IT\" \/><input type=\"hidden\" name=\"_wpcf7_unit_tag\" value=\"wpcf7-f8803-o1\" \/><input type=\"hidden\" name=\"_wpcf7_container_post\" value=\"0\" \/><input type=\"hidden\" name=\"_wpcf7_posted_data_hash\" value=\"\" \/><input type=\"hidden\" name=\"_wpcf7_recaptcha_response\" value=\"\" \/>\n<\/fieldset>\n<p>\t\t<div id=\"cf7md-form\" class=\"cf7md-form\">\n\t\t\t<div class=\"mdc-layout-grid\">\n\t\t\t\t\t\t\t\t\n<\/p>\n\t\t<div class=\"cf7md-item cf7md-text mdc-layout-grid__cell mdc-layout-grid__cell--span-12\">\n\t\t\t<br \/>\n<span class=\"wpcf7-form-control-wrap\" data-name=\"your-name\"><input size=\"40\" maxlength=\"400\" class=\"wpcf7-form-control wpcf7-text wpcf7-validates-as-required\" aria-required=\"true\" aria-invalid=\"false\" value=\"\" type=\"text\" name=\"your-name\" \/><\/span><br \/>\n\t\t\t\t\t\t<div style=\"display: none;\" class=\"cf7md-text-html\">\n\t\t\t\t<div class=\"mdc-textfield\" data-mdc-auto-init=\"MDCTextfield\">\n\t\t\t\t\t<label class=\"mdc-textfield__label\">Name<\/label>\n\t\t\t\t<\/div>\n\t\t\t<\/div>\n\t\t<\/div>\n\t\t\n\t\t<div class=\"cf7md-item cf7md-text mdc-layout-grid__cell mdc-layout-grid__cell--span-12\">\n\t\t\t<br \/>\n<span class=\"wpcf7-form-control-wrap\" data-name=\"your-email\"><input size=\"40\" maxlength=\"400\" class=\"wpcf7-form-control wpcf7-email wpcf7-validates-as-required wpcf7-text wpcf7-validates-as-email\" aria-required=\"true\" aria-invalid=\"false\" value=\"\" type=\"email\" name=\"your-email\" \/><\/span><br \/>\n\t\t\t\t\t\t<div style=\"display: none;\" class=\"cf7md-text-html\">\n\t\t\t\t<div class=\"mdc-textfield\" data-mdc-auto-init=\"MDCTextfield\">\n\t\t\t\t\t<label class=\"mdc-textfield__label\">E-mail<\/label>\n\t\t\t\t<\/div>\n\t\t\t<\/div>\n\t\t<\/div>\n\t\t\n\t\t<div class=\"cf7md-item cf7md-text mdc-layout-grid__cell mdc-layout-grid__cell--span-12\">\n\t\t\t<br \/>\n<span class=\"wpcf7-form-control-wrap\" data-name=\"your-phone\"><input size=\"40\" maxlength=\"400\" class=\"wpcf7-form-control wpcf7-text wpcf7-validates-as-required\" aria-required=\"true\" aria-invalid=\"false\" value=\"\" type=\"text\" name=\"your-phone\" \/><\/span><br \/>\n\t\t\t\t\t\t<div style=\"display: none;\" class=\"cf7md-text-html\">\n\t\t\t\t<div class=\"mdc-textfield\" data-mdc-auto-init=\"MDCTextfield\">\n\t\t\t\t\t<label class=\"mdc-textfield__label\">Telephone<\/label>\n\t\t\t\t<\/div>\n\t\t\t<\/div>\n\t\t<\/div>\n\t\t\n\t\t<div class=\"cf7md-item cf7md-textarea mdc-layout-grid__cell mdc-layout-grid__cell--span-12 cf7md-textarea-autosize\">\n\t\t\t<br \/>\n<span class=\"wpcf7-form-control-wrap\" data-name=\"your-message\"><textarea cols=\"40\" rows=\"10\" maxlength=\"2000\" class=\"wpcf7-form-control wpcf7-textarea wpcf7-validates-as-required\" aria-required=\"true\" aria-invalid=\"false\" name=\"your-message\"><\/textarea><\/span><br \/>\n\t\t\t\t\t\t<div style=\"display: none;\" class=\"cf7md-text-html\">\n\t\t\t\t<div class=\"mdc-textfield mdc-textfield--multiline mdc-textfield--upgraded\" data-mdc-auto-init=\"MDCTextfield\">\n\t\t\t\t\t<label class=\"mdc-textfield__label\">Angeforderte Informationen<\/label>\n\t\t\t\t<\/div>\n\t\t\t<\/div>\n\t\t<\/div>\n\t\t\n\t\t<div class=\"cf7md-item cf7md-checkbox mdc-layout-grid__cell mdc-layout-grid__cell--span-12 cf7md-list cf7md-list__stacked\">\n\t\t\t\t\t\t\t<label class=\"cf7md-label cf7md-label--static\">Privacy*<\/label>\n\t\t\t\t\t\t<br \/>\n<a href=\"https:\/\/www.iubenda.com\/privacy-policy\/352030\" target=\"_blank\">Datenschutzerkl\u00e4rung<\/a>.<br \/>\n<span class=\"wpcf7-form-control-wrap\" data-name=\"checkbox-635\"><span class=\"wpcf7-form-control wpcf7-checkbox wpcf7-validates-as-required\"><span class=\"wpcf7-list-item first last\"><input type=\"checkbox\" name=\"checkbox-635&#091;&#093;\" value=\"I do accept the privacy policy.\" \/><span class=\"wpcf7-list-item-label\">I do accept the privacy policy.<\/span><\/span><\/span><\/span><br \/>\n<span class=\"wpcf7-form-control-wrap\" data-name=\"checkbox-636\"><span class=\"wpcf7-form-control wpcf7-checkbox wpcf7-validates-as-required\"><span class=\"wpcf7-list-item first last\"><input type=\"checkbox\" name=\"checkbox-636&#091;&#093;\" value=\"I do accept to receive information about the event and the destination.\" \/><span class=\"wpcf7-list-item-label\">I do accept to receive information about the event and the destination.<\/span><\/span><\/span><\/span><br \/>\n\t\t\t<div style=\"display: none;\" class=\"cf7md-checkbox-html\">\n\t\t\t\t<div class=\"mdc-checkbox__background\">\n\t\t\t\t\t<svg version=\"1.1\"\n\t\t\t\t\t\tclass=\"mdc-checkbox__checkmark\"\n\t\t\t\t\t\txmlns=\"http:\/\/www.w3.org\/2000\/svg\"\n\t\t\t\t\t\tviewBox=\"0 0 24 24\"\n\t\t\t\t\t\txml:space=\"preserve\">\n\t\t\t\t\t\t<path class=\"mdc-checkbox__checkmark__path\"\n\t\t\t\t\t\t\tfill=\"none\"\n\t\t\t\t\t\t\tstroke=\"white\"\n\t\t\t\t\t\t\td=\"M1.73,12.91 8.1,19.28 22.79,4.59\"\/>\n\t\t\t\t\t<\/svg>\n\t\t\t\t\t<div class=\"mdc-checkbox__mixedmark\"><\/div>\n\t\t\t\t<\/div>\n\t\t\t<\/div>\n\t\t\t\t\t<\/div>\n\t\t\n\n<p>&nbsp;\n<\/p>\n\t\t<div class=\"cf7md-item cf7md-submit mdc-layout-grid__cell mdc-layout-grid__cell--span-12\">\n\t\t\t<br \/>\n<input class=\"wpcf7-form-control wpcf7-submit has-spinner\" type=\"submit\" value=\"Send\" \/><br \/>\n\t\t\t<svg class=\"cf7md-spinner\" width=\"25px\" height=\"25px\" viewBox=\"0 0 66 66\" xmlns=\"http:\/\/www.w3.org\/2000\/svg\">\n\t\t\t\t<circle class=\"cf7md-spinner-path\" fill=\"none\" stroke-width=\"6\" stroke-linecap=\"round\" cx=\"33\" cy=\"33\" r=\"30\"><\/circle>\n\t\t\t<\/svg>\n\t\t<\/div>\n\t\t\n\t\t\t\t\t\t\t<\/div>\n\t\t<\/div>\n\t\t\n<\/p><p style=\"display: none !important;\" class=\"akismet-fields-container\" data-prefix=\"_wpcf7_ak_\"><label>&#916;<textarea name=\"_wpcf7_ak_hp_textarea\" cols=\"45\" rows=\"8\" maxlength=\"100\"><\/textarea><\/label><input type=\"hidden\" id=\"ak_js_1\" name=\"_wpcf7_ak_js\" value=\"114\"\/><script>document.getElementById( \"ak_js_1\" ).setAttribute( \"value\", ( new Date() ).getTime() );<\/script><\/p><div class=\"wpcf7-response-output\" aria-hidden=\"true\"><\/div>\n<\/form>\n<\/div>\n<br \/>\n[\/et_pb_text][\/et_pb_column][et_pb_column type=&#8220;1_2&#8243; _builder_version=&#8220;3.25&#8243; custom_padding=&#8220;|||&#8220; custom_padding__hover=&#8220;|||&#8220;][et_pb_text _builder_version=&#8220;4.8.2&#8243; _module_preset=&#8220;default&#8220; hover_enabled=&#8220;0&#8243; locked=&#8220;off&#8220; sticky_enabled=&#8220;0&#8243;]<strong>GRANFONDO SANREMO &#8211; SANREMO<\/strong><br \/>\n&#8222;La Classicissima&#8220;<\/p>\n<p><strong>Kundendienst | Customers&#8216; Support<\/strong><br \/>\nE-mail: <a href=\"mailto:segreteria@classicissima.it\">segreteria@classicissima.it<\/a><br \/>\nWhatsapp: <a href=\"https:\/\/wa.me\/393929510230\">+39 392 9510230<\/a>[\/et_pb_text][\/et_pb_column][\/et_pb_row][\/et_pb_section]<\/p>\n","protected":false},"excerpt":{"rendered":"<p>Hier k\u00f6nnen Sie Informationen zur Teilnahme am Granfondo San Remo &#8211; San Remo la &#8222;Classicissima&#8220; anfordern oder sich bez\u00fcglich Ihrer Reisew\u00fcnsche erkundigen. Mit Abschicken dieses Formular erkenne ich an, die Informationen bez\u00fcglich der Verwendung personenbezogener Daten, die hier auf der Webseite einer unserer Partnerorganisationen zu finden sind, gelesen zu haben und diese zu akzeptieren. &nbsp; [&hellip;]<\/p>\n","protected":false},"author":1,"featured_media":0,"parent":9844,"menu_order":0,"comment_status":"closed","ping_status":"closed","template":"","meta":{"_et_pb_use_builder":"on","_et_pb_old_content":"<h3>Richiedi maggiori informazioni per partecipare e per organizzare il tuo viaggio in occasione di Granfondo Sanremo - Sanremo \"la Classicissima\" in concomitanza con la prossima Milano-Sanremo.<\/h3>\r\n[contact-form-7 id=\"8459\" title=\"Contatti IT\"]","_et_gb_content_width":"","footnotes":""},"class_list":["post-1634","page","type-page","status-publish","hentry"],"yoast_head":"<!-- This site is optimized with the Yoast SEO plugin v26.5 - https:\/\/yoast.com\/wordpress\/plugins\/seo\/ -->\n<title>Informationen - GRANFONDO SANREMO SANREMO 2026<\/title>\n<meta name=\"description\" content=\"Informationen zum Granfondo Sanremo - Sanremo La Classicissima anfordern, um an dem Radrennen teilzunehmen\" \/>\n<meta name=\"robots\" content=\"index, follow, max-snippet:-1, max-image-preview:large, max-video-preview:-1\" \/>\n<link rel=\"canonical\" href=\"https:\/\/classicissima.it\/de\/5-info\/kontakt-os\/\" \/>\n<meta property=\"og:locale\" content=\"de_DE\" \/>\n<meta property=\"og:type\" content=\"article\" \/>\n<meta property=\"og:title\" content=\"Informationen - GRANFONDO SANREMO SANREMO 2026\" \/>\n<meta property=\"og:description\" content=\"Informationen zum Granfondo Sanremo - Sanremo La Classicissima anfordern, um an dem Radrennen teilzunehmen\" \/>\n<meta property=\"og:url\" content=\"https:\/\/classicissima.it\/de\/5-info\/kontakt-os\/\" \/>\n<meta property=\"og:site_name\" content=\"GRANFONDO SANREMO SANREMO 2026\" \/>\n<meta property=\"article:modified_time\" content=\"2023-07-06T09:07:09+00:00\" \/>\n<meta name=\"twitter:card\" content=\"summary_large_image\" \/>\n<meta name=\"twitter:label1\" content=\"Gesch\u00e4tzte Lesezeit\" \/>\n\t<meta name=\"twitter:data1\" content=\"1\u00a0Minute\" \/>\n<script type=\"application\/ld+json\" class=\"yoast-schema-graph\">{\"@context\":\"https:\/\/schema.org\",\"@graph\":[{\"@type\":\"WebPage\",\"@id\":\"https:\/\/classicissima.it\/de\/5-info\/kontakt-os\/\",\"url\":\"https:\/\/classicissima.it\/de\/5-info\/kontakt-os\/\",\"name\":\"Informationen - GRANFONDO SANREMO SANREMO 2026\",\"isPartOf\":{\"@id\":\"https:\/\/classicissima.it\/#website\"},\"datePublished\":\"2013-06-17T06:42:19+00:00\",\"dateModified\":\"2023-07-06T09:07:09+00:00\",\"description\":\"Informationen zum Granfondo Sanremo - Sanremo La Classicissima anfordern, um an dem Radrennen teilzunehmen\",\"breadcrumb\":{\"@id\":\"https:\/\/classicissima.it\/de\/5-info\/kontakt-os\/#breadcrumb\"},\"inLanguage\":\"de\",\"potentialAction\":[{\"@type\":\"ReadAction\",\"target\":[\"https:\/\/classicissima.it\/de\/5-info\/kontakt-os\/\"]}]},{\"@type\":\"BreadcrumbList\",\"@id\":\"https:\/\/classicissima.it\/de\/5-info\/kontakt-os\/#breadcrumb\",\"itemListElement\":[{\"@type\":\"ListItem\",\"position\":1,\"name\":\"Home\",\"item\":\"https:\/\/classicissima.it\/de\/\"},{\"@type\":\"ListItem\",\"position\":2,\"name\":\"5.INFO\",\"item\":\"https:\/\/classicissima.it\/de\/5-info\/\"},{\"@type\":\"ListItem\",\"position\":3,\"name\":\"Informationen\"}]},{\"@type\":\"WebSite\",\"@id\":\"https:\/\/classicissima.it\/#website\",\"url\":\"https:\/\/classicissima.it\/\",\"name\":\"GRANFONDO SANREMO SANREMO 2026\",\"description\":\"La Classicissima 22.03.2026\",\"potentialAction\":[{\"@type\":\"SearchAction\",\"target\":{\"@type\":\"EntryPoint\",\"urlTemplate\":\"https:\/\/classicissima.it\/?s={search_term_string}\"},\"query-input\":{\"@type\":\"PropertyValueSpecification\",\"valueRequired\":true,\"valueName\":\"search_term_string\"}}],\"inLanguage\":\"de\"}]}<\/script>\n<!-- \/ Yoast SEO plugin. -->","yoast_head_json":{"title":"Informationen - GRANFONDO SANREMO SANREMO 2026","description":"Informationen zum Granfondo Sanremo - Sanremo La Classicissima anfordern, um an dem Radrennen teilzunehmen","robots":{"index":"index","follow":"follow","max-snippet":"max-snippet:-1","max-image-preview":"max-image-preview:large","max-video-preview":"max-video-preview:-1"},"canonical":"https:\/\/classicissima.it\/de\/5-info\/kontakt-os\/","og_locale":"de_DE","og_type":"article","og_title":"Informationen - GRANFONDO SANREMO SANREMO 2026","og_description":"Informationen zum Granfondo Sanremo - Sanremo La Classicissima anfordern, um an dem Radrennen teilzunehmen","og_url":"https:\/\/classicissima.it\/de\/5-info\/kontakt-os\/","og_site_name":"GRANFONDO SANREMO SANREMO 2026","article_modified_time":"2023-07-06T09:07:09+00:00","twitter_card":"summary_large_image","twitter_misc":{"Gesch\u00e4tzte Lesezeit":"1\u00a0Minute"},"schema":{"@context":"https:\/\/schema.org","@graph":[{"@type":"WebPage","@id":"https:\/\/classicissima.it\/de\/5-info\/kontakt-os\/","url":"https:\/\/classicissima.it\/de\/5-info\/kontakt-os\/","name":"Informationen - GRANFONDO SANREMO SANREMO 2026","isPartOf":{"@id":"https:\/\/classicissima.it\/#website"},"datePublished":"2013-06-17T06:42:19+00:00","dateModified":"2023-07-06T09:07:09+00:00","description":"Informationen zum Granfondo Sanremo - Sanremo La Classicissima anfordern, um an dem Radrennen teilzunehmen","breadcrumb":{"@id":"https:\/\/classicissima.it\/de\/5-info\/kontakt-os\/#breadcrumb"},"inLanguage":"de","potentialAction":[{"@type":"ReadAction","target":["https:\/\/classicissima.it\/de\/5-info\/kontakt-os\/"]}]},{"@type":"BreadcrumbList","@id":"https:\/\/classicissima.it\/de\/5-info\/kontakt-os\/#breadcrumb","itemListElement":[{"@type":"ListItem","position":1,"name":"Home","item":"https:\/\/classicissima.it\/de\/"},{"@type":"ListItem","position":2,"name":"5.INFO","item":"https:\/\/classicissima.it\/de\/5-info\/"},{"@type":"ListItem","position":3,"name":"Informationen"}]},{"@type":"WebSite","@id":"https:\/\/classicissima.it\/#website","url":"https:\/\/classicissima.it\/","name":"GRANFONDO SANREMO SANREMO 2026","description":"La Classicissima 22.03.2026","potentialAction":[{"@type":"SearchAction","target":{"@type":"EntryPoint","urlTemplate":"https:\/\/classicissima.it\/?s={search_term_string}"},"query-input":{"@type":"PropertyValueSpecification","valueRequired":true,"valueName":"search_term_string"}}],"inLanguage":"de"}]}},"_links":{"self":[{"href":"https:\/\/classicissima.it\/de\/wp-json\/wp\/v2\/pages\/1634","targetHints":{"allow":["GET"]}}],"collection":[{"href":"https:\/\/classicissima.it\/de\/wp-json\/wp\/v2\/pages"}],"about":[{"href":"https:\/\/classicissima.it\/de\/wp-json\/wp\/v2\/types\/page"}],"author":[{"embeddable":true,"href":"https:\/\/classicissima.it\/de\/wp-json\/wp\/v2\/users\/1"}],"replies":[{"embeddable":true,"href":"https:\/\/classicissima.it\/de\/wp-json\/wp\/v2\/comments?post=1634"}],"version-history":[{"count":12,"href":"https:\/\/classicissima.it\/de\/wp-json\/wp\/v2\/pages\/1634\/revisions"}],"predecessor-version":[{"id":12886,"href":"https:\/\/classicissima.it\/de\/wp-json\/wp\/v2\/pages\/1634\/revisions\/12886"}],"up":[{"embeddable":true,"href":"https:\/\/classicissima.it\/de\/wp-json\/wp\/v2\/pages\/9844"}],"wp:attachment":[{"href":"https:\/\/classicissima.it\/de\/wp-json\/wp\/v2\/media?parent=1634"}],"curies":[{"name":"wp","href":"https:\/\/api.w.org\/{rel}","templated":true}]}}