{"id":1680,"date":"2013-06-17T07:44:29","date_gmt":"2013-06-17T07:44:29","guid":{"rendered":"http:\/\/milano-sanremo.org\/?page_id=1680"},"modified":"2026-01-29T11:33:06","modified_gmt":"2026-01-29T11:33:06","slug":"souvenir-t-shirt","status":"publish","type":"page","link":"https:\/\/classicissima.it\/de\/anmeldung-2\/souvenir-t-shirt\/","title":{"rendered":"Souvenir-T-Shirts"},"content":{"rendered":"<p>[et_pb_section fb_built=&#8220;1&#8243; admin_label=&#8220;section&#8220; _builder_version=&#8220;4.16&#8243; global_colors_info=&#8220;{}&#8220;][et_pb_row admin_label=&#8220;row&#8220; _builder_version=&#8220;4.16&#8243; background_size=&#8220;initial&#8220; background_position=&#8220;top_left&#8220; background_repeat=&#8220;repeat&#8220; global_colors_info=&#8220;{}&#8220;][et_pb_column type=&#8220;4_4&#8243; _builder_version=&#8220;4.16&#8243; custom_padding=&#8220;|||&#8220; global_colors_info=&#8220;{}&#8220; custom_padding__hover=&#8220;|||&#8220;][et_pb_text admin_label=&#8220;Text&#8220; _builder_version=&#8220;4.27.4&#8243; background_size=&#8220;initial&#8220; background_position=&#8220;top_left&#8220; background_repeat=&#8220;repeat&#8220; global_colors_info=&#8220;{}&#8220;]<\/p>\n<h3>Das Souvenir-T-Shirt mit passenden Shorts f\u00fcr das\u00a0Granfondo Sanremo &#8211; Sanremo la &#8222;Classicissima&#8220; sind nicht im Rennpaket enthalten, k\u00f6nnen aber online bestellt werden.<\/h3>\n<p>&nbsp;<\/p>\n<p>[\/et_pb_text][et_pb_image src=&#8220;http:\/\/classicissima.it\/wp-content\/uploads\/2026\/01\/maglia-classicissima-2026.jpg&#8220; alt=&#8220;maglia classicissima 2026&#8243; title_text=&#8220;maglia classicissima 2026&#8243; align=&#8220;center&#8220; _builder_version=&#8220;4.27.5&#8243; _module_preset=&#8220;default&#8220; hover_enabled=&#8220;0&#8243; global_colors_info=&#8220;{}&#8220; sticky_enabled=&#8220;0&#8243;][\/et_pb_image][et_pb_text admin_label=&#8220;Text&#8220; _builder_version=&#8220;4.27.4&#8243; background_size=&#8220;initial&#8220; background_position=&#8220;top_left&#8220; background_repeat=&#8220;repeat&#8220; global_colors_info=&#8220;{}&#8220;]<\/p>\n<h4>Um das Souvenir-T-Shirt und die dazu passenden Shorts zu erhalten, m\u00fcssen Sie diese vor dem 20 Februar bestellen und bezahlen.<\/h4>\n<p>Aufgrund der Produktionszeiten ist es uns nicht m\u00f6glich, Bestellungen und Bezahlungen nach diesem Datum zu bearbeiten.<\/p>\n<h4>Gr\u00f6\u00dfe Des Souvenir-T-Shirts<\/h4>\n<p>Souvenir-T-Shirts der Veranstaltung werden basierend auf den Bestellungen gedruckt.<\/p>\n<h4>Daher ist es sehr wichtig, dass Sie die entsprechende Gr\u00f6\u00dfe bedacht ausw\u00e4hlen.<\/h4>\n<h2>Gr\u00f6\u00dfenanleitung f\u00fcr das offizielle Trikot<\/h2>\n<p>&nbsp;<\/p>\n<p>[\/et_pb_text][et_pb_image src=&#8220;http:\/\/classicissima.it\/wp-content\/uploads\/2023\/09\/taglie-t-shirt-classicissima.jpg&#8220; alt=&#8220;Taglie t-shirt maglia ricordo Classicissima&#8220; title_text=&#8220;taglie t shirt classicissima&#8220; align=&#8220;center&#8220; _builder_version=&#8220;4.27.4&#8243; _module_preset=&#8220;default&#8220; global_colors_info=&#8220;{}&#8220;][\/et_pb_image][et_pb_text admin_label=&#8220;Text&#8220; _builder_version=&#8220;4.27.4&#8243; background_size=&#8220;initial&#8220; background_position=&#8220;top_left&#8220; background_repeat=&#8220;repeat&#8220; global_colors_info=&#8220;{}&#8220;]<\/p>\n<h4>\u00c4nderungen der Gr\u00f6\u00dfe<\/h4>\n<p>Souvenir-T-Shirts werden entsprechend der eingegangenen Bestellungen produziert. Daher ist es uns nicht m\u00f6glich, nach Absenden der Bestellungen \u00c4nderungen an der Gr\u00f6\u00dfe des T-Shirts vorzunehmen.<\/p>\n<p>&nbsp;<\/p>\n<p>[\/et_pb_text][\/et_pb_column][\/et_pb_row][\/et_pb_section]<\/p>\n","protected":false},"excerpt":{"rendered":"<p>Das Souvenir-T-Shirt mit passenden Shorts f\u00fcr das\u00a0Granfondo Sanremo &#8211; Sanremo la &#8222;Classicissima&#8220; sind nicht im Rennpaket enthalten, k\u00f6nnen aber online bestellt werden. &nbsp;Um das Souvenir-T-Shirt und die dazu passenden Shorts zu erhalten, m\u00fcssen Sie diese vor dem 20 Februar bestellen und bezahlen. Aufgrund der Produktionszeiten ist es uns nicht m\u00f6glich, Bestellungen und Bezahlungen nach diesem [&hellip;]<\/p>\n","protected":false},"author":1,"featured_media":0,"parent":5275,"menu_order":0,"comment_status":"open","ping_status":"closed","template":"","meta":{"_et_pb_use_builder":"on","_et_pb_old_content":"","_et_gb_content_width":"","footnotes":""},"class_list":["post-1680","page","type-page","status-publish","hentry"],"yoast_head":"<!-- This site is optimized with the Yoast SEO plugin v26.5 - https:\/\/yoast.com\/wordpress\/plugins\/seo\/ -->\n<title>Souvenir-T-Shirts - GRANFONDO SANREMO SANREMO 2026<\/title>\n<meta name=\"description\" content=\"Bestellen Sie online das legend\u00e4re Souvenir-T-Shirts und die passenden Shorts des Granfondo Sanremo Sanremo, das im kommenden M\u00e4rz stattfindet\" \/>\n<meta name=\"robots\" content=\"index, follow, max-snippet:-1, max-image-preview:large, max-video-preview:-1\" \/>\n<link rel=\"canonical\" href=\"https:\/\/classicissima.it\/de\/anmeldung-2\/souvenir-t-shirt\/\" \/>\n<meta property=\"og:locale\" content=\"de_DE\" \/>\n<meta property=\"og:type\" content=\"article\" \/>\n<meta property=\"og:title\" content=\"Souvenir-T-Shirts - GRANFONDO SANREMO SANREMO 2026\" \/>\n<meta property=\"og:description\" content=\"Bestellen Sie online das legend\u00e4re Souvenir-T-Shirts und die passenden Shorts des Granfondo Sanremo Sanremo, das im kommenden M\u00e4rz stattfindet\" \/>\n<meta property=\"og:url\" content=\"https:\/\/classicissima.it\/de\/anmeldung-2\/souvenir-t-shirt\/\" \/>\n<meta property=\"og:site_name\" content=\"GRANFONDO SANREMO SANREMO 2026\" \/>\n<meta property=\"article:modified_time\" content=\"2026-01-29T11:33:06+00:00\" \/>\n<meta name=\"twitter:card\" content=\"summary_large_image\" \/>\n<meta name=\"twitter:label1\" content=\"Gesch\u00e4tzte Lesezeit\" \/>\n\t<meta name=\"twitter:data1\" content=\"2\u00a0Minuten\" \/>\n<script type=\"application\/ld+json\" class=\"yoast-schema-graph\">{\"@context\":\"https:\/\/schema.org\",\"@graph\":[{\"@type\":\"WebPage\",\"@id\":\"https:\/\/classicissima.it\/de\/anmeldung-2\/souvenir-t-shirt\/\",\"url\":\"https:\/\/classicissima.it\/de\/anmeldung-2\/souvenir-t-shirt\/\",\"name\":\"Souvenir-T-Shirts - GRANFONDO SANREMO SANREMO 2026\",\"isPartOf\":{\"@id\":\"https:\/\/classicissima.it\/#website\"},\"datePublished\":\"2013-06-17T07:44:29+00:00\",\"dateModified\":\"2026-01-29T11:33:06+00:00\",\"description\":\"Bestellen Sie online das legend\u00e4re Souvenir-T-Shirts und die passenden Shorts des Granfondo Sanremo Sanremo, das im kommenden M\u00e4rz stattfindet\",\"breadcrumb\":{\"@id\":\"https:\/\/classicissima.it\/de\/anmeldung-2\/souvenir-t-shirt\/#breadcrumb\"},\"inLanguage\":\"de\",\"potentialAction\":[{\"@type\":\"ReadAction\",\"target\":[\"https:\/\/classicissima.it\/de\/anmeldung-2\/souvenir-t-shirt\/\"]}]},{\"@type\":\"BreadcrumbList\",\"@id\":\"https:\/\/classicissima.it\/de\/anmeldung-2\/souvenir-t-shirt\/#breadcrumb\",\"itemListElement\":[{\"@type\":\"ListItem\",\"position\":1,\"name\":\"Home\",\"item\":\"https:\/\/classicissima.it\/de\/\"},{\"@type\":\"ListItem\",\"position\":2,\"name\":\"Anmeldung\",\"item\":\"https:\/\/classicissima.it\/de\/anmeldung-2\/\"},{\"@type\":\"ListItem\",\"position\":3,\"name\":\"Souvenir-T-Shirts\"}]},{\"@type\":\"WebSite\",\"@id\":\"https:\/\/classicissima.it\/#website\",\"url\":\"https:\/\/classicissima.it\/\",\"name\":\"GRANFONDO SANREMO SANREMO 2026\",\"description\":\"La Classicissima 22.03.2026\",\"potentialAction\":[{\"@type\":\"SearchAction\",\"target\":{\"@type\":\"EntryPoint\",\"urlTemplate\":\"https:\/\/classicissima.it\/?s={search_term_string}\"},\"query-input\":{\"@type\":\"PropertyValueSpecification\",\"valueRequired\":true,\"valueName\":\"search_term_string\"}}],\"inLanguage\":\"de\"}]}<\/script>\n<!-- \/ Yoast SEO plugin. -->","yoast_head_json":{"title":"Souvenir-T-Shirts - GRANFONDO SANREMO SANREMO 2026","description":"Bestellen Sie online das legend\u00e4re Souvenir-T-Shirts und die passenden Shorts des Granfondo Sanremo Sanremo, das im kommenden M\u00e4rz stattfindet","robots":{"index":"index","follow":"follow","max-snippet":"max-snippet:-1","max-image-preview":"max-image-preview:large","max-video-preview":"max-video-preview:-1"},"canonical":"https:\/\/classicissima.it\/de\/anmeldung-2\/souvenir-t-shirt\/","og_locale":"de_DE","og_type":"article","og_title":"Souvenir-T-Shirts - GRANFONDO SANREMO SANREMO 2026","og_description":"Bestellen Sie online das legend\u00e4re Souvenir-T-Shirts und die passenden Shorts des Granfondo Sanremo Sanremo, das im kommenden M\u00e4rz stattfindet","og_url":"https:\/\/classicissima.it\/de\/anmeldung-2\/souvenir-t-shirt\/","og_site_name":"GRANFONDO SANREMO SANREMO 2026","article_modified_time":"2026-01-29T11:33:06+00:00","twitter_card":"summary_large_image","twitter_misc":{"Gesch\u00e4tzte Lesezeit":"2\u00a0Minuten"},"schema":{"@context":"https:\/\/schema.org","@graph":[{"@type":"WebPage","@id":"https:\/\/classicissima.it\/de\/anmeldung-2\/souvenir-t-shirt\/","url":"https:\/\/classicissima.it\/de\/anmeldung-2\/souvenir-t-shirt\/","name":"Souvenir-T-Shirts - GRANFONDO SANREMO SANREMO 2026","isPartOf":{"@id":"https:\/\/classicissima.it\/#website"},"datePublished":"2013-06-17T07:44:29+00:00","dateModified":"2026-01-29T11:33:06+00:00","description":"Bestellen Sie online das legend\u00e4re Souvenir-T-Shirts und die passenden Shorts des Granfondo Sanremo Sanremo, das im kommenden M\u00e4rz stattfindet","breadcrumb":{"@id":"https:\/\/classicissima.it\/de\/anmeldung-2\/souvenir-t-shirt\/#breadcrumb"},"inLanguage":"de","potentialAction":[{"@type":"ReadAction","target":["https:\/\/classicissima.it\/de\/anmeldung-2\/souvenir-t-shirt\/"]}]},{"@type":"BreadcrumbList","@id":"https:\/\/classicissima.it\/de\/anmeldung-2\/souvenir-t-shirt\/#breadcrumb","itemListElement":[{"@type":"ListItem","position":1,"name":"Home","item":"https:\/\/classicissima.it\/de\/"},{"@type":"ListItem","position":2,"name":"Anmeldung","item":"https:\/\/classicissima.it\/de\/anmeldung-2\/"},{"@type":"ListItem","position":3,"name":"Souvenir-T-Shirts"}]},{"@type":"WebSite","@id":"https:\/\/classicissima.it\/#website","url":"https:\/\/classicissima.it\/","name":"GRANFONDO SANREMO SANREMO 2026","description":"La Classicissima 22.03.2026","potentialAction":[{"@type":"SearchAction","target":{"@type":"EntryPoint","urlTemplate":"https:\/\/classicissima.it\/?s={search_term_string}"},"query-input":{"@type":"PropertyValueSpecification","valueRequired":true,"valueName":"search_term_string"}}],"inLanguage":"de"}]}},"_links":{"self":[{"href":"https:\/\/classicissima.it\/de\/wp-json\/wp\/v2\/pages\/1680","targetHints":{"allow":["GET"]}}],"collection":[{"href":"https:\/\/classicissima.it\/de\/wp-json\/wp\/v2\/pages"}],"about":[{"href":"https:\/\/classicissima.it\/de\/wp-json\/wp\/v2\/types\/page"}],"author":[{"embeddable":true,"href":"https:\/\/classicissima.it\/de\/wp-json\/wp\/v2\/users\/1"}],"replies":[{"embeddable":true,"href":"https:\/\/classicissima.it\/de\/wp-json\/wp\/v2\/comments?post=1680"}],"version-history":[{"count":31,"href":"https:\/\/classicissima.it\/de\/wp-json\/wp\/v2\/pages\/1680\/revisions"}],"predecessor-version":[{"id":13786,"href":"https:\/\/classicissima.it\/de\/wp-json\/wp\/v2\/pages\/1680\/revisions\/13786"}],"up":[{"embeddable":true,"href":"https:\/\/classicissima.it\/de\/wp-json\/wp\/v2\/pages\/5275"}],"wp:attachment":[{"href":"https:\/\/classicissima.it\/de\/wp-json\/wp\/v2\/media?parent=1680"}],"curies":[{"name":"wp","href":"https:\/\/api.w.org\/{rel}","templated":true}]}}