{"id":1707,"date":"2013-06-17T08:27:36","date_gmt":"2013-06-17T08:27:36","guid":{"rendered":"http:\/\/milano-sanremo.org\/?page_id=1707"},"modified":"2023-07-07T09:45:06","modified_gmt":"2023-07-07T09:45:06","slug":"hotel","status":"publish","type":"page","link":"https:\/\/classicissima.it\/de\/reisen\/hotel\/","title":{"rendered":"Hotels"},"content":{"rendered":"<h2><span style=\"color: #000000;\">Wir haben uns mit den Hotels rund um San Remo zusammengeschlossen, um Ihnen, den Teilnehmern des Granfondo San Remo &#8211; San Remo la &#8222;Classicissima&#8220; den bestm\u00f6glichen Service und die bestm\u00f6glichen Preise und Konditionen zu bieten.<\/span><\/h2>\n<h4>Alle hier vorgestellten Hotels geh\u00f6ren EXKLUSIV zu uns und bieten SONDERRATEN f\u00fcr die Teilnehmer des Events an. Dies ist der Tatsache zu verdanken, dass wir direkt eine hohe Anzahl an \u00dcbernachtungen arrangieren.<\/h4>\n<h4 style=\"text-align: center;\"><span style=\"color: #000000;\"><span style=\"color: #ff0000;\">BUCHEN SIE IHR HOTEL AUF SONDERRATEN, DIE NUR HIER VERF\u00dcGBAR SIND!<\/span><strong><br \/>\n<\/strong><\/span><\/h4>\n<h4 style=\"text-align: center;\"><\/h4>\n<p style=\"text-align: center;\"><a href='https:\/\/www.runtosanremo.it' class='small-button smallbluebtn_red'>Jetzt buchen!<\/a><\/p>\n<p><strong>Sonderraten<\/strong><\/p>\n<p>Die Sonderraten gelten nur f\u00fcr Buchungen direkt \u00fcber unsere Webseite!<\/p>\n<p><strong>Die angegebenen Preise sind pro Zimmer, pro \u00dcbernachtung.<\/strong><\/p>\n<p>BB= Bed &amp; Breakfast<br \/>\nHB= Halbpension<\/p>\n<table>\n<thead>\n<tr>\n<td><span style=\"color: #ffffff;\">HOTEL<\/span><\/td>\n<td><span style=\"color: #ffffff;\">EINZEL\/<\/span><br \/>\n<span style=\"color: #ffffff;\">DOPPELBELEGUNG (SGL)<\/span><\/td>\n<td><span style=\"color: #ffffff;\">DOPPEL (DBL)<\/span><\/td>\n<td><span style=\"color: #ffffff;\">3 BETTEN(TPL)<\/span><\/td>\n<td><span style=\"color: #ffffff;\">4 BETTEN (QPL)<\/span><\/td>\n<\/tr>\n<tr>\n<td>3 Sterne BB<\/td>\n<td style=\"text-align: center;\">50,40 \u20ac<\/td>\n<td style=\"text-align: center;\">75,60 \u20ac<\/td>\n<td style=\"text-align: center;\">113,40\u20ac<\/td>\n<td style=\"text-align: center;\">139,00 \u20ac<\/td>\n<\/tr>\n<tr>\n<td>3 Sterne HB<\/td>\n<td style=\"text-align: center;\">70,35 \u20ac<\/td>\n<td style=\"text-align: center;\">115,50 \u20ac<\/td>\n<td style=\"text-align: center;\">173,50 \u20ac<\/td>\n<td style=\"text-align: center;\">218,50 \u20ac<\/td>\n<\/tr>\n<tr>\n<td>4 Sterne bB<\/td>\n<td style=\"text-align: center;\">63,00 \u20ac<\/td>\n<td style=\"text-align: center;\">88,50 \u20ac<\/td>\n<td style=\"text-align: center;\">126,00 \u20ac<\/td>\n<td style=\"text-align: center;\">151,50 \u20ac<\/td>\n<\/tr>\n<tr>\n<td>4 Sterne HB<\/td>\n<td style=\"text-align: center;\">86,10 \u20ac<\/td>\n<td style=\"text-align: center;\">134,40 \u20ac<\/td>\n<td style=\"text-align: center;\">195,30 \u20ac<\/td>\n<td style=\"text-align: center;\">243,60 \u20ac<\/td>\n<\/tr>\n<\/thead>\n<\/table>\n<p>&nbsp;<\/p>\n<p><strong>Optional<\/strong><\/p>\n<table>\n<thead>\n<tr>\n<td><span style=\"color: #ffffff;\">HOTEL<\/span><\/td>\n<td><span style=\"color: #ffffff;\">HALBPENSION (boissons compris)<\/span><\/td>\n<td><span style=\"color: #ffffff;\">REDUZIERUNG KINDER<\/span><br \/>\n<span style=\"color: #ffffff;\">0-6 jahre<\/span><\/td>\n<td><span style=\"color: #ffffff;\">REDUZIERUNG KINDER<\/span><br \/>\n<span style=\"color: #ffffff;\">7-12 jahre<\/span><\/td>\n<\/tr>\n<tr>\n<td>3 sterne<\/td>\n<td style=\"text-align: center;\">19.00 \u20ac<\/td>\n<td style=\"text-align: center;\">100 %<\/td>\n<td style=\"text-align: center;\">50 %<\/td>\n<\/tr>\n<tr>\n<td>4 sterne<\/td>\n<td style=\"text-align: center;\">22.00 \u20ac<\/td>\n<td style=\"text-align: center;\">100 %<\/td>\n<td style=\"text-align: center;\">50 %<\/td>\n<\/tr>\n<tr>\n<td><\/td>\n<td style=\"text-align: center;\"><\/td>\n<td style=\"text-align: center;\"><\/td>\n<td style=\"text-align: center;\"><\/td>\n<\/tr>\n<\/thead>\n<\/table>\n<p>&nbsp;<\/p>\n<p><strong>In San Remo erwartet Sie folgendes:<br \/>\n<\/strong><\/p>\n<ul>\n<li>Kostenloser Transport vom Palafiori (Ankunft des Rennens) zu den Hotels<\/li>\n<li>Die M\u00f6glichkeit das Fahrrad mit auf das Zimmer zu nehmen.<\/li>\n<li>Kohlenhydratreiches Fr\u00fchst\u00fcck<\/li>\n<\/ul>\n<p>&nbsp;<\/p>\n<p><strong>Hotel-Belege<\/strong><\/p>\n<p>Die Zuteilung der Hotels erfolgt im M\u00e4rz. Gegen Mitte M\u00e4rz k\u00f6nnen Sie Ihren Hotel-Beleg auf unserer Webseite ausdrucken. Der Beleg ist bei Ankunft im Hotel vorzuzeigen.<\/p>\n<p>1. Klicken Sie auf \u201eAnmeldung\u201d<\/p>\n<p>2. Geben Sie Ihren Benutzernamen und Kennwort ein<\/p>\n<p>3. Klicken Sie auf den Link \u201cReservierungen\u201d im Benutzer-Men\u00fc<\/p>\n<p>4. Klicken Sie auf den Link \u201cBeleg Hotel San Remo\u201d<\/p>\n<p>5. Drucken Sie Ihren Beleg aus<\/p>\n<p>&nbsp;<\/p>\n<p><strong>Stornierungen<\/strong><\/p>\n<p>Bitte lesen Sie sich die allgemein geltenden Gesch\u00e4ftsbedingungen f\u00fcr den Verkauf von touristischen Leistungen am Fu\u00dfe der Seite genau durch. Hier ein kurzer \u00dcberblick:<\/p>\n<ul>\n<li>bis zu 30 Tage vor dem Rennstart werden bei Stornierung lediglich 20,00 \u20ac Bearbeitungsgeb\u00fchr f\u00e4llig<\/li>\n<li>29-22 Tage vor dem Rennstart sind 25% f\u00e4llig<\/li>\n<li>21-15 Tage vor dem Rennstart sind 50% f\u00e4llig<\/li>\n<li>14-8 Tage vor dem Rennstart sind 75% f\u00e4llig<\/li>\n<li>Bei K\u00fcndigung innerhalb einer Woche vor Rennstart sind 100% f\u00e4llig<\/li>\n<\/ul>\n<p>Bei einer partiellen Stornierung fallen 20,00 \u20ac Bearbeitungsgeb\u00fchr an, bei einer vollst\u00e4ndigen Stornierung 40,00 \u20ac.<\/p>\n","protected":false},"excerpt":{"rendered":"<p>Wir haben uns mit den Hotels rund um San Remo zusammengeschlossen, um Ihnen, den Teilnehmern des Granfondo San Remo &#8211; San Remo la &#8222;Classicissima&#8220; den bestm\u00f6glichen Service und die bestm\u00f6glichen Preise und Konditionen zu bieten. Alle hier vorgestellten Hotels geh\u00f6ren EXKLUSIV zu uns und bieten SONDERRATEN f\u00fcr die Teilnehmer des Events an. Dies ist der [&hellip;]<\/p>\n","protected":false},"author":1,"featured_media":0,"parent":1694,"menu_order":0,"comment_status":"open","ping_status":"closed","template":"","meta":{"_et_pb_use_builder":"","_et_pb_old_content":"","_et_gb_content_width":"","footnotes":""},"class_list":["post-1707","page","type-page","status-publish","hentry"],"yoast_head":"<!-- This site is optimized with the Yoast SEO plugin v26.5 - https:\/\/yoast.com\/wordpress\/plugins\/seo\/ -->\n<title>Hotels - GRANFONDO SANREMO SANREMO 2026<\/title>\n<meta name=\"description\" content=\"Granfondo Partnerhotels bieten Radfahrern und ihren Freunden Sonderkonditionen f\u00fcr Hotels, die \u00fcber unsere Website gebucht werden\" \/>\n<meta name=\"robots\" content=\"index, follow, max-snippet:-1, max-image-preview:large, max-video-preview:-1\" \/>\n<link rel=\"canonical\" href=\"https:\/\/classicissima.it\/de\/reisen\/hotel\/\" \/>\n<meta property=\"og:locale\" content=\"de_DE\" \/>\n<meta property=\"og:type\" content=\"article\" \/>\n<meta property=\"og:title\" content=\"Hotels - GRANFONDO SANREMO SANREMO 2026\" \/>\n<meta property=\"og:description\" content=\"Granfondo Partnerhotels bieten Radfahrern und ihren Freunden Sonderkonditionen f\u00fcr Hotels, die \u00fcber unsere Website gebucht werden\" \/>\n<meta property=\"og:url\" content=\"https:\/\/classicissima.it\/de\/reisen\/hotel\/\" \/>\n<meta property=\"og:site_name\" content=\"GRANFONDO SANREMO SANREMO 2026\" \/>\n<meta property=\"article:modified_time\" content=\"2023-07-07T09:45:06+00:00\" \/>\n<meta name=\"twitter:card\" content=\"summary_large_image\" \/>\n<meta name=\"twitter:label1\" content=\"Gesch\u00e4tzte Lesezeit\" \/>\n\t<meta name=\"twitter:data1\" content=\"2\u00a0Minuten\" \/>\n<script type=\"application\/ld+json\" class=\"yoast-schema-graph\">{\"@context\":\"https:\/\/schema.org\",\"@graph\":[{\"@type\":\"WebPage\",\"@id\":\"https:\/\/classicissima.it\/de\/reisen\/hotel\/\",\"url\":\"https:\/\/classicissima.it\/de\/reisen\/hotel\/\",\"name\":\"Hotels - GRANFONDO SANREMO SANREMO 2026\",\"isPartOf\":{\"@id\":\"https:\/\/classicissima.it\/#website\"},\"datePublished\":\"2013-06-17T08:27:36+00:00\",\"dateModified\":\"2023-07-07T09:45:06+00:00\",\"description\":\"Granfondo Partnerhotels bieten Radfahrern und ihren Freunden Sonderkonditionen f\u00fcr Hotels, die \u00fcber unsere Website gebucht werden\",\"breadcrumb\":{\"@id\":\"https:\/\/classicissima.it\/de\/reisen\/hotel\/#breadcrumb\"},\"inLanguage\":\"de\",\"potentialAction\":[{\"@type\":\"ReadAction\",\"target\":[\"https:\/\/classicissima.it\/de\/reisen\/hotel\/\"]}]},{\"@type\":\"BreadcrumbList\",\"@id\":\"https:\/\/classicissima.it\/de\/reisen\/hotel\/#breadcrumb\",\"itemListElement\":[{\"@type\":\"ListItem\",\"position\":1,\"name\":\"Home\",\"item\":\"https:\/\/classicissima.it\/de\/\"},{\"@type\":\"ListItem\",\"position\":2,\"name\":\"Reisen\",\"item\":\"https:\/\/classicissima.it\/de\/reisen\/\"},{\"@type\":\"ListItem\",\"position\":3,\"name\":\"Hotels\"}]},{\"@type\":\"WebSite\",\"@id\":\"https:\/\/classicissima.it\/#website\",\"url\":\"https:\/\/classicissima.it\/\",\"name\":\"GRANFONDO SANREMO SANREMO 2026\",\"description\":\"La Classicissima 22.03.2026\",\"potentialAction\":[{\"@type\":\"SearchAction\",\"target\":{\"@type\":\"EntryPoint\",\"urlTemplate\":\"https:\/\/classicissima.it\/?s={search_term_string}\"},\"query-input\":{\"@type\":\"PropertyValueSpecification\",\"valueRequired\":true,\"valueName\":\"search_term_string\"}}],\"inLanguage\":\"de\"}]}<\/script>\n<!-- \/ Yoast SEO plugin. -->","yoast_head_json":{"title":"Hotels - GRANFONDO SANREMO SANREMO 2026","description":"Granfondo Partnerhotels bieten Radfahrern und ihren Freunden Sonderkonditionen f\u00fcr Hotels, die \u00fcber unsere Website gebucht werden","robots":{"index":"index","follow":"follow","max-snippet":"max-snippet:-1","max-image-preview":"max-image-preview:large","max-video-preview":"max-video-preview:-1"},"canonical":"https:\/\/classicissima.it\/de\/reisen\/hotel\/","og_locale":"de_DE","og_type":"article","og_title":"Hotels - GRANFONDO SANREMO SANREMO 2026","og_description":"Granfondo Partnerhotels bieten Radfahrern und ihren Freunden Sonderkonditionen f\u00fcr Hotels, die \u00fcber unsere Website gebucht werden","og_url":"https:\/\/classicissima.it\/de\/reisen\/hotel\/","og_site_name":"GRANFONDO SANREMO SANREMO 2026","article_modified_time":"2023-07-07T09:45:06+00:00","twitter_card":"summary_large_image","twitter_misc":{"Gesch\u00e4tzte Lesezeit":"2\u00a0Minuten"},"schema":{"@context":"https:\/\/schema.org","@graph":[{"@type":"WebPage","@id":"https:\/\/classicissima.it\/de\/reisen\/hotel\/","url":"https:\/\/classicissima.it\/de\/reisen\/hotel\/","name":"Hotels - GRANFONDO SANREMO SANREMO 2026","isPartOf":{"@id":"https:\/\/classicissima.it\/#website"},"datePublished":"2013-06-17T08:27:36+00:00","dateModified":"2023-07-07T09:45:06+00:00","description":"Granfondo Partnerhotels bieten Radfahrern und ihren Freunden Sonderkonditionen f\u00fcr Hotels, die \u00fcber unsere Website gebucht werden","breadcrumb":{"@id":"https:\/\/classicissima.it\/de\/reisen\/hotel\/#breadcrumb"},"inLanguage":"de","potentialAction":[{"@type":"ReadAction","target":["https:\/\/classicissima.it\/de\/reisen\/hotel\/"]}]},{"@type":"BreadcrumbList","@id":"https:\/\/classicissima.it\/de\/reisen\/hotel\/#breadcrumb","itemListElement":[{"@type":"ListItem","position":1,"name":"Home","item":"https:\/\/classicissima.it\/de\/"},{"@type":"ListItem","position":2,"name":"Reisen","item":"https:\/\/classicissima.it\/de\/reisen\/"},{"@type":"ListItem","position":3,"name":"Hotels"}]},{"@type":"WebSite","@id":"https:\/\/classicissima.it\/#website","url":"https:\/\/classicissima.it\/","name":"GRANFONDO SANREMO SANREMO 2026","description":"La Classicissima 22.03.2026","potentialAction":[{"@type":"SearchAction","target":{"@type":"EntryPoint","urlTemplate":"https:\/\/classicissima.it\/?s={search_term_string}"},"query-input":{"@type":"PropertyValueSpecification","valueRequired":true,"valueName":"search_term_string"}}],"inLanguage":"de"}]}},"_links":{"self":[{"href":"https:\/\/classicissima.it\/de\/wp-json\/wp\/v2\/pages\/1707","targetHints":{"allow":["GET"]}}],"collection":[{"href":"https:\/\/classicissima.it\/de\/wp-json\/wp\/v2\/pages"}],"about":[{"href":"https:\/\/classicissima.it\/de\/wp-json\/wp\/v2\/types\/page"}],"author":[{"embeddable":true,"href":"https:\/\/classicissima.it\/de\/wp-json\/wp\/v2\/users\/1"}],"replies":[{"embeddable":true,"href":"https:\/\/classicissima.it\/de\/wp-json\/wp\/v2\/comments?post=1707"}],"version-history":[{"count":30,"href":"https:\/\/classicissima.it\/de\/wp-json\/wp\/v2\/pages\/1707\/revisions"}],"predecessor-version":[{"id":12914,"href":"https:\/\/classicissima.it\/de\/wp-json\/wp\/v2\/pages\/1707\/revisions\/12914"}],"up":[{"embeddable":true,"href":"https:\/\/classicissima.it\/de\/wp-json\/wp\/v2\/pages\/1694"}],"wp:attachment":[{"href":"https:\/\/classicissima.it\/de\/wp-json\/wp\/v2\/media?parent=1707"}],"curies":[{"name":"wp","href":"https:\/\/api.w.org\/{rel}","templated":true}]}}