{"id":1815,"date":"2013-06-17T10:50:37","date_gmt":"2013-06-17T10:50:37","guid":{"rendered":"http:\/\/milano-sanremo.org\/?page_id=1815"},"modified":"2023-07-06T10:06:19","modified_gmt":"2023-07-06T10:06:19","slug":"flughafen","status":"publish","type":"page","link":"https:\/\/classicissima.it\/de\/reisen\/flughafen\/","title":{"rendered":"Flugh\u00e4fen"},"content":{"rendered":"<h2>Wenn Sie sich f\u00fcr die Teilnahme am Granfondo Sanremo &#8211; Sanremo La Classicissima entscheiden und Ihre Reise mit dem Flugzeug organisieren, raten wir Ihnen, am Flughafen von Nizza anzukommen. Wir k\u00fcmmern uns um die Transfers in Sanremo.<\/h2>\n<p>&nbsp;<\/p>\n<h3><strong>Flugh\u00e4fen in der N\u00e4he der Startlinie:<\/strong><\/h3>\n<table style=\"width: 100%;\">\n<thead>\n<tr>\n<th style=\"width: 25%;\">Flughafen<\/th>\n<th style=\"width: 25%;\">Fahrzeug<\/th>\n<th style=\"width: 25%;\">Kapazit\u00e4t<\/th>\n<th style=\"width: 25%;\">Preis<\/th>\n<\/tr>\n<\/thead>\n<tbody>\n<tr>\n<td>San Remo &#8211; Nizza NCE<\/td>\n<td>Minivan \/ Kombi<\/td>\n<td>3 Passagiere + 1 Radkoffer<\/td>\n<td>auf Nachfrage<\/td>\n<\/tr>\n<tr>\n<td><\/td>\n<td>Minibus<\/td>\n<td>5 Passagiere + 5 Radkoffer<\/td>\n<td>auf Nachfrage<\/td>\n<\/tr>\n<tr>\n<td><\/td>\n<td>Bus 30\/50 Sitzpl\u00e4tze<\/td>\n<td>25 Passagiere + 25 Radkoffer<\/td>\n<td>auf Nachfrage<\/td>\n<\/tr>\n<tr>\n<td>San Remo &#8211; Genua GOA<\/td>\n<td>Minivan \/ Kombi<\/td>\n<td>3 Passagiere + 1 Radkoffer<\/td>\n<td>auf Nachfrage<\/td>\n<\/tr>\n<tr>\n<td><\/td>\n<td>Minibus<\/td>\n<td>5 Passagiere + 5 Radkoffer<\/td>\n<td>auf Nachfrage<\/td>\n<\/tr>\n<tr>\n<td><\/td>\n<td>Bus 30\/50 Sitzpl\u00e4tze<\/td>\n<td>25 Passagiere + 25 Radkoffer<\/td>\n<td>auf Nachfrage<\/td>\n<\/tr>\n<\/tbody>\n<\/table>\n<p>&nbsp;<\/p>\n<h4>Von San Remo zum Nizza Flughafen via \u00f6ffentlicher Verkehrsmittel<\/h4>\n<p>Wenn Sie mit \u00f6ffentlichen Verkehrsmitteln zum Flughafen nach Nizza reisen m\u00f6chten, empfehlen wir Ihnen den Zug von San Remo Richtung <strong>Ventimiglia <\/strong>zu nehmen. Von hier aus steigen Sie auf den TER (franz. Regionalzug) nach <strong>Nice St. Augustin <\/strong>um. Von hier aus k\u00f6nnen Sie mit dem \u00f6rtlichen Bus (5 Minuten) oder zu Fu\u00df (10 Minuten) den Flughafen erreichen.<\/p>\n<p><strong>Von San Remo zum Genua Flughafen via \u00f6ffentlicher Verkehrsmittel<\/strong><\/p>\n<p>Wir empfehlen den Zug zum <strong>Genoa Piazza Principe<\/strong>. Und von dort aus den <strong>Volabus<\/strong> zum Flughafen.<\/p>\n","protected":false},"excerpt":{"rendered":"<p>Wenn Sie sich f\u00fcr die Teilnahme am Granfondo Sanremo &#8211; Sanremo La Classicissima entscheiden und Ihre Reise mit dem Flugzeug organisieren, raten wir Ihnen, am Flughafen von Nizza anzukommen. Wir k\u00fcmmern uns um die Transfers in Sanremo. &nbsp; Flugh\u00e4fen in der N\u00e4he der Startlinie: Flughafen Fahrzeug Kapazit\u00e4t Preis San Remo &#8211; Nizza NCE Minivan \/ [&hellip;]<\/p>\n","protected":false},"author":1,"featured_media":0,"parent":1694,"menu_order":0,"comment_status":"closed","ping_status":"closed","template":"","meta":{"_et_pb_use_builder":"","_et_pb_old_content":"","_et_gb_content_width":"","footnotes":""},"class_list":["post-1815","page","type-page","status-publish","hentry"],"yoast_head":"<!-- This site is optimized with the Yoast SEO plugin v26.5 - https:\/\/yoast.com\/wordpress\/plugins\/seo\/ -->\n<title>Flugh\u00e4fen - GRANFONDO SANREMO SANREMO 2026<\/title>\n<meta name=\"description\" content=\"Besuchen Sie die Seite Granfondo Flugh\u00e4fen, um herauszufinden, wie Sie Sanremo w\u00e4hrend des Granfondo Sanremo la Classicissima erreichen k\u00f6nnen.\" \/>\n<meta name=\"robots\" content=\"index, follow, max-snippet:-1, max-image-preview:large, max-video-preview:-1\" \/>\n<link rel=\"canonical\" href=\"https:\/\/classicissima.it\/de\/reisen\/flughafen\/\" \/>\n<meta property=\"og:locale\" content=\"de_DE\" \/>\n<meta property=\"og:type\" content=\"article\" \/>\n<meta property=\"og:title\" content=\"Flugh\u00e4fen - GRANFONDO SANREMO SANREMO 2026\" \/>\n<meta property=\"og:description\" content=\"Besuchen Sie die Seite Granfondo Flugh\u00e4fen, um herauszufinden, wie Sie Sanremo w\u00e4hrend des Granfondo Sanremo la Classicissima erreichen k\u00f6nnen.\" \/>\n<meta property=\"og:url\" content=\"https:\/\/classicissima.it\/de\/reisen\/flughafen\/\" \/>\n<meta property=\"og:site_name\" content=\"GRANFONDO SANREMO SANREMO 2026\" \/>\n<meta property=\"article:modified_time\" content=\"2023-07-06T10:06:19+00:00\" \/>\n<meta name=\"twitter:card\" content=\"summary_large_image\" \/>\n<meta name=\"twitter:label1\" content=\"Gesch\u00e4tzte Lesezeit\" \/>\n\t<meta name=\"twitter:data1\" content=\"2\u00a0Minuten\" \/>\n<script type=\"application\/ld+json\" class=\"yoast-schema-graph\">{\"@context\":\"https:\/\/schema.org\",\"@graph\":[{\"@type\":\"WebPage\",\"@id\":\"https:\/\/classicissima.it\/de\/reisen\/flughafen\/\",\"url\":\"https:\/\/classicissima.it\/de\/reisen\/flughafen\/\",\"name\":\"Flugh\u00e4fen - GRANFONDO SANREMO SANREMO 2026\",\"isPartOf\":{\"@id\":\"https:\/\/classicissima.it\/#website\"},\"datePublished\":\"2013-06-17T10:50:37+00:00\",\"dateModified\":\"2023-07-06T10:06:19+00:00\",\"description\":\"Besuchen Sie die Seite Granfondo Flugh\u00e4fen, um herauszufinden, wie Sie Sanremo w\u00e4hrend des Granfondo Sanremo la Classicissima erreichen k\u00f6nnen.\",\"breadcrumb\":{\"@id\":\"https:\/\/classicissima.it\/de\/reisen\/flughafen\/#breadcrumb\"},\"inLanguage\":\"de\",\"potentialAction\":[{\"@type\":\"ReadAction\",\"target\":[\"https:\/\/classicissima.it\/de\/reisen\/flughafen\/\"]}]},{\"@type\":\"BreadcrumbList\",\"@id\":\"https:\/\/classicissima.it\/de\/reisen\/flughafen\/#breadcrumb\",\"itemListElement\":[{\"@type\":\"ListItem\",\"position\":1,\"name\":\"Home\",\"item\":\"https:\/\/classicissima.it\/de\/\"},{\"@type\":\"ListItem\",\"position\":2,\"name\":\"Reisen\",\"item\":\"https:\/\/classicissima.it\/de\/reisen\/\"},{\"@type\":\"ListItem\",\"position\":3,\"name\":\"Flugh\u00e4fen\"}]},{\"@type\":\"WebSite\",\"@id\":\"https:\/\/classicissima.it\/#website\",\"url\":\"https:\/\/classicissima.it\/\",\"name\":\"GRANFONDO SANREMO SANREMO 2026\",\"description\":\"La Classicissima 22.03.2026\",\"potentialAction\":[{\"@type\":\"SearchAction\",\"target\":{\"@type\":\"EntryPoint\",\"urlTemplate\":\"https:\/\/classicissima.it\/?s={search_term_string}\"},\"query-input\":{\"@type\":\"PropertyValueSpecification\",\"valueRequired\":true,\"valueName\":\"search_term_string\"}}],\"inLanguage\":\"de\"}]}<\/script>\n<!-- \/ Yoast SEO plugin. -->","yoast_head_json":{"title":"Flugh\u00e4fen - GRANFONDO SANREMO SANREMO 2026","description":"Besuchen Sie die Seite Granfondo Flugh\u00e4fen, um herauszufinden, wie Sie Sanremo w\u00e4hrend des Granfondo Sanremo la Classicissima erreichen k\u00f6nnen.","robots":{"index":"index","follow":"follow","max-snippet":"max-snippet:-1","max-image-preview":"max-image-preview:large","max-video-preview":"max-video-preview:-1"},"canonical":"https:\/\/classicissima.it\/de\/reisen\/flughafen\/","og_locale":"de_DE","og_type":"article","og_title":"Flugh\u00e4fen - GRANFONDO SANREMO SANREMO 2026","og_description":"Besuchen Sie die Seite Granfondo Flugh\u00e4fen, um herauszufinden, wie Sie Sanremo w\u00e4hrend des Granfondo Sanremo la Classicissima erreichen k\u00f6nnen.","og_url":"https:\/\/classicissima.it\/de\/reisen\/flughafen\/","og_site_name":"GRANFONDO SANREMO SANREMO 2026","article_modified_time":"2023-07-06T10:06:19+00:00","twitter_card":"summary_large_image","twitter_misc":{"Gesch\u00e4tzte Lesezeit":"2\u00a0Minuten"},"schema":{"@context":"https:\/\/schema.org","@graph":[{"@type":"WebPage","@id":"https:\/\/classicissima.it\/de\/reisen\/flughafen\/","url":"https:\/\/classicissima.it\/de\/reisen\/flughafen\/","name":"Flugh\u00e4fen - GRANFONDO SANREMO SANREMO 2026","isPartOf":{"@id":"https:\/\/classicissima.it\/#website"},"datePublished":"2013-06-17T10:50:37+00:00","dateModified":"2023-07-06T10:06:19+00:00","description":"Besuchen Sie die Seite Granfondo Flugh\u00e4fen, um herauszufinden, wie Sie Sanremo w\u00e4hrend des Granfondo Sanremo la Classicissima erreichen k\u00f6nnen.","breadcrumb":{"@id":"https:\/\/classicissima.it\/de\/reisen\/flughafen\/#breadcrumb"},"inLanguage":"de","potentialAction":[{"@type":"ReadAction","target":["https:\/\/classicissima.it\/de\/reisen\/flughafen\/"]}]},{"@type":"BreadcrumbList","@id":"https:\/\/classicissima.it\/de\/reisen\/flughafen\/#breadcrumb","itemListElement":[{"@type":"ListItem","position":1,"name":"Home","item":"https:\/\/classicissima.it\/de\/"},{"@type":"ListItem","position":2,"name":"Reisen","item":"https:\/\/classicissima.it\/de\/reisen\/"},{"@type":"ListItem","position":3,"name":"Flugh\u00e4fen"}]},{"@type":"WebSite","@id":"https:\/\/classicissima.it\/#website","url":"https:\/\/classicissima.it\/","name":"GRANFONDO SANREMO SANREMO 2026","description":"La Classicissima 22.03.2026","potentialAction":[{"@type":"SearchAction","target":{"@type":"EntryPoint","urlTemplate":"https:\/\/classicissima.it\/?s={search_term_string}"},"query-input":{"@type":"PropertyValueSpecification","valueRequired":true,"valueName":"search_term_string"}}],"inLanguage":"de"}]}},"_links":{"self":[{"href":"https:\/\/classicissima.it\/de\/wp-json\/wp\/v2\/pages\/1815","targetHints":{"allow":["GET"]}}],"collection":[{"href":"https:\/\/classicissima.it\/de\/wp-json\/wp\/v2\/pages"}],"about":[{"href":"https:\/\/classicissima.it\/de\/wp-json\/wp\/v2\/types\/page"}],"author":[{"embeddable":true,"href":"https:\/\/classicissima.it\/de\/wp-json\/wp\/v2\/users\/1"}],"replies":[{"embeddable":true,"href":"https:\/\/classicissima.it\/de\/wp-json\/wp\/v2\/comments?post=1815"}],"version-history":[{"count":9,"href":"https:\/\/classicissima.it\/de\/wp-json\/wp\/v2\/pages\/1815\/revisions"}],"predecessor-version":[{"id":12910,"href":"https:\/\/classicissima.it\/de\/wp-json\/wp\/v2\/pages\/1815\/revisions\/12910"}],"up":[{"embeddable":true,"href":"https:\/\/classicissima.it\/de\/wp-json\/wp\/v2\/pages\/1694"}],"wp:attachment":[{"href":"https:\/\/classicissima.it\/de\/wp-json\/wp\/v2\/media?parent=1815"}],"curies":[{"name":"wp","href":"https:\/\/api.w.org\/{rel}","templated":true}]}}