{"id":1852,"date":"2013-06-17T11:39:21","date_gmt":"2013-06-17T11:39:21","guid":{"rendered":"http:\/\/milano-sanremo.org\/?page_id=1852"},"modified":"2016-07-30T14:41:34","modified_gmt":"2016-07-30T14:41:34","slug":"haufig-gestellte-fragen","status":"publish","type":"page","link":"https:\/\/classicissima.it\/de\/5-info\/haufig-gestellte-fragen\/","title":{"rendered":"H\u00e4ufig gestellte Fragen"},"content":{"rendered":"<h2><span style=\"color: #000000;\">Auf dieser Seite finden sie die h\u00e4ufigst gestellten Fragen. F\u00fcr weitere Fragen stehen wir Ihnen jederzeit gerne via E-Mail oder Kontaktformular zur Verf\u00fcgung.<\/span><\/h2>\n<h3><span style=\"color: #000000;\"><strong>Das Rennen<\/strong><\/span><\/h3>\n<p><strong><span style=\"color: #000000;\"><span>Kann ich jemandem in einem pers\u00f6nlichem Fahrzeug hinter mir herfahren lassen?<\/span><\/span><\/strong><\/p>\n<p style=\"margin-left: 30px;\"><span><span><span>Ja, mit Ausnahme der Sektionen, in denen die Time Trials stattfinden.<br \/>\n<\/span><\/span><\/span><\/p>\n<p><strong><span><span>Gibt es getrennte Startpl\u00e4tze?<\/span><\/span><\/strong><\/p>\n<p style=\"margin-left: 30px;\"><span><span>Nein, es wird nur einen Startplatz geben. <\/span><\/span><\/p>\n<p><strong><span><span>Wo gibt es Erfrischungen?<\/span><\/span><\/strong><\/p>\n<p style=\"margin-left: 30px;\"><span><span>Erfrischungen werden in der Mitte des Rennens ausgeteilt.<\/span><\/span><\/p>\n<p><strong>Gibt es Hilfe, falls ich ein mechanisches Problem habe?<\/strong><\/p>\n<p>Ja. Wir stellen einen Mechaniker bereit, dessen Handynummer im Rennpaket enthalten ist. Zudem sammelt ein Bus Teilnehmer auf, die aus dem Rennen aussteigen.<\/p>\n","protected":false},"excerpt":{"rendered":"<p>Auf dieser Seite finden sie die h\u00e4ufigst gestellten Fragen. F\u00fcr weitere Fragen stehen wir Ihnen jederzeit gerne via E-Mail oder Kontaktformular zur Verf\u00fcgung. Das Rennen Kann ich jemandem in einem pers\u00f6nlichem Fahrzeug hinter mir herfahren lassen? Ja, mit Ausnahme der Sektionen, in denen die Time Trials stattfinden. Gibt es getrennte Startpl\u00e4tze? Nein, es wird nur [&hellip;]<\/p>\n","protected":false},"author":1,"featured_media":0,"parent":9844,"menu_order":0,"comment_status":"open","ping_status":"closed","template":"","meta":{"_et_pb_use_builder":"","_et_pb_old_content":"","_et_gb_content_width":"","footnotes":""},"class_list":["post-1852","page","type-page","status-publish","hentry"],"yoast_head":"<!-- This site is optimized with the Yoast SEO plugin v26.5 - https:\/\/yoast.com\/wordpress\/plugins\/seo\/ -->\n<title>H\u00e4ufig gestellte Fragen - GRANFONDO SANREMO SANREMO 2026<\/title>\n<meta name=\"description\" content=\"In questa pagina abbiamo raccolto le domande frequenti sulla Classicissima, che ci sono state rivolte pi\u00f9 spesso.\" \/>\n<meta name=\"robots\" content=\"index, follow, max-snippet:-1, max-image-preview:large, max-video-preview:-1\" \/>\n<link rel=\"canonical\" href=\"https:\/\/classicissima.it\/de\/5-info\/haufig-gestellte-fragen\/\" \/>\n<meta property=\"og:locale\" content=\"de_DE\" \/>\n<meta property=\"og:type\" content=\"article\" \/>\n<meta property=\"og:title\" content=\"H\u00e4ufig gestellte Fragen - GRANFONDO SANREMO SANREMO 2026\" \/>\n<meta property=\"og:description\" content=\"In questa pagina abbiamo raccolto le domande frequenti sulla Classicissima, che ci sono state rivolte pi\u00f9 spesso.\" \/>\n<meta property=\"og:url\" content=\"https:\/\/classicissima.it\/de\/5-info\/haufig-gestellte-fragen\/\" \/>\n<meta property=\"og:site_name\" content=\"GRANFONDO SANREMO SANREMO 2026\" \/>\n<meta property=\"article:modified_time\" content=\"2016-07-30T14:41:34+00:00\" \/>\n<meta name=\"twitter:card\" content=\"summary_large_image\" \/>\n<meta name=\"twitter:label1\" content=\"Gesch\u00e4tzte Lesezeit\" \/>\n\t<meta name=\"twitter:data1\" content=\"1\u00a0Minute\" \/>\n<script type=\"application\/ld+json\" class=\"yoast-schema-graph\">{\"@context\":\"https:\/\/schema.org\",\"@graph\":[{\"@type\":\"WebPage\",\"@id\":\"https:\/\/classicissima.it\/de\/5-info\/haufig-gestellte-fragen\/\",\"url\":\"https:\/\/classicissima.it\/de\/5-info\/haufig-gestellte-fragen\/\",\"name\":\"H\u00e4ufig gestellte Fragen - GRANFONDO SANREMO SANREMO 2026\",\"isPartOf\":{\"@id\":\"https:\/\/classicissima.it\/#website\"},\"datePublished\":\"2013-06-17T11:39:21+00:00\",\"dateModified\":\"2016-07-30T14:41:34+00:00\",\"description\":\"In questa pagina abbiamo raccolto le domande frequenti sulla Classicissima, che ci sono state rivolte pi\u00f9 spesso.\",\"breadcrumb\":{\"@id\":\"https:\/\/classicissima.it\/de\/5-info\/haufig-gestellte-fragen\/#breadcrumb\"},\"inLanguage\":\"de\",\"potentialAction\":[{\"@type\":\"ReadAction\",\"target\":[\"https:\/\/classicissima.it\/de\/5-info\/haufig-gestellte-fragen\/\"]}]},{\"@type\":\"BreadcrumbList\",\"@id\":\"https:\/\/classicissima.it\/de\/5-info\/haufig-gestellte-fragen\/#breadcrumb\",\"itemListElement\":[{\"@type\":\"ListItem\",\"position\":1,\"name\":\"Home\",\"item\":\"https:\/\/classicissima.it\/de\/\"},{\"@type\":\"ListItem\",\"position\":2,\"name\":\"5.INFO\",\"item\":\"https:\/\/classicissima.it\/de\/5-info\/\"},{\"@type\":\"ListItem\",\"position\":3,\"name\":\"H\u00e4ufig gestellte Fragen\"}]},{\"@type\":\"WebSite\",\"@id\":\"https:\/\/classicissima.it\/#website\",\"url\":\"https:\/\/classicissima.it\/\",\"name\":\"GRANFONDO SANREMO SANREMO 2026\",\"description\":\"La Classicissima 22.03.2026\",\"potentialAction\":[{\"@type\":\"SearchAction\",\"target\":{\"@type\":\"EntryPoint\",\"urlTemplate\":\"https:\/\/classicissima.it\/?s={search_term_string}\"},\"query-input\":{\"@type\":\"PropertyValueSpecification\",\"valueRequired\":true,\"valueName\":\"search_term_string\"}}],\"inLanguage\":\"de\"}]}<\/script>\n<!-- \/ Yoast SEO plugin. -->","yoast_head_json":{"title":"H\u00e4ufig gestellte Fragen - GRANFONDO SANREMO SANREMO 2026","description":"In questa pagina abbiamo raccolto le domande frequenti sulla Classicissima, che ci sono state rivolte pi\u00f9 spesso.","robots":{"index":"index","follow":"follow","max-snippet":"max-snippet:-1","max-image-preview":"max-image-preview:large","max-video-preview":"max-video-preview:-1"},"canonical":"https:\/\/classicissima.it\/de\/5-info\/haufig-gestellte-fragen\/","og_locale":"de_DE","og_type":"article","og_title":"H\u00e4ufig gestellte Fragen - GRANFONDO SANREMO SANREMO 2026","og_description":"In questa pagina abbiamo raccolto le domande frequenti sulla Classicissima, che ci sono state rivolte pi\u00f9 spesso.","og_url":"https:\/\/classicissima.it\/de\/5-info\/haufig-gestellte-fragen\/","og_site_name":"GRANFONDO SANREMO SANREMO 2026","article_modified_time":"2016-07-30T14:41:34+00:00","twitter_card":"summary_large_image","twitter_misc":{"Gesch\u00e4tzte Lesezeit":"1\u00a0Minute"},"schema":{"@context":"https:\/\/schema.org","@graph":[{"@type":"WebPage","@id":"https:\/\/classicissima.it\/de\/5-info\/haufig-gestellte-fragen\/","url":"https:\/\/classicissima.it\/de\/5-info\/haufig-gestellte-fragen\/","name":"H\u00e4ufig gestellte Fragen - GRANFONDO SANREMO SANREMO 2026","isPartOf":{"@id":"https:\/\/classicissima.it\/#website"},"datePublished":"2013-06-17T11:39:21+00:00","dateModified":"2016-07-30T14:41:34+00:00","description":"In questa pagina abbiamo raccolto le domande frequenti sulla Classicissima, che ci sono state rivolte pi\u00f9 spesso.","breadcrumb":{"@id":"https:\/\/classicissima.it\/de\/5-info\/haufig-gestellte-fragen\/#breadcrumb"},"inLanguage":"de","potentialAction":[{"@type":"ReadAction","target":["https:\/\/classicissima.it\/de\/5-info\/haufig-gestellte-fragen\/"]}]},{"@type":"BreadcrumbList","@id":"https:\/\/classicissima.it\/de\/5-info\/haufig-gestellte-fragen\/#breadcrumb","itemListElement":[{"@type":"ListItem","position":1,"name":"Home","item":"https:\/\/classicissima.it\/de\/"},{"@type":"ListItem","position":2,"name":"5.INFO","item":"https:\/\/classicissima.it\/de\/5-info\/"},{"@type":"ListItem","position":3,"name":"H\u00e4ufig gestellte Fragen"}]},{"@type":"WebSite","@id":"https:\/\/classicissima.it\/#website","url":"https:\/\/classicissima.it\/","name":"GRANFONDO SANREMO SANREMO 2026","description":"La Classicissima 22.03.2026","potentialAction":[{"@type":"SearchAction","target":{"@type":"EntryPoint","urlTemplate":"https:\/\/classicissima.it\/?s={search_term_string}"},"query-input":{"@type":"PropertyValueSpecification","valueRequired":true,"valueName":"search_term_string"}}],"inLanguage":"de"}]}},"_links":{"self":[{"href":"https:\/\/classicissima.it\/de\/wp-json\/wp\/v2\/pages\/1852","targetHints":{"allow":["GET"]}}],"collection":[{"href":"https:\/\/classicissima.it\/de\/wp-json\/wp\/v2\/pages"}],"about":[{"href":"https:\/\/classicissima.it\/de\/wp-json\/wp\/v2\/types\/page"}],"author":[{"embeddable":true,"href":"https:\/\/classicissima.it\/de\/wp-json\/wp\/v2\/users\/1"}],"replies":[{"embeddable":true,"href":"https:\/\/classicissima.it\/de\/wp-json\/wp\/v2\/comments?post=1852"}],"version-history":[{"count":8,"href":"https:\/\/classicissima.it\/de\/wp-json\/wp\/v2\/pages\/1852\/revisions"}],"predecessor-version":[{"id":3451,"href":"https:\/\/classicissima.it\/de\/wp-json\/wp\/v2\/pages\/1852\/revisions\/3451"}],"up":[{"embeddable":true,"href":"https:\/\/classicissima.it\/de\/wp-json\/wp\/v2\/pages\/9844"}],"wp:attachment":[{"href":"https:\/\/classicissima.it\/de\/wp-json\/wp\/v2\/media?parent=1852"}],"curies":[{"name":"wp","href":"https:\/\/api.w.org\/{rel}","templated":true}]}}