{"id":1876,"date":"2013-06-17T12:10:39","date_gmt":"2013-06-17T12:10:39","guid":{"rendered":"http:\/\/milano-sanremo.org\/?page_id=1876"},"modified":"2025-10-17T14:01:21","modified_gmt":"2025-10-17T14:01:21","slug":"radfahren-in-san-remo","status":"publish","type":"page","link":"https:\/\/classicissima.it\/de\/reisen\/radfahren-in-san-remo\/","title":{"rendered":"Radfahren in San Remo"},"content":{"rendered":"<p>[et_pb_section fb_built=&#8220;1&#8243; admin_label=&#8220;section&#8220; _builder_version=&#8220;4.16&#8243; global_colors_info=&#8220;{}&#8220;][et_pb_row admin_label=&#8220;row&#8220; _builder_version=&#8220;4.16&#8243; background_size=&#8220;initial&#8220; background_position=&#8220;top_left&#8220; background_repeat=&#8220;repeat&#8220; global_colors_info=&#8220;{}&#8220;][et_pb_column type=&#8220;4_4&#8243; _builder_version=&#8220;4.16&#8243; custom_padding=&#8220;|||&#8220; global_colors_info=&#8220;{}&#8220; custom_padding__hover=&#8220;|||&#8220;][et_pb_text admin_label=&#8220;Text&#8220; _builder_version=&#8220;4.27.4&#8243; background_size=&#8220;initial&#8220; background_position=&#8220;top_left&#8220; background_repeat=&#8220;repeat&#8220; hover_enabled=&#8220;0&#8243; global_colors_info=&#8220;{}&#8220; sticky_enabled=&#8220;0&#8243;]<\/p>\n<h5>Ganzj\u00e4hrig mildes Klima, herrliches Meer, wunderbare Blumen, hundertj\u00e4hrige Palmen und ber\u00fchmte Veranstaltungen.<\/h5>\n<p style=\"text-align: center;\"><img loading=\"lazy\" decoding=\"async\" class=\"aligncenter size-full wp-image-9597\" src=\"https:\/\/classicissima.it\/wp-content\/uploads\/2018\/07\/sanremo-pista-ciclabile.jpg\" alt=\"\" width=\"500\" height=\"332\" srcset=\"https:\/\/classicissima.it\/wp-content\/uploads\/2018\/07\/sanremo-pista-ciclabile.jpg 500w, https:\/\/classicissima.it\/wp-content\/uploads\/2018\/07\/sanremo-pista-ciclabile-300x199.jpg 300w\" sizes=\"(max-width: 500px) 100vw, 500px\" \/><\/p>\n<p style=\"text-align: justify;\">Vor diesem faszinierenden Hintergrund wird seit mehr als hundert Jahren im M\u00e4rz das\u00a0Granfondo San Remo &#8211; San Remo la &#8222;Classicissima&#8220; ausgetragen, der Fr\u00fchjahrsklassiker, der die Saison der gro\u00dfen, internationalen Radrennen er\u00f6ffnet.<\/p>\n<p style=\"text-align: justify;\">Wenn Sie an der Granfondo San Remo &#8211; San Remo la &#8222;Classicissima&#8220; teilnehmen, k\u00f6nnen auch Sie sich auf den Stra\u00dfen des l\u00e4ngsten Stra\u00dfenrennens der Welt beweisen, aber wenn Sie m\u00f6chten, k\u00f6nnen Sie die Gelegenheit auch zu einem Sporturlaub in San Remo nutzen.<\/p>\n<p style=\"text-align: justify;\">Der neue\u00a0Radwanderweg, der auf der ehemaligen Eisenbahntrasse direkt am Meer entlang f\u00fchrt, erlaubt es Ihnen, durch einmalige Natur das\u00a0unber\u00fchrte Hinterland\u00a0mit seinen h\u00fcbschen mittelalterlichen Weilern zu erreichen, wo Sie auf faszinierenden und anspruchsvollen Touren auf Entdeckungsreise gehen k\u00f6nnen.<\/p>\n<p dir=\"ltr\"><strong>Dienstag 24. M\u00e4rz 2026<\/strong><\/p>\n<p dir=\"ltr\">Morgens nach Belieben entspannen<\/p>\n<p dir=\"ltr\"><strong>14:00 Uhr<\/strong> Ausflug auf dem Fahrradweg, der der ligurischen K\u00fcstenlinie folgt;<\/p>\n<p><strong>San Remo &#8211; San Lorenzo al Mare &#8211; Taggia &#8211; San Remo<\/strong><br \/>ca. 40 km flach<\/p>\n<p dir=\"ltr\"><strong>Mittwoch 25. M\u00e4rz 2026<\/strong><\/p>\n<p dir=\"ltr\"><strong>9:30 Uhr<\/strong> <strong>Rundgang der Blumen<\/strong>, landeinw\u00e4rts B\u00fchne der maritimen Alpen des 84. Giro d\u00b4Italia 2001.<br \/>Ungef\u00e4hr 130 km insgesamt<\/p>\n<p dir=\"ltr\">Der Weg ber\u00fchrt die Via Aurelia, \u00fcberquert Ospedaletti,Bordighera, Vallecrosia und Camporosso Mare, und geht bis nach Nervia weiter, wo er nach Val Nervia f\u00fchrt, weiter bis nach Isolabona; dann geht er in Richtung Apricale und klettert auf Baiardo (900 m \u00fcber dem Meeresspiegel, der erste Gran Premio des Berges) herauf, voranschreitend zum Passo Ghimberga (898 m \u00fcber dem Meeresspiegel), Ceriana und der Poggio di Sanremo, der in die Gegenrichtung f\u00fchrt; dann geht er bis zum Valle Argentina hoch, mit einer Route in Richtung Taggia, Badalucco, und Molini di Triora, um den Pass bei Langan (1093 m \u00fcber dem Meeresspiegel) hochzuklettern und erreicht Monto Ceppo (1504 m \u00fcber dem Meeresspiegel, zweiter Gran Premio des Berges; schlie\u00dflich zeichnet der Weg einen zweiten Verlauf auf dem Ghimbegna und kehrt in Richtung San Remo zur\u00fcck.<\/p>\n<p dir=\"ltr\"><strong>Wenn Sie an diesem Programm nach dem Rennen interessiert sind, fragen wir Sie uns, um mehr Informationen und die Preise zu erhalten.<\/strong><\/p>\n<p>[\/et_pb_text][\/et_pb_column][\/et_pb_row][\/et_pb_section]<\/p>\n","protected":false},"excerpt":{"rendered":"<p>Ganzj\u00e4hrig mildes Klima, herrliches Meer, wunderbare Blumen, hundertj\u00e4hrige Palmen und ber\u00fchmte Veranstaltungen. Vor diesem faszinierenden Hintergrund wird seit mehr als hundert Jahren im M\u00e4rz das\u00a0Granfondo San Remo &#8211; San Remo la &#8222;Classicissima&#8220; ausgetragen, der Fr\u00fchjahrsklassiker, der die Saison der gro\u00dfen, internationalen Radrennen er\u00f6ffnet. Wenn Sie an der Granfondo San Remo &#8211; San Remo la &#8222;Classicissima&#8220; [&hellip;]<\/p>\n","protected":false},"author":1,"featured_media":0,"parent":1694,"menu_order":0,"comment_status":"closed","ping_status":"closed","template":"","meta":{"_et_pb_use_builder":"on","_et_pb_old_content":"","_et_gb_content_width":"","footnotes":""},"class_list":["post-1876","page","type-page","status-publish","hentry"],"yoast_head":"<!-- This site is optimized with the Yoast SEO plugin v26.5 - https:\/\/yoast.com\/wordpress\/plugins\/seo\/ -->\n<title>Radfahren in San Remo - GRANFONDO SANREMO SANREMO 2026<\/title>\n<meta name=\"description\" content=\"Radfahren in San Remo, Radfahrm\u00f6glichkeiten an der ligurischen Riviera, der Radweg im westlichen ligurischen K\u00fcstenpark und die D\u00f6rfer\" \/>\n<meta name=\"robots\" content=\"index, follow, max-snippet:-1, max-image-preview:large, max-video-preview:-1\" \/>\n<link rel=\"canonical\" href=\"https:\/\/classicissima.it\/de\/reisen\/radfahren-in-san-remo\/\" \/>\n<meta property=\"og:locale\" content=\"de_DE\" \/>\n<meta property=\"og:type\" content=\"article\" \/>\n<meta property=\"og:title\" content=\"Radfahren in San Remo - GRANFONDO SANREMO SANREMO 2026\" \/>\n<meta property=\"og:description\" content=\"Radfahren in San Remo, Radfahrm\u00f6glichkeiten an der ligurischen Riviera, der Radweg im westlichen ligurischen K\u00fcstenpark und die D\u00f6rfer\" \/>\n<meta property=\"og:url\" content=\"https:\/\/classicissima.it\/de\/reisen\/radfahren-in-san-remo\/\" \/>\n<meta property=\"og:site_name\" content=\"GRANFONDO SANREMO SANREMO 2026\" \/>\n<meta property=\"article:modified_time\" content=\"2025-10-17T14:01:21+00:00\" \/>\n<meta property=\"og:image\" content=\"https:\/\/classicissima.it\/wp-content\/uploads\/2018\/07\/sanremo-pista-ciclabile.jpg\" \/>\n<meta name=\"twitter:card\" content=\"summary_large_image\" \/>\n<meta name=\"twitter:label1\" content=\"Gesch\u00e4tzte Lesezeit\" \/>\n\t<meta name=\"twitter:data1\" content=\"2\u00a0Minuten\" \/>\n<script type=\"application\/ld+json\" class=\"yoast-schema-graph\">{\"@context\":\"https:\/\/schema.org\",\"@graph\":[{\"@type\":\"WebPage\",\"@id\":\"https:\/\/classicissima.it\/de\/reisen\/radfahren-in-san-remo\/\",\"url\":\"https:\/\/classicissima.it\/de\/reisen\/radfahren-in-san-remo\/\",\"name\":\"Radfahren in San Remo - GRANFONDO SANREMO SANREMO 2026\",\"isPartOf\":{\"@id\":\"https:\/\/classicissima.it\/#website\"},\"primaryImageOfPage\":{\"@id\":\"https:\/\/classicissima.it\/de\/reisen\/radfahren-in-san-remo\/#primaryimage\"},\"image\":{\"@id\":\"https:\/\/classicissima.it\/de\/reisen\/radfahren-in-san-remo\/#primaryimage\"},\"thumbnailUrl\":\"https:\/\/classicissima.it\/wp-content\/uploads\/2018\/07\/sanremo-pista-ciclabile.jpg\",\"datePublished\":\"2013-06-17T12:10:39+00:00\",\"dateModified\":\"2025-10-17T14:01:21+00:00\",\"description\":\"Radfahren in San Remo, Radfahrm\u00f6glichkeiten an der ligurischen Riviera, der Radweg im westlichen ligurischen K\u00fcstenpark und die D\u00f6rfer\",\"breadcrumb\":{\"@id\":\"https:\/\/classicissima.it\/de\/reisen\/radfahren-in-san-remo\/#breadcrumb\"},\"inLanguage\":\"de\",\"potentialAction\":[{\"@type\":\"ReadAction\",\"target\":[\"https:\/\/classicissima.it\/de\/reisen\/radfahren-in-san-remo\/\"]}]},{\"@type\":\"ImageObject\",\"inLanguage\":\"de\",\"@id\":\"https:\/\/classicissima.it\/de\/reisen\/radfahren-in-san-remo\/#primaryimage\",\"url\":\"https:\/\/classicissima.it\/wp-content\/uploads\/2018\/07\/sanremo-pista-ciclabile.jpg\",\"contentUrl\":\"https:\/\/classicissima.it\/wp-content\/uploads\/2018\/07\/sanremo-pista-ciclabile.jpg\"},{\"@type\":\"BreadcrumbList\",\"@id\":\"https:\/\/classicissima.it\/de\/reisen\/radfahren-in-san-remo\/#breadcrumb\",\"itemListElement\":[{\"@type\":\"ListItem\",\"position\":1,\"name\":\"Home\",\"item\":\"https:\/\/classicissima.it\/de\/\"},{\"@type\":\"ListItem\",\"position\":2,\"name\":\"Reisen\",\"item\":\"https:\/\/classicissima.it\/de\/reisen\/\"},{\"@type\":\"ListItem\",\"position\":3,\"name\":\"Radfahren in San Remo\"}]},{\"@type\":\"WebSite\",\"@id\":\"https:\/\/classicissima.it\/#website\",\"url\":\"https:\/\/classicissima.it\/\",\"name\":\"GRANFONDO SANREMO SANREMO 2026\",\"description\":\"La Classicissima 22.03.2026\",\"potentialAction\":[{\"@type\":\"SearchAction\",\"target\":{\"@type\":\"EntryPoint\",\"urlTemplate\":\"https:\/\/classicissima.it\/?s={search_term_string}\"},\"query-input\":{\"@type\":\"PropertyValueSpecification\",\"valueRequired\":true,\"valueName\":\"search_term_string\"}}],\"inLanguage\":\"de\"}]}<\/script>\n<!-- \/ Yoast SEO plugin. -->","yoast_head_json":{"title":"Radfahren in San Remo - GRANFONDO SANREMO SANREMO 2026","description":"Radfahren in San Remo, Radfahrm\u00f6glichkeiten an der ligurischen Riviera, der Radweg im westlichen ligurischen K\u00fcstenpark und die D\u00f6rfer","robots":{"index":"index","follow":"follow","max-snippet":"max-snippet:-1","max-image-preview":"max-image-preview:large","max-video-preview":"max-video-preview:-1"},"canonical":"https:\/\/classicissima.it\/de\/reisen\/radfahren-in-san-remo\/","og_locale":"de_DE","og_type":"article","og_title":"Radfahren in San Remo - GRANFONDO SANREMO SANREMO 2026","og_description":"Radfahren in San Remo, Radfahrm\u00f6glichkeiten an der ligurischen Riviera, der Radweg im westlichen ligurischen K\u00fcstenpark und die D\u00f6rfer","og_url":"https:\/\/classicissima.it\/de\/reisen\/radfahren-in-san-remo\/","og_site_name":"GRANFONDO SANREMO SANREMO 2026","article_modified_time":"2025-10-17T14:01:21+00:00","og_image":[{"url":"https:\/\/classicissima.it\/wp-content\/uploads\/2018\/07\/sanremo-pista-ciclabile.jpg","type":"","width":"","height":""}],"twitter_card":"summary_large_image","twitter_misc":{"Gesch\u00e4tzte Lesezeit":"2\u00a0Minuten"},"schema":{"@context":"https:\/\/schema.org","@graph":[{"@type":"WebPage","@id":"https:\/\/classicissima.it\/de\/reisen\/radfahren-in-san-remo\/","url":"https:\/\/classicissima.it\/de\/reisen\/radfahren-in-san-remo\/","name":"Radfahren in San Remo - GRANFONDO SANREMO SANREMO 2026","isPartOf":{"@id":"https:\/\/classicissima.it\/#website"},"primaryImageOfPage":{"@id":"https:\/\/classicissima.it\/de\/reisen\/radfahren-in-san-remo\/#primaryimage"},"image":{"@id":"https:\/\/classicissima.it\/de\/reisen\/radfahren-in-san-remo\/#primaryimage"},"thumbnailUrl":"https:\/\/classicissima.it\/wp-content\/uploads\/2018\/07\/sanremo-pista-ciclabile.jpg","datePublished":"2013-06-17T12:10:39+00:00","dateModified":"2025-10-17T14:01:21+00:00","description":"Radfahren in San Remo, Radfahrm\u00f6glichkeiten an der ligurischen Riviera, der Radweg im westlichen ligurischen K\u00fcstenpark und die D\u00f6rfer","breadcrumb":{"@id":"https:\/\/classicissima.it\/de\/reisen\/radfahren-in-san-remo\/#breadcrumb"},"inLanguage":"de","potentialAction":[{"@type":"ReadAction","target":["https:\/\/classicissima.it\/de\/reisen\/radfahren-in-san-remo\/"]}]},{"@type":"ImageObject","inLanguage":"de","@id":"https:\/\/classicissima.it\/de\/reisen\/radfahren-in-san-remo\/#primaryimage","url":"https:\/\/classicissima.it\/wp-content\/uploads\/2018\/07\/sanremo-pista-ciclabile.jpg","contentUrl":"https:\/\/classicissima.it\/wp-content\/uploads\/2018\/07\/sanremo-pista-ciclabile.jpg"},{"@type":"BreadcrumbList","@id":"https:\/\/classicissima.it\/de\/reisen\/radfahren-in-san-remo\/#breadcrumb","itemListElement":[{"@type":"ListItem","position":1,"name":"Home","item":"https:\/\/classicissima.it\/de\/"},{"@type":"ListItem","position":2,"name":"Reisen","item":"https:\/\/classicissima.it\/de\/reisen\/"},{"@type":"ListItem","position":3,"name":"Radfahren in San Remo"}]},{"@type":"WebSite","@id":"https:\/\/classicissima.it\/#website","url":"https:\/\/classicissima.it\/","name":"GRANFONDO SANREMO SANREMO 2026","description":"La Classicissima 22.03.2026","potentialAction":[{"@type":"SearchAction","target":{"@type":"EntryPoint","urlTemplate":"https:\/\/classicissima.it\/?s={search_term_string}"},"query-input":{"@type":"PropertyValueSpecification","valueRequired":true,"valueName":"search_term_string"}}],"inLanguage":"de"}]}},"_links":{"self":[{"href":"https:\/\/classicissima.it\/de\/wp-json\/wp\/v2\/pages\/1876","targetHints":{"allow":["GET"]}}],"collection":[{"href":"https:\/\/classicissima.it\/de\/wp-json\/wp\/v2\/pages"}],"about":[{"href":"https:\/\/classicissima.it\/de\/wp-json\/wp\/v2\/types\/page"}],"author":[{"embeddable":true,"href":"https:\/\/classicissima.it\/de\/wp-json\/wp\/v2\/users\/1"}],"replies":[{"embeddable":true,"href":"https:\/\/classicissima.it\/de\/wp-json\/wp\/v2\/comments?post=1876"}],"version-history":[{"count":21,"href":"https:\/\/classicissima.it\/de\/wp-json\/wp\/v2\/pages\/1876\/revisions"}],"predecessor-version":[{"id":13618,"href":"https:\/\/classicissima.it\/de\/wp-json\/wp\/v2\/pages\/1876\/revisions\/13618"}],"up":[{"embeddable":true,"href":"https:\/\/classicissima.it\/de\/wp-json\/wp\/v2\/pages\/1694"}],"wp:attachment":[{"href":"https:\/\/classicissima.it\/de\/wp-json\/wp\/v2\/media?parent=1876"}],"curies":[{"name":"wp","href":"https:\/\/api.w.org\/{rel}","templated":true}]}}