{"id":10200,"date":"2018-11-02T19:00:51","date_gmt":"2018-11-02T19:00:51","guid":{"rendered":"http:\/\/classicissima.it\/?page_id=10200"},"modified":"2025-10-20T10:51:21","modified_gmt":"2025-10-20T10:51:21","slug":"reglement-e-bike-trophy","status":"publish","type":"page","link":"https:\/\/classicissima.it\/fr\/reglement-e-bike-trophy\/","title":{"rendered":"REGLEMENT E-Bike Trophy"},"content":{"rendered":"<p>[et_pb_section fb_built=\u00a0\u00bb1&Prime; admin_label=\u00a0\u00bbsection\u00a0\u00bb _builder_version=\u00a0\u00bb4.16&Prime; global_colors_info=\u00a0\u00bb{}\u00a0\u00bb][et_pb_row admin_label=\u00a0\u00bbrow\u00a0\u00bb _builder_version=\u00a0\u00bb4.16&Prime; background_size=\u00a0\u00bbinitial\u00a0\u00bb background_position=\u00a0\u00bbtop_left\u00a0\u00bb background_repeat=\u00a0\u00bbrepeat\u00a0\u00bb global_colors_info=\u00a0\u00bb{}\u00a0\u00bb][et_pb_column type=\u00a0\u00bb4_4&Prime; _builder_version=\u00a0\u00bb4.16&Prime; custom_padding=\u00a0\u00bb|||\u00a0\u00bb global_colors_info=\u00a0\u00bb{}\u00a0\u00bb custom_padding__hover=\u00a0\u00bb|||\u00a0\u00bb][et_pb_text admin_label=\u00a0\u00bbText\u00a0\u00bb _builder_version=\u00a0\u00bb4.27.4&Prime; background_size=\u00a0\u00bbinitial\u00a0\u00bb background_position=\u00a0\u00bbtop_left\u00a0\u00bb background_repeat=\u00a0\u00bbrepeat\u00a0\u00bb hover_enabled=\u00a0\u00bb0&Prime; global_colors_info=\u00a0\u00bb{}\u00a0\u00bb sticky_enabled=\u00a0\u00bb0&Prime;]<\/p>\n<h2>Fiche de synth\u00e8se<\/h2>\n<p>Ev\u00e9nement : <b> <strong>E-BIKE TROPHY<\/strong> <em>La Classicissima Sanremo<\/em><\/b><br \/>Type : <b>GRANFONDO non comp\u00e9titive<br \/><\/b>Date :<strong> 22 mars<\/strong><b> 2026<\/b><br \/>D\u00e9part :<b> Lungomare Salvo D&rsquo;acquisto, San Remo<\/b><br \/>Arriv\u00e9e: <b>Poggio de Sanremo<br \/><\/b>Base logistique : <strong>Village de l&rsquo;Ev\u00e9nement, Villa Ormond Corso Cavallotti 113 -San Remo<\/strong><br \/>Organisation sportive: <b>UC Sanremo<br \/><\/b>Secr\u00e9tariat inscriptions: <strong>Nyala Wonder Travel d.m.c.<\/strong><br \/>Egide: <b>ACSI Ciclismo<\/b><\/p>\n<h2>REGLEMENT E-BIKE TROPHY <em>La Classicissima Sanremo<\/em><\/h2>\n<h4><strong>Art. 1 &#8211; INSCRIPTIONS<\/strong><\/h4>\n<p>La E-Bike Trophy est ouverte \u00e0 :<\/p>\n<ul>\n<li>tous les cyclistes italiens poss\u00e9dant une licence ACSI, Bike Card ou d&rsquo;une organisation de promotion du sport reconnue par l&rsquo;ACSI<\/li>\n<li>tous les cyclistes \u00e9trangers poss\u00e9dant une licence de la F\u00e9d\u00e9ration de Cyclisme de leurs pays respectifs, reconnue par l&rsquo;UCI.<\/li>\n<li>tous les cyclistes sans licence, peuvent acheter une <a href=\"https:\/\/classicissima.it\/fr\/inscriptions\/carte-journaliere\/\">licence journali\u00e8re<\/a> et envoyer une copie du certificat m\u00e9dical agonistique.<\/li>\n<\/ul>\n<ul>\n<li style=\"list-style-type: none;\">\u00a0<\/li>\n<\/ul>\n<div class=\"page\" title=\"Page 1\">\n<div class=\"layoutArea\">\n<div class=\"column\">\n<p><strong>The vehicles that are permitted are all models of pedal-assisted bicycles (known as E-Bikes).<\/strong><\/p>\n<p>The term pedal-assisted bicycles\u00a0 means bicycles that operate with the support of a motor body and a battery. The type of motors that are accepted are those that are in compliance with the laws which define them as cycles and not motorbikes, that is with a 250 watt motor and battery (that can be of 300 kwh or 400 kwh) the only difference between them being the duration of the battery.\u00a0 E-bike models that are motorized to more than 250 watts are not permitted\u00a0 (directive of approval of\u00a0 2002\/24\/CE).<\/p>\n<p><strong>Recharging or replacing the battery during the race is permitted, although it is entirely the responsibility of the participants.<\/strong><\/p>\n<p>Anyone who wants to participate using an e-bike will not be able to participate in any classification or alter in any way the regular\u00a0 competitive performance of the Granfondo Sanremo-Sanremo.<\/p>\n<h4><strong>Art. 2 \u2013<\/strong><strong> LICENCE\/CARTE DE MEMBRE<\/strong><\/h4>\n<p><strong>La possession d&rsquo;une carte de membre ou d&rsquo;une licence valide d\u00e9livr\u00e9e par l&rsquo;ACSI est obligatoire.<\/strong><\/p>\n<p>Les cyclistes \u00e9trangers poss\u00e9dant une licence de la F\u00e9d\u00e9ration de Cyclisme de leurs pays respectifs, reconnue par l&rsquo;UCI, peuvent participer.<\/p>\n<p>Chaque cycliste doit envoyer une copie de sa licence valide \u00e0 travers le syst\u00e8me d&rsquo;inscription en ligne.<\/p>\n<h4><strong>Art. 2a &#8211; LICENCE JOURNALI\u00c8RE<\/strong><\/h4>\n<p>Les cyclistes italiens et \u00e9trangers qui ne poss\u00e8dent ni carte de membre ni licence d\u00e9livr\u00e9e par une des organisations indiqu\u00e9es ci-dessus, doivent obtenir une licence\/carte de membre journali\u00e8re d\u00e9livr\u00e9e par la ACSI. La carte journali\u00e8re ACSI doit \u00eatre achet\u00e9e \u00e0 travers notre syst\u00e8me d&rsquo;inscription lors de l&rsquo;inscription en ligne.<\/p>\n<p>Il est imp\u00e9ratif de fournir un certificat m\u00e9dical relatif aux sports de comp\u00e9tition r\u00e9cent (publi\u00e9 non plus que 6 mois avant la date de l&rsquo;\u00e9v\u00e9nement) au <span id=\"result_box\" class=\"short_text\" lang=\"fr\"><span class=\"\">secr\u00e9tariat d&rsquo;inscription<\/span><\/span> \u00e0 travers notre syst\u00e8me d&rsquo;inscription en ligne avant le 31 de Janvier.<\/p>\n<p>Il est obligatoire de montrer la copie originale du certificat m\u00e9dical la veille de la course.<\/p>\n<p>Dans le cas contraire, la participation \u00e0 la course ne sera pas autoris\u00e9e.<\/p>\n<h4><strong>Art. 3 &#8211; INSCRIPTION<\/strong><\/h4>\n<p>L&rsquo;inscription \u00e0 l&rsquo;\u00e9v\u00e9nement sera effectu\u00e9e via le <a href=\"https:\/\/booking.classicissima.it\/index.php?lang=fr\" target=\"_blank\" rel=\"noopener\">site Internet<\/a>, en r\u00e9glant les frais de participation par Paypal, carte de cr\u00e9dit ou virement bancaire (disponible seulement jusque environ 20 jours avant la course).<\/p>\n<p>Pour des raisons d&rsquo;organisation, il n&rsquo;est pas possible de s&rsquo;inscrire autrement.<\/p>\n<p>Il sera toutefois possible de s&rsquo;inscrire sur place chez le <span style=\"color: #ff0000;\"><strong>Village de l&rsquo;Ev\u00e9nement \u00e0 Villa Ormond, Corso Cavallotti 113, San Remo<\/strong><\/span> :<\/p>\n<ul>\n<li>Samedi 21 mars de 10h00 \u00e0 12h30 et de 14h30 \u00e0 18h00<\/li>\n<li>Dimanche 22 mars, de 8h00 \u00e0 9h00<\/li>\n<\/ul>\n<p>&nbsp;<\/p>\n<h4><strong>Art. 4 &#8211; DATE LIMITE D&rsquo;INSCRIPTION<br \/><\/strong><\/h4>\n<p>La date limite d&rsquo;inscription en ligne est le mercredi pr\u00e9c\u00e9dant le jour de la course.<\/p>\n<p>La date limite pour l&rsquo;acquisition d&rsquo;une carte journali\u00e8re ACSI est le mercredi pr\u00e9c\u00e9dant le jour de la course.<\/p>\n<p>La date limite d&rsquo;inscription directe \u00e0 San Remo est le jour avant la course (Samedi).<\/p>\n<h4><strong>Art. 5 &#8211; FRAIS D&rsquo;INSCRIPTION<\/strong><\/h4>\n<p>Le co\u00fbt de l&rsquo;inscription s&rsquo;\u00e9l\u00e8ve \u00e0<\/p>\n<ul>\n<li>50 \u20ac pour une inscription jusqu&rsquo;au 31 janvier<\/li>\n<li>60 \u20ac pour une inscription jusqu&rsquo;au mercredi pr\u00e9c\u00e9dent la course<\/li>\n<li>70 \u20ac pour inscription directe \u00e0 San Remo<\/li>\n<\/ul>\n<p>Les m\u00e9thodes de paiement accept\u00e9es sont :<\/p>\n<ul>\n<li>carte de cr\u00e9dit Visa ou Mastercard<\/li>\n<\/ul>\n<h4><strong>Art. 6 &#8211; SERVICES INCLUS DANS LES FRAIS D&rsquo;INSCRIPTION<\/strong><\/h4>\n<p>Les frais d&rsquo;inscription incluent :<\/p>\n<ul>\n<li>num\u00e9ro d&rsquo;enregistrement,<\/li>\n<li>ravitaillements,<\/li>\n<li>cadeaux gratuits,<\/li>\n<li>r\u00e9cup\u00e9ration en cas d&rsquo;abandon,<\/li>\n<li>douche,<\/li>\n<li>\u00ab\u00a0pasta party\u00a0\u00bb<\/li>\n<\/ul>\n<p>The race pack described in the regulations is only guaranteed for the first 700 who register. The organization will do its best for those who register at the last minute, but they can&rsquo;t guarantee that products will be available.<\/p>\n<h4><strong>Art. 7 &#8211; LIMITE D&rsquo;\u00c2GE<\/strong><\/h4>\n<p>L&rsquo;\u00e9v\u00e9nement est ouvert aux cyclistes des deux sexes \u00e2g\u00e9s de 18 \u00e0 70 ans la veille de la course, et en r\u00e8gle avec la proc\u00e9dure d&rsquo;adh\u00e9sion pour l&rsquo;ann\u00e9e en cours.<\/p>\n<h4><strong>Art. 8 &#8211; R\u00c8GLEMENT<\/strong><\/h4>\n<p>En signant le formulaire d&rsquo;inscription, vous reconnaissez avoir lu et approuv\u00e9 le r\u00e8glement, \u00eatre en bonne condition physique, et \u00eatre en possession d&rsquo;une carte de membre et d&rsquo;un certificat m\u00e9dical d&rsquo;aptitude physique \u00e0 la course de comp\u00e9tition d\u00e9livr\u00e9 \u00e0 l&rsquo;issue d&rsquo;un examen m\u00e9dical sp\u00e9cifique aux activit\u00e9s sportives de comp\u00e9tition, ou \u00eatre en possession d&rsquo;un certificat d\u00e9livr\u00e9 par un m\u00e9decin de sports de comp\u00e9tition dans le cas o\u00f9 vous demanderiez une carte de membre journali\u00e8re.<\/p>\n<h4><strong>Art. 9 &#8211; ANNULATION DE L&rsquo;INSCRIPTION<\/strong><\/h4>\n<p>Les frais d&rsquo;inscription ne sont en aucun cas remboursables.<\/p>\n<p>&nbsp;<\/p>\n<\/div>\n<\/div>\n<\/div>\n<h4><strong>Art. 10 \u2013 GRILLE DE DEPART<\/strong><\/h4>\n<p>Les participants au Troph\u00e9e E-Bike doivent s\u2019\u00e9lancer de la partie de la grille de d\u00e9part qui leur est r\u00e9serv\u00e9e dans la file d\u2019attente des participants au Granfondo Sanremo-Sanremo. Les participants qui commenceront dans l\u2019une des grilles pr\u00e9c\u00e9dentes r\u00e9serv\u00e9es aux participants du Granfondo, seront disqualifi\u00e9s.<\/p>\n<h4><strong>Art. 11 &#8211; V\u00c9RIFICATIONS<\/strong><\/h4>\n<p>La v\u00e9rification de la licence et l&rsquo;attribution des num\u00e9ros et mat\u00e9riels d\u00e9crits ci-dessus se d\u00e9rouleront au<strong> Village de l&rsquo;Ev\u00e9nement \u00e0 San Remo<\/strong>, aux horaires suivants:<\/p>\n<ul>\n<li>Samedi 21 mars, de 10h00 \u00e0 12h30 et de 14h30 \u00e0 18h00<\/li>\n<li>Dimanche 22 mars, de 8h00 \u00e0 9h00<\/li>\n<\/ul>\n<p>La non-pr\u00e9sentation de la carte de membre n\u00e9cessaire au moment de l&rsquo;inscription, ou la non-pr\u00e9sentation du certificat m\u00e9dical de sports de comp\u00e9tition requis pour proc\u00e9der \u00e0 la demande d&rsquo;une carte journali\u00e8re, entra\u00eenera automatiquement\u00a0l&rsquo;exclusion de l&rsquo;\u00e9v\u00e9nement.<br \/>Toutes les personnes inscrites doivent se rendre au bureau de remise des dossards de course pour r\u00e9cup\u00e9rer leur num\u00e9ro de dossard et consulter la liste de d\u00e9part.<\/p>\n<h4><strong>Art. 12 &#8211; RENDEZ-VOUS<\/strong><\/h4>\n<p>Le rendez-vous est fix\u00e9 au dimanche<span style=\"color: #ff0000;\"><strong> 22 mars \u00e0 9h00, Lungomare Salvo d&rsquo;Acquisto, San Remo,<\/strong><\/span> o\u00f9 la v\u00e9rification \u00e9lectronique des participants sera effectu\u00e9e.<\/p>\n<h4><strong>Art. 13 &#8211; D\u00c9PART<\/strong><\/h4>\n<p><span style=\"color: #ff0000;\"><strong>Le d\u00e9part est fix\u00e9 \u00e0 10h00, Lungomare Salvo d&rsquo;Acquisto.<\/strong><\/span><\/p>\n<h4><strong>Art. 14 &#8211; CONTR\u00d4LE \u00c9LECTRONIQUE<\/strong><\/h4>\n<p>Un contr\u00f4le \u00e9lectronique sera effectu\u00e9 au d\u00e9part. Les participants non pr\u00e9sents lors de la v\u00e9rification de d\u00e9part seront automatiquement exclus du classement.<\/p>\n<p>Des points de contr\u00f4le \u00e9lectronique sont pr\u00e9vus dans les c\u00f4tes du parcours.<\/p>\n<h4><strong>Art. 15 \u2013\u00a0CHRONOM\u00c9TRAGE : REGLEMENT PUCE \u00ab WINNING TIME \u00bb:\u00a0<\/strong><\/h4>\n<p>Trattandosi di una manifestazione ciclosportiva amatoriale il cronometraggio \u00e8 facoltativo.<\/p>\n<p>Le service de chronom\u00e9trage sera assur\u00e9 par Winning Time. Chaque athl\u00e8te recevra sa propre Puce Jaune Personnelle Winning Time afin de pouvoir \u00eatre list\u00e9 dans le tableau des temps finaux et recevoir le certificat de participation. Ceux en possession de Puces Jaunes Personnelles Winning Time SONT DANS L\u2019OBLIGATION de les activer \u00e0 partir du 1er janvier sur le site Internet www.winningtime.it en suivant la proc\u00e9dure indiqu\u00e9e, ou lors de la course au STAND WINNING TIME.<\/p>\n<p>Les athl\u00e8tes n\u2019\u00e9tant pas encore en possession de puces peuvent directement les acheter pour un montant de 15,00 euros au STAND WINNING TIME, dans la zone de distribution des kits pour la course.<\/p>\n<p>Les athl\u00e8tes peuvent \u00e9galement louer une puce journali\u00e8re EXCLUSIVEMENT valide pour l\u2019\u00e9v\u00e9nement contre un paiement d\u2019une caution de 10,00 euros (avec un remboursement de 5,00 euros lorsque la puce est rendue). Les puces jaunes et celles qui sont lou\u00e9es doivent \u00eatre plac\u00e9es sur la roue avant ; un placement incorrect ne garantira pas une inclusion exacte dans le tableau des temps finaux.<\/p>\n<h4><strong>Art. 16 &#8211; CASQUE<\/strong><\/h4>\n<p>L&rsquo;utilisation d&rsquo;un casque rigide approuv\u00e9 est obligatoire et il doit \u00eatre port\u00e9 y-compris dans les c\u00f4tes : toute personne rep\u00e9r\u00e9e sans casque sera automatiquement exclue du classement final.<\/p>\n<h4><strong>Art. 17 &#8211; V\u00c9HICULES D&rsquo;ACCOMPAGNEMENT<\/strong><\/h4>\n<p>Les v\u00e9hicules d&rsquo;accompagnement des participants ne sont pas autoris\u00e9s. Toute infraction entra\u00eenera la disqualification du coureur.<\/p>\n<h4><strong>Art. 18 &#8211; CIRCULATION SUR LES ROUTES<\/strong><\/h4>\n<p>Toutes les routes du parcours de l&rsquo;\u00e9v\u00e9nement sont OUVERTES \u00e0 la circulation.\u00a0Le respect absolu du Code de la route est de rigueur.<\/p>\n<h4><strong>Art. 19 &#8211; VOITURE BALAI<\/strong><\/h4>\n<p><strong>Une camionnette de d\u00e9pannage est pr\u00e9vue pour les participants et les v\u00e9los qui quittent la course uniquement en raison d&rsquo;une d\u00e9faillance m\u00e9canique.<\/strong><\/p>\n<p><strong>L&rsquo;organisation ne peut en aucun cas \u00eatre sollicit\u00e9e si le participant a des difficult\u00e9s \u00e0 poursuivre le parcours en raison d&rsquo;une batterie d\u00e9charg\u00e9e de son v\u00e9lo \u00e9lectrique. Dans ce cas, le participant doit revenir \u00e0 ses propres frais.<\/strong><\/p>\n<h4><strong>Art. 20 &#8211; ARRIV\u00c9E<\/strong><\/h4>\n<p>L&rsquo;arriv\u00e9e est pr\u00e9vue \u00e0<strong> Poggio di San Remo dans 12:30-13:30<\/strong> ; les participants qui arriveront apr\u00e8s ce d\u00e9lai ne feront pas partie du classement.<\/p>\n<p>Les participants se rendront ensuite par leurs propres moyens \u00e0 la <strong>VILLA ORMOND Corso Cavallotti 113<\/strong> pour la <strong>douche, la pasta party et la remise des prix (15:30).<\/strong><\/p>\n<h4><strong>Art. 21 &#8211; ORDRE D&rsquo;ARRIV\u00c9E<\/strong><\/h4>\n<p>Apr\u00e8s avoir franchi la ligne d&rsquo;arriv\u00e9e, tous les participants doivent se rendre au point de contr\u00f4le afin de rendre leur puce.<\/p>\n<h4><strong>Art. 22 &#8211; R\u00c9SULTATS<\/strong><\/h4>\n<p>Etant donn\u00e9 que le Trophy E-Bike est un Granfondo amateur non comp\u00e9titive, il ne sont pas prevu de classment.<\/p>\n<h4><strong>Art. 23 &#8211; R\u00c9CLAMATIONS<\/strong><\/h4>\n<p>Les r\u00e9clamations doivent \u00eatre adress\u00e9es au jury de la course, conform\u00e9ment aux modalit\u00e9s des r\u00e8glements, et accompagn\u00e9es des frais indiqu\u00e9s par les r\u00e8glements. Les r\u00e9clamations ou plaintes collectives sign\u00e9s par plus d&rsquo;une personne ne seront pas autoris\u00e9s.<\/p>\n<h4><strong>Art. 24 &#8211; R\u00c9COMPENSES<\/strong><\/h4>\n<p>Ils n&rsquo;y seront pas de r\u00e9compenses pour le non competitive Granfondo amateur Trophy E-Bike.<\/p>\n<h4><strong>Art. 25 &#8211; DISQUALIFICATION<\/strong><\/h4>\n<p>Les participants seront disqualifi\u00e9s s&rsquo;il s&rsquo;av\u00e8re qu&rsquo;ils utilisent le num\u00e9ro d&rsquo;un autre concurrent, qu&rsquo;ils jettent des d\u00e9chets sur la route ou qu&rsquo;ils ne respectent pas le code la route.<\/p>\n<h4><strong>Art. 26 &#8211; ACCEPTATION DE LA R\u00c9GLEMENTATION<\/strong><\/h4>\n<p>En signant le formulaire de r\u00e9servation (m\u00eame en ligne), le concurrent certifie \u00eatre en possession d&rsquo;un certificat m\u00e9dical, conform\u00e9ment au D.M du 18\/02\/02, poss\u00e9der une carte de membre valide et une assurance au tiers, et accepter la r\u00e9glementation actuelle.<\/p>\n<h4><strong>Art. 26a &#8211; PRIVACY<\/strong><\/h4>\n<p>By signing the online registration form, the participant gives his consent, in compliance with current legislation, to the processing of his personal data for the purposes of the management of the registration and services connected to it such as the official photography service, the timing, the rankings, as well as the occasional communication of news related to the event, the area where it is being held, and other similar events. By purchasing the ACSI day membership card the participant gives his consent, in compliance with current legislation, to the processing of his \u00ab\u00a0particular and sensitive\u00a0\u00bb personal data, in particular in relation to the obligation to transmit his competitive sports medical certificate to the organization. Personal data will be processed according to the regulations in force by the organizing company, by ACSI, by the company that follows the registration office, by the company following the timing and ranking service, and by the official photographers of the event. By registering for the event the athlete expressly authorizes the organization, together with sponsors and media partners, to acquire the right to use still or moving images in which they may appear, in all media, including promotional material and\/or advertising, throughout the world and for the maximum time required by law, by the regulations and treaties in force, including any extension that may be made to the expected period.<\/p>\n<h4><strong>Art. 26 \u00a0ter &#8211; DROITS D&rsquo;IMAGE<\/strong><\/h4>\n<p>En s&rsquo;inscrivant \u00e0 la course, l&rsquo;athl\u00e8te autorise express\u00e9ment l&rsquo;Organisation, ainsi que les sponsors et partenaires m\u00e9dias, \u00e0 acqu\u00e9rir le droit d&rsquo;utiliser les images fixes ou anim\u00e9es sur lesquelles il peut appara\u00eetre, sur tous les supports, y compris les supports promotionnels et\/ou publicitaires, dans le monde entier et pour la dur\u00e9e maximale pr\u00e9vue par les lois, r\u00e8glements et trait\u00e9s en vigueur, y compris toute prolongation \u00e9ventuelle de la dur\u00e9e pr\u00e9vue.<\/p>\n<h4><strong>Art. 27 &#8211; MODIFICATIONS APPORT\u00c9ES \u00c0 LA R\u00c9GLEMENTATION<\/strong><\/h4>\n<p>L&rsquo;organisation se r\u00e9serve le droit d&rsquo;apporter des modifications \u00e0 la r\u00e9glementation. Le site Internet www.classicissima.it\u00a0\u00a0sera consid\u00e9r\u00e9 comme le site officiel de l&rsquo;\u00e9v\u00e9nement. Tous les communiqu\u00e9s officiels seront effectu\u00e9s par le biais de ce site.<\/p>\n<h4><strong>Art. 28 &#8211; RESPONSABILIT\u00c9<\/strong><\/h4>\n<p>La Soci\u00e9t\u00e9 organisatrice d\u00e9cline toute responsabilit\u00e9 relative \u00e0 d&rsquo;\u00e9ventuels accidents ou dommages pouvant affecter les participants ou des tiers, avant, pendant ou apr\u00e8s la tenue de l&rsquo;\u00e9v\u00e9nement, et se r\u00e9serve le droit d&rsquo;accepter les participants \u00e0 sa seule discr\u00e9tion.<\/p>\n<h4><strong>Art. 29 &#8211; CODE DE LA ROUTE<\/strong><\/h4>\n<p>Chaque participant est consid\u00e9r\u00e9 comme effectuant un d\u00e9placement personnel : il est obligatoire de respecter le code de la route et les r\u00e8gles de circulation. La route ne sera pas prot\u00e9g\u00e9e.<\/p>\n<h4><strong>Art. 32 \u2013 FORCE MAJEURE<\/strong><\/h4>\n<p>Si la course est annul\u00e9e pour cause de force majeure, comme une alerte \u00e9mise pour des raisons de mauvaises conditions m\u00e9t\u00e9orologiques \u2013 forte pluie, par exemple \u2013 les frais d\u2019inscription ne seront pas rembours\u00e9s.<\/p>\n<p>[\/et_pb_text][\/et_pb_column][\/et_pb_row][\/et_pb_section]<\/p>\n","protected":false},"excerpt":{"rendered":"<p>Fiche de synth\u00e8se Ev\u00e9nement : E-BIKE TROPHY La Classicissima SanremoType : GRANFONDO non comp\u00e9titiveDate : 22 mars 2026D\u00e9part : Lungomare Salvo D&rsquo;acquisto, San RemoArriv\u00e9e: Poggio de SanremoBase logistique : Village de l&rsquo;Ev\u00e9nement, Villa Ormond Corso Cavallotti 113 -San RemoOrganisation sportive: UC SanremoSecr\u00e9tariat inscriptions: Nyala Wonder Travel d.m.c.Egide: ACSI Ciclismo REGLEMENT E-BIKE TROPHY La Classicissima Sanremo [&hellip;]<\/p>\n","protected":false},"author":1,"featured_media":0,"parent":0,"menu_order":0,"comment_status":"closed","ping_status":"closed","template":"","meta":{"_et_pb_use_builder":"on","_et_pb_old_content":"","_et_gb_content_width":"","footnotes":""},"class_list":["post-10200","page","type-page","status-publish","hentry"],"yoast_head":"<!-- This site is optimized with the Yoast SEO plugin v26.5 - https:\/\/yoast.com\/wordpress\/plugins\/seo\/ -->\n<title>REGLEMENT E-Bike Trophy - GRANFONDO SANREMO SANREMO 2026<\/title>\n<meta name=\"description\" content=\"Inscriptions en ligne pour la course E-bike trophy le m\u00eame jour de la Granfondo Sanremo Sanremo La Classicissima\" \/>\n<meta name=\"robots\" content=\"index, follow, max-snippet:-1, max-image-preview:large, max-video-preview:-1\" \/>\n<link rel=\"canonical\" href=\"https:\/\/classicissima.it\/fr\/reglement-e-bike-trophy\/\" \/>\n<meta property=\"og:locale\" content=\"fr_FR\" \/>\n<meta property=\"og:type\" content=\"article\" \/>\n<meta property=\"og:title\" content=\"REGLEMENT E-Bike Trophy - GRANFONDO SANREMO SANREMO 2026\" \/>\n<meta property=\"og:description\" content=\"Inscriptions en ligne pour la course E-bike trophy le m\u00eame jour de la Granfondo Sanremo Sanremo La Classicissima\" \/>\n<meta property=\"og:url\" content=\"https:\/\/classicissima.it\/fr\/reglement-e-bike-trophy\/\" \/>\n<meta property=\"og:site_name\" content=\"GRANFONDO SANREMO SANREMO 2026\" \/>\n<meta property=\"article:modified_time\" content=\"2025-10-20T10:51:21+00:00\" \/>\n<meta name=\"twitter:card\" content=\"summary_large_image\" \/>\n<meta name=\"twitter:label1\" content=\"Dur\u00e9e de lecture estim\u00e9e\" \/>\n\t<meta name=\"twitter:data1\" content=\"12 minutes\" \/>\n<script type=\"application\/ld+json\" class=\"yoast-schema-graph\">{\"@context\":\"https:\/\/schema.org\",\"@graph\":[{\"@type\":\"WebPage\",\"@id\":\"https:\/\/classicissima.it\/fr\/reglement-e-bike-trophy\/\",\"url\":\"https:\/\/classicissima.it\/fr\/reglement-e-bike-trophy\/\",\"name\":\"REGLEMENT E-Bike Trophy - GRANFONDO SANREMO SANREMO 2026\",\"isPartOf\":{\"@id\":\"https:\/\/classicissima.it\/#website\"},\"datePublished\":\"2018-11-02T19:00:51+00:00\",\"dateModified\":\"2025-10-20T10:51:21+00:00\",\"description\":\"Inscriptions en ligne pour la course E-bike trophy le m\u00eame jour de la Granfondo Sanremo Sanremo La Classicissima\",\"breadcrumb\":{\"@id\":\"https:\/\/classicissima.it\/fr\/reglement-e-bike-trophy\/#breadcrumb\"},\"inLanguage\":\"fr-FR\",\"potentialAction\":[{\"@type\":\"ReadAction\",\"target\":[\"https:\/\/classicissima.it\/fr\/reglement-e-bike-trophy\/\"]}]},{\"@type\":\"BreadcrumbList\",\"@id\":\"https:\/\/classicissima.it\/fr\/reglement-e-bike-trophy\/#breadcrumb\",\"itemListElement\":[{\"@type\":\"ListItem\",\"position\":1,\"name\":\"Home\",\"item\":\"https:\/\/classicissima.it\/fr\/\"},{\"@type\":\"ListItem\",\"position\":2,\"name\":\"REGLEMENT E-Bike Trophy\"}]},{\"@type\":\"WebSite\",\"@id\":\"https:\/\/classicissima.it\/#website\",\"url\":\"https:\/\/classicissima.it\/\",\"name\":\"GRANFONDO SANREMO SANREMO 2026\",\"description\":\"La Classicissima 22.03.2026\",\"potentialAction\":[{\"@type\":\"SearchAction\",\"target\":{\"@type\":\"EntryPoint\",\"urlTemplate\":\"https:\/\/classicissima.it\/?s={search_term_string}\"},\"query-input\":{\"@type\":\"PropertyValueSpecification\",\"valueRequired\":true,\"valueName\":\"search_term_string\"}}],\"inLanguage\":\"fr-FR\"}]}<\/script>\n<!-- \/ Yoast SEO plugin. -->","yoast_head_json":{"title":"REGLEMENT E-Bike Trophy - GRANFONDO SANREMO SANREMO 2026","description":"Inscriptions en ligne pour la course E-bike trophy le m\u00eame jour de la Granfondo Sanremo Sanremo La Classicissima","robots":{"index":"index","follow":"follow","max-snippet":"max-snippet:-1","max-image-preview":"max-image-preview:large","max-video-preview":"max-video-preview:-1"},"canonical":"https:\/\/classicissima.it\/fr\/reglement-e-bike-trophy\/","og_locale":"fr_FR","og_type":"article","og_title":"REGLEMENT E-Bike Trophy - GRANFONDO SANREMO SANREMO 2026","og_description":"Inscriptions en ligne pour la course E-bike trophy le m\u00eame jour de la Granfondo Sanremo Sanremo La Classicissima","og_url":"https:\/\/classicissima.it\/fr\/reglement-e-bike-trophy\/","og_site_name":"GRANFONDO SANREMO SANREMO 2026","article_modified_time":"2025-10-20T10:51:21+00:00","twitter_card":"summary_large_image","twitter_misc":{"Dur\u00e9e de lecture estim\u00e9e":"12 minutes"},"schema":{"@context":"https:\/\/schema.org","@graph":[{"@type":"WebPage","@id":"https:\/\/classicissima.it\/fr\/reglement-e-bike-trophy\/","url":"https:\/\/classicissima.it\/fr\/reglement-e-bike-trophy\/","name":"REGLEMENT E-Bike Trophy - GRANFONDO SANREMO SANREMO 2026","isPartOf":{"@id":"https:\/\/classicissima.it\/#website"},"datePublished":"2018-11-02T19:00:51+00:00","dateModified":"2025-10-20T10:51:21+00:00","description":"Inscriptions en ligne pour la course E-bike trophy le m\u00eame jour de la Granfondo Sanremo Sanremo La Classicissima","breadcrumb":{"@id":"https:\/\/classicissima.it\/fr\/reglement-e-bike-trophy\/#breadcrumb"},"inLanguage":"fr-FR","potentialAction":[{"@type":"ReadAction","target":["https:\/\/classicissima.it\/fr\/reglement-e-bike-trophy\/"]}]},{"@type":"BreadcrumbList","@id":"https:\/\/classicissima.it\/fr\/reglement-e-bike-trophy\/#breadcrumb","itemListElement":[{"@type":"ListItem","position":1,"name":"Home","item":"https:\/\/classicissima.it\/fr\/"},{"@type":"ListItem","position":2,"name":"REGLEMENT E-Bike Trophy"}]},{"@type":"WebSite","@id":"https:\/\/classicissima.it\/#website","url":"https:\/\/classicissima.it\/","name":"GRANFONDO SANREMO SANREMO 2026","description":"La Classicissima 22.03.2026","potentialAction":[{"@type":"SearchAction","target":{"@type":"EntryPoint","urlTemplate":"https:\/\/classicissima.it\/?s={search_term_string}"},"query-input":{"@type":"PropertyValueSpecification","valueRequired":true,"valueName":"search_term_string"}}],"inLanguage":"fr-FR"}]}},"_links":{"self":[{"href":"https:\/\/classicissima.it\/fr\/wp-json\/wp\/v2\/pages\/10200","targetHints":{"allow":["GET"]}}],"collection":[{"href":"https:\/\/classicissima.it\/fr\/wp-json\/wp\/v2\/pages"}],"about":[{"href":"https:\/\/classicissima.it\/fr\/wp-json\/wp\/v2\/types\/page"}],"author":[{"embeddable":true,"href":"https:\/\/classicissima.it\/fr\/wp-json\/wp\/v2\/users\/1"}],"replies":[{"embeddable":true,"href":"https:\/\/classicissima.it\/fr\/wp-json\/wp\/v2\/comments?post=10200"}],"version-history":[{"count":22,"href":"https:\/\/classicissima.it\/fr\/wp-json\/wp\/v2\/pages\/10200\/revisions"}],"predecessor-version":[{"id":13702,"href":"https:\/\/classicissima.it\/fr\/wp-json\/wp\/v2\/pages\/10200\/revisions\/13702"}],"wp:attachment":[{"href":"https:\/\/classicissima.it\/fr\/wp-json\/wp\/v2\/media?parent=10200"}],"curies":[{"name":"wp","href":"https:\/\/api.w.org\/{rel}","templated":true}]}}