{"id":1574,"date":"2013-06-15T12:52:47","date_gmt":"2013-06-15T12:52:47","guid":{"rendered":"http:\/\/milano-sanremo.org\/?page_id=1574"},"modified":"2023-06-28T09:52:42","modified_gmt":"2023-06-28T09:52:42","slug":"jeux-de-cartes","status":"publish","type":"page","link":"https:\/\/classicissima.it\/fr\/inscriptions\/jeux-de-cartes\/","title":{"rendered":"LICENCE SPORTIVE"},"content":{"rendered":"<h4>La possession d&rsquo;une carte ou licence valide d\u00e9livr\u00e9e par la F\u00e9d\u00e9ration de Cyclisme de votre pays est obligatoire.<\/h4>\n<h4>La Granfondo Sanremo Sanremo est ouverte \u00e0:<\/h4>\n<ul>\n<li>tous les cyclistes \u00e9trangers poss\u00e9dant une licence de la F\u00e9d\u00e9ration de Cyclisme de leurs pays respectifs, reconnue par l\u2019UCI.<\/li>\n<li>tous les cyclistes sans licence, peuvent acheter une <a href=\"https:\/\/classicissima.it\/fr\/inscriptions\/carte-journaliere\/\">licence journali\u00e8re<\/a> et envoyer une copie du certificat m\u00e9dical agonistique.<\/li>\n<\/ul>\n<p>En bas vous pourrez trouver la liste compl\u00e8te des licences reconnues.<\/p>\n<h3>EN DEHORS DE L\u2019ITALIE<\/h3>\n<table border=\"0\" cellspacing=\"0\">\n<colgroup width=\"319\"><\/colgroup>\n<colgroup width=\"209\"><\/colgroup>\n<tbody>\n<tr style=\"background-color: #237ec6; color: #fff;\">\n<td style=\"width: 316px;\" align=\"left\" height=\"17\">F\u00e9d\u00e9ration<\/td>\n<td style=\"width: 212px;\" align=\"left\">Reconnue<\/td>\n<\/tr>\n<tr>\n<td style=\"width: 316px;\" align=\"left\" height=\"17\">ALBANIA UCI Cycling Federation<\/td>\n<td style=\"width: 212px;\" align=\"left\">OUI<\/td>\n<\/tr>\n<tr>\n<td style=\"width: 316px;\" align=\"left\" height=\"17\">ANDORRA UCI Cycling Federation<\/td>\n<td style=\"width: 212px;\" align=\"left\">OUI<\/td>\n<\/tr>\n<tr>\n<td style=\"width: 316px;\" align=\"left\" height=\"17\">ARMENIA UCI Cycling Federation<\/td>\n<td style=\"width: 212px;\" align=\"left\">OUI<\/td>\n<\/tr>\n<tr>\n<td style=\"width: 316px;\" align=\"left\" height=\"17\">AUSTRIA UCI Cycling Federation<\/td>\n<td style=\"width: 212px;\" align=\"left\">OUI<\/td>\n<\/tr>\n<tr>\n<td style=\"width: 316px;\" align=\"left\" height=\"17\">AZERBAIJAN UCI Cycling Federation<\/td>\n<td style=\"width: 212px;\" align=\"left\">OUI<\/td>\n<\/tr>\n<tr>\n<td style=\"width: 316px;\" align=\"left\" height=\"17\">BELGIUM UCI Royal Cycling League<\/td>\n<td style=\"width: 212px;\" align=\"left\">OUI<\/td>\n<\/tr>\n<tr>\n<td style=\"width: 316px;\" align=\"left\" height=\"17\"><strong>BELGIUM VWB Vlaamse Wielrijdersbond<\/strong><\/td>\n<td style=\"width: 212px;\" align=\"left\"><strong>NB : Cette licence n&rsquo;est pas reconnue par l&rsquo;UCI. Une licence journali\u00e8re est donc obligatoire.<\/strong><\/td>\n<\/tr>\n<tr>\n<td style=\"width: 316px;\" align=\"left\" height=\"17\">BOSNIA UCI Cycling Federation<\/td>\n<td style=\"width: 212px;\" align=\"left\">OUI<\/td>\n<\/tr>\n<tr>\n<td style=\"width: 316px;\" align=\"left\" height=\"17\">BELARUS UCI Federation of Cycling Sport<\/td>\n<td style=\"width: 212px;\" align=\"left\">OUI<\/td>\n<\/tr>\n<tr>\n<td style=\"width: 316px;\" align=\"left\" height=\"17\">BULGARIA UCI Cycling Union<\/td>\n<td style=\"width: 212px;\" align=\"left\">OUI<\/td>\n<\/tr>\n<tr>\n<td style=\"width: 316px;\" align=\"left\" height=\"17\">CROATIA UCI Cycling Federation<\/td>\n<td style=\"width: 212px;\" align=\"left\">OUI<\/td>\n<\/tr>\n<tr>\n<td style=\"width: 316px;\" align=\"left\" height=\"17\">CYPRUS UCI Cycling Federation<\/td>\n<td style=\"width: 212px;\" align=\"left\">OUI<\/td>\n<\/tr>\n<tr>\n<td style=\"width: 316px;\" align=\"left\" height=\"17\">CZECH REP UCI Cycling Federation<\/td>\n<td style=\"width: 212px;\" align=\"left\">OUI<\/td>\n<\/tr>\n<tr>\n<td style=\"width: 316px;\" align=\"left\" height=\"17\">DENMARK UCI Cycling Federation<\/td>\n<td style=\"width: 212px;\" align=\"left\">OUI<\/td>\n<\/tr>\n<tr>\n<td style=\"width: 316px;\" align=\"left\" height=\"17\">ESTONIA UCI Cyclists<\/td>\n<td style=\"width: 212px;\" align=\"left\">OUI<\/td>\n<\/tr>\n<tr>\n<td style=\"width: 316px;\" align=\"left\" height=\"17\">FINLAND UCI Cycling Union<\/td>\n<td style=\"width: 212px;\" align=\"left\">OUI<\/td>\n<\/tr>\n<tr>\n<td style=\"width: 316px;\" align=\"left\" height=\"17\">FRANCE UCI Cycling Federation<\/td>\n<td style=\"width: 212px;\" align=\"left\">OUI<\/td>\n<\/tr>\n<tr>\n<td style=\"width: 316px;\" align=\"left\" height=\"17\"><strong>FRANCE UFOLEP<\/strong><\/td>\n<td style=\"width: 212px;\" align=\"left\"><strong>NB : Cette licence n&rsquo;est pas reconnue par l&rsquo;UCI. Une licence journali\u00e8re est donc obligatoire.<\/strong><\/td>\n<\/tr>\n<tr>\n<td style=\"width: 316px;\" align=\"left\" height=\"17\">GEORGIA UCI Cycling Federation<\/td>\n<td style=\"width: 212px;\" align=\"left\">OUI<\/td>\n<\/tr>\n<tr>\n<td style=\"width: 316px;\" align=\"left\" height=\"17\">GERMANY UCI Cycling Federation<\/td>\n<td style=\"width: 212px;\" align=\"left\">OUI<\/td>\n<\/tr>\n<tr>\n<td style=\"width: 316px;\" align=\"left\" height=\"17\">GREECE UCI Cycling Federation<\/td>\n<td style=\"width: 212px;\" align=\"left\">OUI<\/td>\n<\/tr>\n<tr>\n<td style=\"width: 316px;\" align=\"left\" height=\"17\">HUNGARY UCI Cycling Federation<\/td>\n<td style=\"width: 212px;\" align=\"left\">OUI <strong><br \/>\n<\/strong><\/td>\n<\/tr>\n<tr>\n<td style=\"width: 316px;\" align=\"left\" height=\"17\">IRELAND UCI Cycling Ireland<\/td>\n<td style=\"width: 212px;\" align=\"left\">OUI<strong><br \/>\n<\/strong><\/td>\n<\/tr>\n<tr>\n<td style=\"width: 316px;\" align=\"left\" height=\"17\">ISRAEL UCI Cycling Federation<\/td>\n<td style=\"width: 212px;\" align=\"left\">OUI<\/td>\n<\/tr>\n<tr>\n<td style=\"width: 316px;\" align=\"left\" height=\"17\">LATVIA UCI Cycling Federation<\/td>\n<td style=\"width: 212px;\" align=\"left\">OUI<\/td>\n<\/tr>\n<tr>\n<td style=\"width: 316px;\" align=\"left\" height=\"17\">LIECHTENSTEIN UCI Cycling Federation<\/td>\n<td style=\"width: 212px;\" align=\"left\">OUI<\/td>\n<\/tr>\n<tr>\n<td style=\"width: 316px;\" align=\"left\" height=\"17\">LITHUANIA UCI Cycling Federation<\/td>\n<td style=\"width: 212px;\" align=\"left\">OUI<\/td>\n<\/tr>\n<tr>\n<td style=\"width: 316px;\" align=\"left\" height=\"17\">LUXEMBOURG UCI Cycling Federation<\/td>\n<td style=\"width: 212px;\" align=\"left\">OUI<\/td>\n<\/tr>\n<tr>\n<td style=\"width: 316px;\" align=\"left\" height=\"17\">MOLDAVIA UCI Cycling Federation<\/td>\n<td style=\"width: 212px;\" align=\"left\">OUI<\/td>\n<\/tr>\n<tr>\n<td style=\"width: 316px;\" align=\"left\" height=\"17\">MACEDONIA UCI Cycling Federation<\/td>\n<td style=\"width: 212px;\" align=\"left\">OUI<\/td>\n<\/tr>\n<tr>\n<td style=\"width: 316px;\" align=\"left\" height=\"17\">MALTA UCI Cycling Federation<\/td>\n<td style=\"width: 212px;\" align=\"left\">OUI<\/td>\n<\/tr>\n<tr>\n<td style=\"width: 316px;\" align=\"left\" height=\"17\">MONTENEGRO UCI Cycling Association<\/td>\n<td style=\"width: 212px;\" align=\"left\">OUI<\/td>\n<\/tr>\n<tr>\n<td style=\"width: 316px;\" align=\"left\" height=\"17\">MONACO UCI Cycling Federation<\/td>\n<td style=\"width: 212px;\" align=\"left\">OUI<\/td>\n<\/tr>\n<tr>\n<td style=\"width: 316px;\" align=\"left\" height=\"17\">NEDERLAND UCI Royal Cycling Union<\/td>\n<td style=\"width: 212px;\" align=\"left\">OUI<\/td>\n<\/tr>\n<tr>\n<td style=\"width: 316px;\" align=\"left\" height=\"17\"><strong>NEDERLAND NTFU<\/strong><\/td>\n<td style=\"width: 212px;\" align=\"left\"><strong>NB : Cette licence n&rsquo;est pas reconnue par l&rsquo;UCI. Une licence journali\u00e8re est donc obligatoire<\/strong><\/td>\n<\/tr>\n<tr>\n<td style=\"width: 316px;\" align=\"left\" height=\"17\">NORWAY UCI Cycling Federation<\/td>\n<td style=\"width: 212px;\" align=\"left\">OUI<\/td>\n<\/tr>\n<tr>\n<td style=\"width: 316px;\" align=\"left\" height=\"17\">POLAND UCI Cycling Federation<\/td>\n<td style=\"width: 212px;\" align=\"left\">OUI<\/td>\n<\/tr>\n<tr>\n<td style=\"width: 316px;\" align=\"left\" height=\"17\">PORTUGAL UCI Cycling Federation<\/td>\n<td style=\"width: 212px;\" align=\"left\">OUI<\/td>\n<\/tr>\n<tr>\n<td style=\"width: 316px;\" align=\"left\" height=\"17\">ROMANIA UCI Cycling Federation<\/td>\n<td style=\"width: 212px;\" align=\"left\">OUI<\/td>\n<\/tr>\n<tr>\n<td style=\"width: 316px;\" align=\"left\" height=\"17\">RUSSIA UCI Cycling Federation<\/td>\n<td style=\"width: 212px;\" align=\"left\">OUI<\/td>\n<\/tr>\n<tr>\n<td style=\"width: 316px;\" align=\"left\" height=\"17\">SAN MARINO UCI Cycling Federation<\/td>\n<td style=\"width: 212px;\" align=\"left\">OUI<\/td>\n<\/tr>\n<tr>\n<td style=\"width: 316px;\" align=\"left\" height=\"17\">SERBIA UCI Cycling Federation of Serbia<\/td>\n<td style=\"width: 212px;\" align=\"left\">OUI<\/td>\n<\/tr>\n<tr>\n<td style=\"width: 316px;\" align=\"left\" height=\"17\">SLOVENIA UCI Cycling Federation<\/td>\n<td style=\"width: 212px;\" align=\"left\">OUI<\/td>\n<\/tr>\n<tr>\n<td style=\"width: 316px;\" align=\"left\" height=\"17\">SWITZERLAND UCI Swiss Cycling<\/td>\n<td style=\"width: 212px;\" align=\"left\">OUI<\/td>\n<\/tr>\n<tr>\n<td style=\"width: 316px;\" align=\"left\" height=\"17\">SLOVAKIA UCI Cycling Federation<\/td>\n<td style=\"width: 212px;\" align=\"left\">OUI<\/td>\n<\/tr>\n<tr>\n<td style=\"width: 316px;\" align=\"left\" height=\"17\">SPAIN UCI Cycling Federation<\/td>\n<td style=\"width: 212px;\" align=\"left\">OUI<\/td>\n<\/tr>\n<tr>\n<td style=\"width: 316px;\" align=\"left\" height=\"17\">SWEDEN UCI Cycling Federation<\/td>\n<td style=\"width: 212px;\" align=\"left\">OUI<\/td>\n<\/tr>\n<tr>\n<td style=\"width: 316px;\" align=\"left\" height=\"17\">TURKEY UCI Cycling Federation<\/td>\n<td style=\"width: 212px;\" align=\"left\">OUI<\/td>\n<\/tr>\n<tr>\n<td style=\"width: 316px;\" align=\"left\" height=\"17\">UNITED KINGDOM UCI British Cycling<\/td>\n<td style=\"width: 212px;\" align=\"left\">OUI<\/td>\n<\/tr>\n<tr>\n<td style=\"width: 316px;\" align=\"left\" height=\"17\">UKRAINE UCI Cycling Federation<\/td>\n<td style=\"width: 212px;\" align=\"left\">OUI<\/td>\n<\/tr>\n<tr>\n<td style=\"width: 316px;\" align=\"left\" height=\"17\"><strong>International UCI Non-European Cycling Federation<\/strong><\/td>\n<td style=\"width: 212px;\" align=\"left\"><strong>OUI <\/strong><\/td>\n<\/tr>\n<tr>\n<td style=\"width: 316px;\" align=\"left\" height=\"17\"><strong>International ITU Triathlon<\/strong><\/td>\n<td style=\"width: 212px;\" align=\"left\"><strong>NB : Cette licence n&rsquo;est pas reconnue par l&rsquo;UCI. Une licence journali\u00e8re est donc obligatoire<\/strong><\/td>\n<\/tr>\n<tr>\n<td style=\"width: 316px;\" align=\"left\" height=\"17\"><strong>International Ironman Triathlon<\/strong><\/td>\n<td style=\"width: 212px;\" align=\"left\"><strong>NB : Cette licence n&rsquo;est pas reconnue par l&rsquo;UCI. Une licence journali\u00e8re est donc obligatoire<\/strong><\/td>\n<\/tr>\n<\/tbody>\n<\/table>\n","protected":false},"excerpt":{"rendered":"<p>La possession d&rsquo;une carte ou licence valide d\u00e9livr\u00e9e par la F\u00e9d\u00e9ration de Cyclisme de votre pays est obligatoire. La Granfondo Sanremo Sanremo est ouverte \u00e0: tous les cyclistes \u00e9trangers poss\u00e9dant une licence de la F\u00e9d\u00e9ration de Cyclisme de leurs pays respectifs, reconnue par l\u2019UCI. tous les cyclistes sans licence, peuvent acheter une licence journali\u00e8re et [&hellip;]<\/p>\n","protected":false},"author":1,"featured_media":0,"parent":3624,"menu_order":0,"comment_status":"closed","ping_status":"closed","template":"","meta":{"_et_pb_use_builder":"","_et_pb_old_content":"","_et_gb_content_width":"","footnotes":""},"class_list":["post-1574","page","type-page","status-publish","hentry"],"yoast_head":"<!-- This site is optimized with the Yoast SEO plugin v26.5 - https:\/\/yoast.com\/wordpress\/plugins\/seo\/ -->\n<title>LICENCE SPORTIVE - GRANFONDO SANREMO SANREMO 2026<\/title>\n<meta name=\"description\" content=\"Il est obligatoire de posseder une licence sportive pour participer \u00e0 la Granfondo Sanremo - Sanremo &quot;la Classicissima&quot;.\" \/>\n<meta name=\"robots\" content=\"index, follow, max-snippet:-1, max-image-preview:large, max-video-preview:-1\" \/>\n<link rel=\"canonical\" href=\"https:\/\/classicissima.it\/fr\/inscriptions\/jeux-de-cartes\/\" \/>\n<meta property=\"og:locale\" content=\"fr_FR\" \/>\n<meta property=\"og:type\" content=\"article\" \/>\n<meta property=\"og:title\" content=\"LICENCE SPORTIVE - GRANFONDO SANREMO SANREMO 2026\" \/>\n<meta property=\"og:description\" content=\"Il est obligatoire de posseder une licence sportive pour participer \u00e0 la Granfondo Sanremo - Sanremo &quot;la Classicissima&quot;.\" \/>\n<meta property=\"og:url\" content=\"https:\/\/classicissima.it\/fr\/inscriptions\/jeux-de-cartes\/\" \/>\n<meta property=\"og:site_name\" content=\"GRANFONDO SANREMO SANREMO 2026\" \/>\n<meta property=\"article:modified_time\" content=\"2023-06-28T09:52:42+00:00\" \/>\n<meta name=\"twitter:card\" content=\"summary_large_image\" \/>\n<meta name=\"twitter:label1\" content=\"Dur\u00e9e de lecture estim\u00e9e\" \/>\n\t<meta name=\"twitter:data1\" content=\"3 minutes\" \/>\n<script type=\"application\/ld+json\" class=\"yoast-schema-graph\">{\"@context\":\"https:\/\/schema.org\",\"@graph\":[{\"@type\":\"WebPage\",\"@id\":\"https:\/\/classicissima.it\/fr\/inscriptions\/jeux-de-cartes\/\",\"url\":\"https:\/\/classicissima.it\/fr\/inscriptions\/jeux-de-cartes\/\",\"name\":\"LICENCE SPORTIVE - GRANFONDO SANREMO SANREMO 2026\",\"isPartOf\":{\"@id\":\"https:\/\/classicissima.it\/#website\"},\"datePublished\":\"2013-06-15T12:52:47+00:00\",\"dateModified\":\"2023-06-28T09:52:42+00:00\",\"description\":\"Il est obligatoire de posseder une licence sportive pour participer \u00e0 la Granfondo Sanremo - Sanremo \\\"la Classicissima\\\".\",\"breadcrumb\":{\"@id\":\"https:\/\/classicissima.it\/fr\/inscriptions\/jeux-de-cartes\/#breadcrumb\"},\"inLanguage\":\"fr-FR\",\"potentialAction\":[{\"@type\":\"ReadAction\",\"target\":[\"https:\/\/classicissima.it\/fr\/inscriptions\/jeux-de-cartes\/\"]}]},{\"@type\":\"BreadcrumbList\",\"@id\":\"https:\/\/classicissima.it\/fr\/inscriptions\/jeux-de-cartes\/#breadcrumb\",\"itemListElement\":[{\"@type\":\"ListItem\",\"position\":1,\"name\":\"Home\",\"item\":\"https:\/\/classicissima.it\/fr\/\"},{\"@type\":\"ListItem\",\"position\":2,\"name\":\"INSCRIVEZ-VOUS\",\"item\":\"https:\/\/classicissima.it\/fr\/inscriptions\/\"},{\"@type\":\"ListItem\",\"position\":3,\"name\":\"LICENCE SPORTIVE\"}]},{\"@type\":\"WebSite\",\"@id\":\"https:\/\/classicissima.it\/#website\",\"url\":\"https:\/\/classicissima.it\/\",\"name\":\"GRANFONDO SANREMO SANREMO 2026\",\"description\":\"La Classicissima 22.03.2026\",\"potentialAction\":[{\"@type\":\"SearchAction\",\"target\":{\"@type\":\"EntryPoint\",\"urlTemplate\":\"https:\/\/classicissima.it\/?s={search_term_string}\"},\"query-input\":{\"@type\":\"PropertyValueSpecification\",\"valueRequired\":true,\"valueName\":\"search_term_string\"}}],\"inLanguage\":\"fr-FR\"}]}<\/script>\n<!-- \/ Yoast SEO plugin. -->","yoast_head_json":{"title":"LICENCE SPORTIVE - GRANFONDO SANREMO SANREMO 2026","description":"Il est obligatoire de posseder une licence sportive pour participer \u00e0 la Granfondo Sanremo - Sanremo \"la Classicissima\".","robots":{"index":"index","follow":"follow","max-snippet":"max-snippet:-1","max-image-preview":"max-image-preview:large","max-video-preview":"max-video-preview:-1"},"canonical":"https:\/\/classicissima.it\/fr\/inscriptions\/jeux-de-cartes\/","og_locale":"fr_FR","og_type":"article","og_title":"LICENCE SPORTIVE - GRANFONDO SANREMO SANREMO 2026","og_description":"Il est obligatoire de posseder une licence sportive pour participer \u00e0 la Granfondo Sanremo - Sanremo \"la Classicissima\".","og_url":"https:\/\/classicissima.it\/fr\/inscriptions\/jeux-de-cartes\/","og_site_name":"GRANFONDO SANREMO SANREMO 2026","article_modified_time":"2023-06-28T09:52:42+00:00","twitter_card":"summary_large_image","twitter_misc":{"Dur\u00e9e de lecture estim\u00e9e":"3 minutes"},"schema":{"@context":"https:\/\/schema.org","@graph":[{"@type":"WebPage","@id":"https:\/\/classicissima.it\/fr\/inscriptions\/jeux-de-cartes\/","url":"https:\/\/classicissima.it\/fr\/inscriptions\/jeux-de-cartes\/","name":"LICENCE SPORTIVE - GRANFONDO SANREMO SANREMO 2026","isPartOf":{"@id":"https:\/\/classicissima.it\/#website"},"datePublished":"2013-06-15T12:52:47+00:00","dateModified":"2023-06-28T09:52:42+00:00","description":"Il est obligatoire de posseder une licence sportive pour participer \u00e0 la Granfondo Sanremo - Sanremo \"la Classicissima\".","breadcrumb":{"@id":"https:\/\/classicissima.it\/fr\/inscriptions\/jeux-de-cartes\/#breadcrumb"},"inLanguage":"fr-FR","potentialAction":[{"@type":"ReadAction","target":["https:\/\/classicissima.it\/fr\/inscriptions\/jeux-de-cartes\/"]}]},{"@type":"BreadcrumbList","@id":"https:\/\/classicissima.it\/fr\/inscriptions\/jeux-de-cartes\/#breadcrumb","itemListElement":[{"@type":"ListItem","position":1,"name":"Home","item":"https:\/\/classicissima.it\/fr\/"},{"@type":"ListItem","position":2,"name":"INSCRIVEZ-VOUS","item":"https:\/\/classicissima.it\/fr\/inscriptions\/"},{"@type":"ListItem","position":3,"name":"LICENCE SPORTIVE"}]},{"@type":"WebSite","@id":"https:\/\/classicissima.it\/#website","url":"https:\/\/classicissima.it\/","name":"GRANFONDO SANREMO SANREMO 2026","description":"La Classicissima 22.03.2026","potentialAction":[{"@type":"SearchAction","target":{"@type":"EntryPoint","urlTemplate":"https:\/\/classicissima.it\/?s={search_term_string}"},"query-input":{"@type":"PropertyValueSpecification","valueRequired":true,"valueName":"search_term_string"}}],"inLanguage":"fr-FR"}]}},"_links":{"self":[{"href":"https:\/\/classicissima.it\/fr\/wp-json\/wp\/v2\/pages\/1574","targetHints":{"allow":["GET"]}}],"collection":[{"href":"https:\/\/classicissima.it\/fr\/wp-json\/wp\/v2\/pages"}],"about":[{"href":"https:\/\/classicissima.it\/fr\/wp-json\/wp\/v2\/types\/page"}],"author":[{"embeddable":true,"href":"https:\/\/classicissima.it\/fr\/wp-json\/wp\/v2\/users\/1"}],"replies":[{"embeddable":true,"href":"https:\/\/classicissima.it\/fr\/wp-json\/wp\/v2\/comments?post=1574"}],"version-history":[{"count":12,"href":"https:\/\/classicissima.it\/fr\/wp-json\/wp\/v2\/pages\/1574\/revisions"}],"predecessor-version":[{"id":9549,"href":"https:\/\/classicissima.it\/fr\/wp-json\/wp\/v2\/pages\/1574\/revisions\/9549"}],"up":[{"embeddable":true,"href":"https:\/\/classicissima.it\/fr\/wp-json\/wp\/v2\/pages\/3624"}],"wp:attachment":[{"href":"https:\/\/classicissima.it\/fr\/wp-json\/wp\/v2\/media?parent=1574"}],"curies":[{"name":"wp","href":"https:\/\/api.w.org\/{rel}","templated":true}]}}