{"id":1588,"date":"2013-06-15T13:21:50","date_gmt":"2013-06-15T13:21:50","guid":{"rendered":"http:\/\/milano-sanremo.org\/?page_id=1588"},"modified":"2025-10-20T09:56:39","modified_gmt":"2025-10-20T09:56:39","slug":"carte-journaliere","status":"publish","type":"page","link":"https:\/\/classicissima.it\/fr\/inscriptions\/carte-journaliere\/","title":{"rendered":"LICENCE JOURNALI\u00c8RE"},"content":{"rendered":"<h3>Pour participer au marathon de cyclisme San Remo-San Remo \u00ab\u00a0la Classicissima\u00a0\u00bb, l&rsquo;adh\u00e9sion \u00e0 une f\u00e9d\u00e9ration de cyclisme affili\u00e9e \u00e0 l&rsquo;UCI est obligatoire. Ou alors vous pouvez commander une licence journali\u00e8re de la ACSI.<\/h3>\n<h4><strong><span style=\"color: #ff0000;\">Les cyclistes \u00e9trangers qui ne poss\u00e8dent pas de carte ou licence d\u00e9livr\u00e9e par les organismes reconnue par l&rsquo;UCI, peuvent acheter une licence ACSI journali\u00e8re d\u00e9livr\u00e9e lors de l&rsquo;inscription sur notre site Internet.<\/span><\/strong><\/h4>\n<h4><strong> Licence journali\u00e8re de la ACSI (Association Centres Sportives Italiens) <\/strong><\/h4>\n<h4><span style=\"color: #ff0000;\">Les licences journali\u00e8res doivent \u00eatre command\u00e9es lors de l&rsquo;inscription.<\/span><\/h4>\n<table style=\"width: 36.8665%;\" border=\"1\">\n<tbody>\n<tr style=\"background-color: #0a7ac9;\">\n<td><\/td>\n<td><span style=\"color: #ffffff;\">tarif<\/span><\/td>\n<td><span style=\"color: #ffffff;\">valable jusqu\u2019au<\/span><\/td>\n<td><span style=\"color: #ffffff;\">mode de paiement<\/span><\/td>\n<\/tr>\n<tr>\n<td>Achat lors de l&rsquo;inscription<\/td>\n<td>\u20ac 20,00<\/td>\n<td>19 mars<\/td>\n<td>carte de cr\u00e9dit Visa\/Mastercard<\/td>\n<\/tr>\n<\/tbody>\n<\/table>\n<h4><strong><span style=\"color: #ff0000;\"> Date limite d&rsquo;inscription avec une licence journali\u00e8re : 19 Mars. <\/span><\/strong><\/h4>\n<p>Dans le cas o\u00f9 le documents indiqu\u00e9s lors de l&rsquo;inscription en ligne ne sont pas valides, il ne sera pas possible d&rsquo;acheter une licence journali\u00e8re apr\u00e8s la date limite.<\/p>\n<h3>DOCUMENTS NECESSAIRES POUR LE RE\u00c7U DE LA LICENCE JOURNALIERE<\/h3>\n<h3>HORS DE L&rsquo;ITALIE<\/h3>\n<h4><span style=\"color: #ff0000;\"><strong>Le CERTIFICAT MEDICAL doit \u00eatre rempli par un m\u00e9decin du sport sur la base des formulaires pouvant \u00eatre t\u00e9l\u00e9charg\u00e9s \u00e0 partir du lien suivant :<\/strong><\/span><\/h4>\n<h3 style=\"text-align: center;\"><a href=\"https:\/\/classicissima.it\/wp-content\/uploads\/2018\/05\/Classicissima_Certificato_Medico_multi.pdf\"><strong><span style=\"color: #0000ff;\">FORMULAIRE CERTIFICAT MEDICAL POUR LE SPORT EN COMPETITION<\/span><br \/>\n<span style=\"color: #0000ff;\">ET DECLARATION ETHIQUE<\/span><\/strong><\/a><br \/>\n<span style=\"color: #0000ff;\">pour cyclistes etrangers<\/span><em id=\"__mceDel\"><\/em><\/h3>\n<h3 style=\"text-align: center;\"><span style=\"color: #ff0000;\">Les certificats m\u00e9dicales remplis sur de formulaires differents, ne seront pas accept\u00e9s.<\/span><\/h3>\n<p>N&rsquo;oubliez pas d&rsquo;apporter le certificat m\u00e9dical d&rsquo;origine le jour de la distribution des kits pour la course.<\/p>\n<h3>DOCUMENTS N\u00c9CESSAIRES POUR LE RE\u00c7U DE DOSSARD DE COURSE<\/h3>\n<p><strong>Lors de la v\u00e9rification des documents, il est imp\u00e9ratif de pr\u00e9senter la copie originale du certificat m\u00e9dical de comp\u00e9tition, publi\u00e9 6 mois avant la date de la course.<\/strong><\/p>\n<p>Autrement, il ne vous sera en aucun cas possible de participer \u00e0 la course.<\/p>\n<p>Il ne sera pas possible de payer la licence journali\u00e8re lors de l&rsquo;obtention du kit de la course.<\/p>\n","protected":false},"excerpt":{"rendered":"<p>Pour participer au marathon de cyclisme San Remo-San Remo \u00ab\u00a0la Classicissima\u00a0\u00bb, l&rsquo;adh\u00e9sion \u00e0 une f\u00e9d\u00e9ration de cyclisme affili\u00e9e \u00e0 l&rsquo;UCI est obligatoire. Ou alors vous pouvez commander une licence journali\u00e8re de la ACSI. Les cyclistes \u00e9trangers qui ne poss\u00e8dent pas de carte ou licence d\u00e9livr\u00e9e par les organismes reconnue par l&rsquo;UCI, peuvent acheter une licence [&hellip;]<\/p>\n","protected":false},"author":1,"featured_media":0,"parent":3624,"menu_order":0,"comment_status":"closed","ping_status":"closed","template":"","meta":{"_et_pb_use_builder":"","_et_pb_old_content":"","_et_gb_content_width":"","footnotes":""},"class_list":["post-1588","page","type-page","status-publish","hentry"],"yoast_head":"<!-- This site is optimized with the Yoast SEO plugin v26.5 - https:\/\/yoast.com\/wordpress\/plugins\/seo\/ -->\n<title>LICENCE JOURNALI\u00c8RE - GRANFONDO SANREMO SANREMO 2026<\/title>\n<meta name=\"description\" content=\"L&#039;inscription \u00e0 la Classicissima est possible avec une licence journali\u00e8re Granfondo. Voici comment acheter une licence cycliste\" \/>\n<meta name=\"robots\" content=\"index, follow, max-snippet:-1, max-image-preview:large, max-video-preview:-1\" \/>\n<link rel=\"canonical\" href=\"https:\/\/classicissima.it\/fr\/inscriptions\/carte-journaliere\/\" \/>\n<meta property=\"og:locale\" content=\"fr_FR\" \/>\n<meta property=\"og:type\" content=\"article\" \/>\n<meta property=\"og:title\" content=\"LICENCE JOURNALI\u00c8RE - GRANFONDO SANREMO SANREMO 2026\" \/>\n<meta property=\"og:description\" content=\"L&#039;inscription \u00e0 la Classicissima est possible avec une licence journali\u00e8re Granfondo. Voici comment acheter une licence cycliste\" \/>\n<meta property=\"og:url\" content=\"https:\/\/classicissima.it\/fr\/inscriptions\/carte-journaliere\/\" \/>\n<meta property=\"og:site_name\" content=\"GRANFONDO SANREMO SANREMO 2026\" \/>\n<meta property=\"article:modified_time\" content=\"2025-10-20T09:56:39+00:00\" \/>\n<meta name=\"twitter:card\" content=\"summary_large_image\" \/>\n<meta name=\"twitter:label1\" content=\"Dur\u00e9e de lecture estim\u00e9e\" \/>\n\t<meta name=\"twitter:data1\" content=\"2 minutes\" \/>\n<script type=\"application\/ld+json\" class=\"yoast-schema-graph\">{\"@context\":\"https:\/\/schema.org\",\"@graph\":[{\"@type\":\"WebPage\",\"@id\":\"https:\/\/classicissima.it\/fr\/inscriptions\/carte-journaliere\/\",\"url\":\"https:\/\/classicissima.it\/fr\/inscriptions\/carte-journaliere\/\",\"name\":\"LICENCE JOURNALI\u00c8RE - GRANFONDO SANREMO SANREMO 2026\",\"isPartOf\":{\"@id\":\"https:\/\/classicissima.it\/#website\"},\"datePublished\":\"2013-06-15T13:21:50+00:00\",\"dateModified\":\"2025-10-20T09:56:39+00:00\",\"description\":\"L'inscription \u00e0 la Classicissima est possible avec une licence journali\u00e8re Granfondo. Voici comment acheter une licence cycliste\",\"breadcrumb\":{\"@id\":\"https:\/\/classicissima.it\/fr\/inscriptions\/carte-journaliere\/#breadcrumb\"},\"inLanguage\":\"fr-FR\",\"potentialAction\":[{\"@type\":\"ReadAction\",\"target\":[\"https:\/\/classicissima.it\/fr\/inscriptions\/carte-journaliere\/\"]}]},{\"@type\":\"BreadcrumbList\",\"@id\":\"https:\/\/classicissima.it\/fr\/inscriptions\/carte-journaliere\/#breadcrumb\",\"itemListElement\":[{\"@type\":\"ListItem\",\"position\":1,\"name\":\"Home\",\"item\":\"https:\/\/classicissima.it\/fr\/\"},{\"@type\":\"ListItem\",\"position\":2,\"name\":\"INSCRIVEZ-VOUS\",\"item\":\"https:\/\/classicissima.it\/fr\/inscriptions\/\"},{\"@type\":\"ListItem\",\"position\":3,\"name\":\"LICENCE JOURNALI\u00c8RE\"}]},{\"@type\":\"WebSite\",\"@id\":\"https:\/\/classicissima.it\/#website\",\"url\":\"https:\/\/classicissima.it\/\",\"name\":\"GRANFONDO SANREMO SANREMO 2026\",\"description\":\"La Classicissima 22.03.2026\",\"potentialAction\":[{\"@type\":\"SearchAction\",\"target\":{\"@type\":\"EntryPoint\",\"urlTemplate\":\"https:\/\/classicissima.it\/?s={search_term_string}\"},\"query-input\":{\"@type\":\"PropertyValueSpecification\",\"valueRequired\":true,\"valueName\":\"search_term_string\"}}],\"inLanguage\":\"fr-FR\"}]}<\/script>\n<!-- \/ Yoast SEO plugin. -->","yoast_head_json":{"title":"LICENCE JOURNALI\u00c8RE - GRANFONDO SANREMO SANREMO 2026","description":"L'inscription \u00e0 la Classicissima est possible avec une licence journali\u00e8re Granfondo. Voici comment acheter une licence cycliste","robots":{"index":"index","follow":"follow","max-snippet":"max-snippet:-1","max-image-preview":"max-image-preview:large","max-video-preview":"max-video-preview:-1"},"canonical":"https:\/\/classicissima.it\/fr\/inscriptions\/carte-journaliere\/","og_locale":"fr_FR","og_type":"article","og_title":"LICENCE JOURNALI\u00c8RE - GRANFONDO SANREMO SANREMO 2026","og_description":"L'inscription \u00e0 la Classicissima est possible avec une licence journali\u00e8re Granfondo. Voici comment acheter une licence cycliste","og_url":"https:\/\/classicissima.it\/fr\/inscriptions\/carte-journaliere\/","og_site_name":"GRANFONDO SANREMO SANREMO 2026","article_modified_time":"2025-10-20T09:56:39+00:00","twitter_card":"summary_large_image","twitter_misc":{"Dur\u00e9e de lecture estim\u00e9e":"2 minutes"},"schema":{"@context":"https:\/\/schema.org","@graph":[{"@type":"WebPage","@id":"https:\/\/classicissima.it\/fr\/inscriptions\/carte-journaliere\/","url":"https:\/\/classicissima.it\/fr\/inscriptions\/carte-journaliere\/","name":"LICENCE JOURNALI\u00c8RE - GRANFONDO SANREMO SANREMO 2026","isPartOf":{"@id":"https:\/\/classicissima.it\/#website"},"datePublished":"2013-06-15T13:21:50+00:00","dateModified":"2025-10-20T09:56:39+00:00","description":"L'inscription \u00e0 la Classicissima est possible avec une licence journali\u00e8re Granfondo. Voici comment acheter une licence cycliste","breadcrumb":{"@id":"https:\/\/classicissima.it\/fr\/inscriptions\/carte-journaliere\/#breadcrumb"},"inLanguage":"fr-FR","potentialAction":[{"@type":"ReadAction","target":["https:\/\/classicissima.it\/fr\/inscriptions\/carte-journaliere\/"]}]},{"@type":"BreadcrumbList","@id":"https:\/\/classicissima.it\/fr\/inscriptions\/carte-journaliere\/#breadcrumb","itemListElement":[{"@type":"ListItem","position":1,"name":"Home","item":"https:\/\/classicissima.it\/fr\/"},{"@type":"ListItem","position":2,"name":"INSCRIVEZ-VOUS","item":"https:\/\/classicissima.it\/fr\/inscriptions\/"},{"@type":"ListItem","position":3,"name":"LICENCE JOURNALI\u00c8RE"}]},{"@type":"WebSite","@id":"https:\/\/classicissima.it\/#website","url":"https:\/\/classicissima.it\/","name":"GRANFONDO SANREMO SANREMO 2026","description":"La Classicissima 22.03.2026","potentialAction":[{"@type":"SearchAction","target":{"@type":"EntryPoint","urlTemplate":"https:\/\/classicissima.it\/?s={search_term_string}"},"query-input":{"@type":"PropertyValueSpecification","valueRequired":true,"valueName":"search_term_string"}}],"inLanguage":"fr-FR"}]}},"_links":{"self":[{"href":"https:\/\/classicissima.it\/fr\/wp-json\/wp\/v2\/pages\/1588","targetHints":{"allow":["GET"]}}],"collection":[{"href":"https:\/\/classicissima.it\/fr\/wp-json\/wp\/v2\/pages"}],"about":[{"href":"https:\/\/classicissima.it\/fr\/wp-json\/wp\/v2\/types\/page"}],"author":[{"embeddable":true,"href":"https:\/\/classicissima.it\/fr\/wp-json\/wp\/v2\/users\/1"}],"replies":[{"embeddable":true,"href":"https:\/\/classicissima.it\/fr\/wp-json\/wp\/v2\/comments?post=1588"}],"version-history":[{"count":26,"href":"https:\/\/classicissima.it\/fr\/wp-json\/wp\/v2\/pages\/1588\/revisions"}],"predecessor-version":[{"id":13684,"href":"https:\/\/classicissima.it\/fr\/wp-json\/wp\/v2\/pages\/1588\/revisions\/13684"}],"up":[{"embeddable":true,"href":"https:\/\/classicissima.it\/fr\/wp-json\/wp\/v2\/pages\/3624"}],"wp:attachment":[{"href":"https:\/\/classicissima.it\/fr\/wp-json\/wp\/v2\/media?parent=1588"}],"curies":[{"name":"wp","href":"https:\/\/api.w.org\/{rel}","templated":true}]}}