{"id":1622,"date":"2013-06-17T06:26:48","date_gmt":"2013-06-17T06:26:48","guid":{"rendered":"http:\/\/milano-sanremo.org\/?page_id=1622"},"modified":"2023-07-18T09:38:20","modified_gmt":"2023-07-18T09:38:20","slug":"information-3","status":"publish","type":"page","link":"https:\/\/classicissima.it\/fr\/5-info\/information-3\/","title":{"rendered":"INFORMATIONS SUR L&rsquo;ORGANISATEUR"},"content":{"rendered":"<h3><img loading=\"lazy\" decoding=\"async\" class=\"alignleft wp-image-9467\" src=\"https:\/\/classicissima.it\/wp-content\/uploads\/2018\/07\/UC-Sanremo.png\" alt=\"\" width=\"150\" height=\"209\" srcset=\"https:\/\/classicissima.it\/wp-content\/uploads\/2018\/07\/UC-Sanremo.png 344w, https:\/\/classicissima.it\/wp-content\/uploads\/2018\/07\/UC-Sanremo-215x300.png 215w\" sizes=\"(max-width: 150px) 100vw, 150px\" \/><\/h3>\n<h3>Granfondo San Remo &#8211; San Remo \u00ab\u00a0la Classicissima\u00a0\u00bb est organis\u00e9 par Unione Ciclistica Sanremo<\/h3>\n<p>&nbsp;<\/p>\n<p>&nbsp;<\/p>\n<p>&nbsp;<\/p>\n<p>&nbsp;<\/p>\n<p>Ce site et l&rsquo;organisation technique des inscriptions, des voyages et du s\u00e9jours sont g\u00e9r\u00e9s par<\/p>\n<p><strong>NYALA WONDER TRAVEL D.M.C.<\/strong><br \/>\nVia Solaro 134 &#8211; 18038 San Remo<br \/>\n<em>Partenaire officiel de la<br \/>\nUnione Cicloturistica Sanremo s.s.d. a r.l.<\/em><br \/>\nPropriet\u00e9: NWT S.r.l.<br \/>\nSi\u00e8ge social \u00e0 Torino &#8211; Corso Palestro 9<br \/>\nCode fiscal et TVA 10925080011<br \/>\nC.C.I.A.A. Torino R.E.A n. 1173522<br \/>\nPolice d&rsquo;assurance UNIPOLSAI 1124800004977<\/p>\n","protected":false},"excerpt":{"rendered":"<p>Granfondo San Remo &#8211; San Remo \u00ab\u00a0la Classicissima\u00a0\u00bb est organis\u00e9 par Unione Ciclistica Sanremo &nbsp; &nbsp; &nbsp; &nbsp; Ce site et l&rsquo;organisation technique des inscriptions, des voyages et du s\u00e9jours sont g\u00e9r\u00e9s par NYALA WONDER TRAVEL D.M.C. Via Solaro 134 &#8211; 18038 San Remo Partenaire officiel de la Unione Cicloturistica Sanremo s.s.d. a r.l. Propriet\u00e9: [&hellip;]<\/p>\n","protected":false},"author":1,"featured_media":0,"parent":9843,"menu_order":0,"comment_status":"open","ping_status":"closed","template":"","meta":{"_et_pb_use_builder":"","_et_pb_old_content":"","_et_gb_content_width":"","footnotes":""},"class_list":["post-1622","page","type-page","status-publish","hentry"],"yoast_head":"<!-- This site is optimized with the Yoast SEO plugin v26.5 - https:\/\/yoast.com\/wordpress\/plugins\/seo\/ -->\n<title>INFORMATIONS SUR L&#039;ORGANISATEUR - GRANFONDO SANREMO SANREMO 2026<\/title>\n<meta name=\"description\" content=\"Informations sur l&#039;organisateur Unione Ciclistica Sanremo, qui organise la Granfondo Sanremo Sanremo la Classicissima\" \/>\n<meta name=\"robots\" content=\"index, follow, max-snippet:-1, max-image-preview:large, max-video-preview:-1\" \/>\n<link rel=\"canonical\" href=\"https:\/\/classicissima.it\/fr\/5-info\/information-3\/\" \/>\n<meta property=\"og:locale\" content=\"fr_FR\" \/>\n<meta property=\"og:type\" content=\"article\" \/>\n<meta property=\"og:title\" content=\"INFORMATIONS SUR L&#039;ORGANISATEUR - GRANFONDO SANREMO SANREMO 2026\" \/>\n<meta property=\"og:description\" content=\"Informations sur l&#039;organisateur Unione Ciclistica Sanremo, qui organise la Granfondo Sanremo Sanremo la Classicissima\" \/>\n<meta property=\"og:url\" content=\"https:\/\/classicissima.it\/fr\/5-info\/information-3\/\" \/>\n<meta property=\"og:site_name\" content=\"GRANFONDO SANREMO SANREMO 2026\" \/>\n<meta property=\"article:modified_time\" content=\"2023-07-18T09:38:20+00:00\" \/>\n<meta property=\"og:image\" content=\"https:\/\/classicissima.it\/wp-content\/uploads\/2018\/07\/UC-Sanremo.png\" \/>\n<meta name=\"twitter:card\" content=\"summary_large_image\" \/>\n<meta name=\"twitter:label1\" content=\"Dur\u00e9e de lecture estim\u00e9e\" \/>\n\t<meta name=\"twitter:data1\" content=\"1 minute\" \/>\n<script type=\"application\/ld+json\" class=\"yoast-schema-graph\">{\"@context\":\"https:\/\/schema.org\",\"@graph\":[{\"@type\":\"WebPage\",\"@id\":\"https:\/\/classicissima.it\/fr\/5-info\/information-3\/\",\"url\":\"https:\/\/classicissima.it\/fr\/5-info\/information-3\/\",\"name\":\"INFORMATIONS SUR L'ORGANISATEUR - GRANFONDO SANREMO SANREMO 2026\",\"isPartOf\":{\"@id\":\"https:\/\/classicissima.it\/#website\"},\"primaryImageOfPage\":{\"@id\":\"https:\/\/classicissima.it\/fr\/5-info\/information-3\/#primaryimage\"},\"image\":{\"@id\":\"https:\/\/classicissima.it\/fr\/5-info\/information-3\/#primaryimage\"},\"thumbnailUrl\":\"https:\/\/classicissima.it\/wp-content\/uploads\/2018\/07\/UC-Sanremo.png\",\"datePublished\":\"2013-06-17T06:26:48+00:00\",\"dateModified\":\"2023-07-18T09:38:20+00:00\",\"description\":\"Informations sur l'organisateur Unione Ciclistica Sanremo, qui organise la Granfondo Sanremo Sanremo la Classicissima\",\"breadcrumb\":{\"@id\":\"https:\/\/classicissima.it\/fr\/5-info\/information-3\/#breadcrumb\"},\"inLanguage\":\"fr-FR\",\"potentialAction\":[{\"@type\":\"ReadAction\",\"target\":[\"https:\/\/classicissima.it\/fr\/5-info\/information-3\/\"]}]},{\"@type\":\"ImageObject\",\"inLanguage\":\"fr-FR\",\"@id\":\"https:\/\/classicissima.it\/fr\/5-info\/information-3\/#primaryimage\",\"url\":\"https:\/\/classicissima.it\/wp-content\/uploads\/2018\/07\/UC-Sanremo.png\",\"contentUrl\":\"https:\/\/classicissima.it\/wp-content\/uploads\/2018\/07\/UC-Sanremo.png\"},{\"@type\":\"BreadcrumbList\",\"@id\":\"https:\/\/classicissima.it\/fr\/5-info\/information-3\/#breadcrumb\",\"itemListElement\":[{\"@type\":\"ListItem\",\"position\":1,\"name\":\"Home\",\"item\":\"https:\/\/classicissima.it\/fr\/\"},{\"@type\":\"ListItem\",\"position\":2,\"name\":\"5.INFO\",\"item\":\"https:\/\/classicissima.it\/fr\/5-info\/\"},{\"@type\":\"ListItem\",\"position\":3,\"name\":\"INFORMATIONS SUR L&rsquo;ORGANISATEUR\"}]},{\"@type\":\"WebSite\",\"@id\":\"https:\/\/classicissima.it\/#website\",\"url\":\"https:\/\/classicissima.it\/\",\"name\":\"GRANFONDO SANREMO SANREMO 2026\",\"description\":\"La Classicissima 22.03.2026\",\"potentialAction\":[{\"@type\":\"SearchAction\",\"target\":{\"@type\":\"EntryPoint\",\"urlTemplate\":\"https:\/\/classicissima.it\/?s={search_term_string}\"},\"query-input\":{\"@type\":\"PropertyValueSpecification\",\"valueRequired\":true,\"valueName\":\"search_term_string\"}}],\"inLanguage\":\"fr-FR\"}]}<\/script>\n<!-- \/ Yoast SEO plugin. -->","yoast_head_json":{"title":"INFORMATIONS SUR L'ORGANISATEUR - GRANFONDO SANREMO SANREMO 2026","description":"Informations sur l'organisateur Unione Ciclistica Sanremo, qui organise la Granfondo Sanremo Sanremo la Classicissima","robots":{"index":"index","follow":"follow","max-snippet":"max-snippet:-1","max-image-preview":"max-image-preview:large","max-video-preview":"max-video-preview:-1"},"canonical":"https:\/\/classicissima.it\/fr\/5-info\/information-3\/","og_locale":"fr_FR","og_type":"article","og_title":"INFORMATIONS SUR L'ORGANISATEUR - GRANFONDO SANREMO SANREMO 2026","og_description":"Informations sur l'organisateur Unione Ciclistica Sanremo, qui organise la Granfondo Sanremo Sanremo la Classicissima","og_url":"https:\/\/classicissima.it\/fr\/5-info\/information-3\/","og_site_name":"GRANFONDO SANREMO SANREMO 2026","article_modified_time":"2023-07-18T09:38:20+00:00","og_image":[{"url":"https:\/\/classicissima.it\/wp-content\/uploads\/2018\/07\/UC-Sanremo.png","type":"","width":"","height":""}],"twitter_card":"summary_large_image","twitter_misc":{"Dur\u00e9e de lecture estim\u00e9e":"1 minute"},"schema":{"@context":"https:\/\/schema.org","@graph":[{"@type":"WebPage","@id":"https:\/\/classicissima.it\/fr\/5-info\/information-3\/","url":"https:\/\/classicissima.it\/fr\/5-info\/information-3\/","name":"INFORMATIONS SUR L'ORGANISATEUR - GRANFONDO SANREMO SANREMO 2026","isPartOf":{"@id":"https:\/\/classicissima.it\/#website"},"primaryImageOfPage":{"@id":"https:\/\/classicissima.it\/fr\/5-info\/information-3\/#primaryimage"},"image":{"@id":"https:\/\/classicissima.it\/fr\/5-info\/information-3\/#primaryimage"},"thumbnailUrl":"https:\/\/classicissima.it\/wp-content\/uploads\/2018\/07\/UC-Sanremo.png","datePublished":"2013-06-17T06:26:48+00:00","dateModified":"2023-07-18T09:38:20+00:00","description":"Informations sur l'organisateur Unione Ciclistica Sanremo, qui organise la Granfondo Sanremo Sanremo la Classicissima","breadcrumb":{"@id":"https:\/\/classicissima.it\/fr\/5-info\/information-3\/#breadcrumb"},"inLanguage":"fr-FR","potentialAction":[{"@type":"ReadAction","target":["https:\/\/classicissima.it\/fr\/5-info\/information-3\/"]}]},{"@type":"ImageObject","inLanguage":"fr-FR","@id":"https:\/\/classicissima.it\/fr\/5-info\/information-3\/#primaryimage","url":"https:\/\/classicissima.it\/wp-content\/uploads\/2018\/07\/UC-Sanremo.png","contentUrl":"https:\/\/classicissima.it\/wp-content\/uploads\/2018\/07\/UC-Sanremo.png"},{"@type":"BreadcrumbList","@id":"https:\/\/classicissima.it\/fr\/5-info\/information-3\/#breadcrumb","itemListElement":[{"@type":"ListItem","position":1,"name":"Home","item":"https:\/\/classicissima.it\/fr\/"},{"@type":"ListItem","position":2,"name":"5.INFO","item":"https:\/\/classicissima.it\/fr\/5-info\/"},{"@type":"ListItem","position":3,"name":"INFORMATIONS SUR L&rsquo;ORGANISATEUR"}]},{"@type":"WebSite","@id":"https:\/\/classicissima.it\/#website","url":"https:\/\/classicissima.it\/","name":"GRANFONDO SANREMO SANREMO 2026","description":"La Classicissima 22.03.2026","potentialAction":[{"@type":"SearchAction","target":{"@type":"EntryPoint","urlTemplate":"https:\/\/classicissima.it\/?s={search_term_string}"},"query-input":{"@type":"PropertyValueSpecification","valueRequired":true,"valueName":"search_term_string"}}],"inLanguage":"fr-FR"}]}},"_links":{"self":[{"href":"https:\/\/classicissima.it\/fr\/wp-json\/wp\/v2\/pages\/1622","targetHints":{"allow":["GET"]}}],"collection":[{"href":"https:\/\/classicissima.it\/fr\/wp-json\/wp\/v2\/pages"}],"about":[{"href":"https:\/\/classicissima.it\/fr\/wp-json\/wp\/v2\/types\/page"}],"author":[{"embeddable":true,"href":"https:\/\/classicissima.it\/fr\/wp-json\/wp\/v2\/users\/1"}],"replies":[{"embeddable":true,"href":"https:\/\/classicissima.it\/fr\/wp-json\/wp\/v2\/comments?post=1622"}],"version-history":[{"count":13,"href":"https:\/\/classicissima.it\/fr\/wp-json\/wp\/v2\/pages\/1622\/revisions"}],"predecessor-version":[{"id":12742,"href":"https:\/\/classicissima.it\/fr\/wp-json\/wp\/v2\/pages\/1622\/revisions\/12742"}],"up":[{"embeddable":true,"href":"https:\/\/classicissima.it\/fr\/wp-json\/wp\/v2\/pages\/9843"}],"wp:attachment":[{"href":"https:\/\/classicissima.it\/fr\/wp-json\/wp\/v2\/media?parent=1622"}],"curies":[{"name":"wp","href":"https:\/\/api.w.org\/{rel}","templated":true}]}}