{"id":1641,"date":"2013-06-17T06:58:59","date_gmt":"2013-06-17T06:58:59","guid":{"rendered":"http:\/\/milano-sanremo.org\/?page_id=1641"},"modified":"2025-10-20T08:48:40","modified_gmt":"2025-10-20T08:48:40","slug":"program-3","status":"publish","type":"page","link":"https:\/\/classicissima.it\/fr\/granfondo-3\/program-3\/","title":{"rendered":"PROGRAMME"},"content":{"rendered":"<p>[et_pb_section fb_built=\u00a0\u00bb1&Prime; admin_label=\u00a0\u00bbsection\u00a0\u00bb _builder_version=\u00a0\u00bb4.16&Prime; global_colors_info=\u00a0\u00bb{}\u00a0\u00bb][et_pb_row admin_label=\u00a0\u00bbrow\u00a0\u00bb _builder_version=\u00a0\u00bb4.16&Prime; background_size=\u00a0\u00bbinitial\u00a0\u00bb background_position=\u00a0\u00bbtop_left\u00a0\u00bb background_repeat=\u00a0\u00bbrepeat\u00a0\u00bb global_colors_info=\u00a0\u00bb{}\u00a0\u00bb][et_pb_column type=\u00a0\u00bb4_4&Prime; _builder_version=\u00a0\u00bb4.16&Prime; custom_padding=\u00a0\u00bb|||\u00a0\u00bb global_colors_info=\u00a0\u00bb{}\u00a0\u00bb custom_padding__hover=\u00a0\u00bb|||\u00a0\u00bb][et_pb_text admin_label=\u00a0\u00bbText\u00a0\u00bb _builder_version=\u00a0\u00bb4.24.0&Prime; background_size=\u00a0\u00bbinitial\u00a0\u00bb background_position=\u00a0\u00bbtop_left\u00a0\u00bb background_repeat=\u00a0\u00bbrepeat\u00a0\u00bb global_colors_info=\u00a0\u00bb{}\u00a0\u00bb]<\/p>\n<h2>Le programme de\u00a0la Granfondo Sanremo-Sanremo \u00ab\u00a0la Classicissima\u00a0\u00bb se tiendra dans la capitale du cyclisme italien pendant toute une semaine, en parall\u00e8le avec la Milan &#8211; San Remo des professionnels.<\/h2>\n<p>&nbsp;<\/p>\n<table style=\"width: 100%;\">\n<thead>\n<tr>\n<th style=\"width: 25%;\">Date<\/th>\n<th style=\"width: 15%;\">Heure<\/th>\n<th style=\"width: 35.1508%;\">Ev\u00e9nement<\/th>\n<th style=\"width: 24.8492%;\">Lieu<\/th>\n<\/tr>\n<\/thead>\n<tbody>\n<tr>\n<td style=\"width: 25%;\">\u00a0<\/td>\n<td style=\"text-align: center; width: 15%;\">\u00a0<\/td>\n<td style=\"width: 35.1508%;\">\u00a0<\/td>\n<td style=\"width: 24.8492%;\">\u00a0<\/td>\n<\/tr>\n<tr>\n<td style=\"width: 25%;\">Samedi,<br \/>21 mars 2026<\/td>\n<td style=\"text-align: center; width: 15%;\">10:00 &#8211; 12:30 14:30 &#8211; 18:00<\/td>\n<td style=\"width: 35.1508%;\">Livraison pack course<br \/>Puce de chronom\u00e9trage<br \/><strong>Nouveaux Inscriptions<\/strong><\/td>\n<td style=\"width: 24.8492%;\">Village Evenement chez <strong>VILLA ORMOND<\/strong> Corso Cavallotti, 113, San Remo<\/td>\n<\/tr>\n<tr>\n<td style=\"width: 25%;\">\u00a0<\/td>\n<td style=\"text-align: center; width: 15%;\">16:30 ca.<\/td>\n<td style=\"width: 35.1508%;\"><strong>Arriv\u00e9e de la Milano-Sanremo professionnels<\/strong><\/td>\n<td style=\"width: 24.8492%;\">Via Roma<br \/>Sanremo<\/td>\n<\/tr>\n<tr>\n<td style=\"width: 25%;\">Dimanche,<br \/>22 mars 2026<\/td>\n<td style=\"text-align: center; width: 15%;\">8:00 &#8211; 9:00<\/td>\n<td style=\"width: 35.1508%;\">Livraison pack course<br \/>et puce de chronom\u00e9trage<\/td>\n<td style=\"width: 24.8492%;\"><strong>VILLA ORMOND<\/strong> Corso Cavallotti, 113, San Remo<\/td>\n<\/tr>\n<tr>\n<td style=\"width: 25%;\">\u00a0<\/td>\n<td style=\"text-align: center; width: 15%;\">9:00<\/td>\n<td style=\"width: 35.1508%;\">Rendez-vous<\/td>\n<td style=\"width: 24.8492%;\"><strong>Lungomare Salvo d&rsquo;Acquisto, San Remo<\/strong><\/td>\n<\/tr>\n<tr>\n<td style=\"width: 25%;\">\u00a0<\/td>\n<td style=\"text-align: center; width: 15%;\">10:00<\/td>\n<td style=\"width: 35.1508%;\"><strong>D\u00e9part de la<br \/>Granfondo Sanremo-Sanremo<br \/>\u00ab\u00a0La Classicissima\u00a0\u00bb <\/strong><\/td>\n<td style=\"width: 24.8492%;\"><strong>Lungomare Salvo d&rsquo;Acquisto<\/strong>, San Remo<\/td>\n<\/tr>\n<tr>\n<td style=\"width: 25%;\">\u00a0<\/td>\n<td style=\"text-align: center; width: 15%;\">de 12:30<br \/>\u00e0 13:30<\/td>\n<td style=\"width: 35.1508%;\">Arriv\u00e9e de la<br \/><strong>Granfondo Sanremo-Sanremo<br \/>\u00ab\u00a0La Classicissima\u00a0\u00bb<br \/><\/strong><\/td>\n<td style=\"width: 24.8492%;\"><strong>Poggio di Sanremo <\/strong><\/td>\n<\/tr>\n<tr>\n<td style=\"width: 25%;\">\u00a0<\/td>\n<td style=\"text-align: center; width: 15%;\">\u00a0<\/td>\n<td style=\"width: 35.1508%;\">\u00a0<\/td>\n<td style=\"width: 24.8492%;\">\u00a0<\/td>\n<\/tr>\n<tr>\n<td style=\"width: 25%;\">\u00a0<\/td>\n<td style=\"text-align: center; width: 15%;\">15:30<\/td>\n<td style=\"width: 35.1508%;\">Pasta party<br \/>Remise des prix<\/td>\n<td style=\"width: 24.8492%;\"><strong>VILLA ORMOND<\/strong> Corso Cavallotti, 113, San Remo<\/td>\n<\/tr>\n<tr>\n<td style=\"width: 25%;\">\u00a0<\/td>\n<td style=\"text-align: center; width: 15%;\">\u00a0<\/td>\n<td style=\"width: 35.1508%;\">\u00a0<\/td>\n<td style=\"width: 24.8492%;\">\u00a0<\/td>\n<\/tr>\n<tr>\n<td style=\"width: 25%;\"><strong>SAVE THE DATE!<\/strong><\/td>\n<td style=\"text-align: center; width: 15%;\">\u00a0<\/td>\n<td style=\"width: 35.1508%;\">\u00a0<\/td>\n<td style=\"width: 24.8492%;\">\u00a0<\/td>\n<\/tr>\n<tr>\n<td style=\"width: 25%;\"><strong>7 Juin 2026<\/strong><\/td>\n<td style=\"text-align: center; width: 15%;\">\u00a0<\/td>\n<td style=\"width: 35.1508%;\"><strong>Milano-Sanremo Amateur<br \/><\/strong><\/td>\n<td style=\"width: 24.8492%;\"><strong>Toutes les informations sur<a title=\"La Classicissima Bike Festival\" href=\"https:\/\/www.milano-sanremo.org\/fr\" target=\"_blank\" rel=\"noopener\"> le site officiel<\/a><\/strong><\/td>\n<\/tr>\n<\/tbody>\n<\/table>\n<p>&nbsp;<\/p>\n<p>Le programme propos\u00e9 pourra \u00eatre modifi\u00e9 en fonction des exigences de l&rsquo;organisation.<\/p>\n<p>[\/et_pb_text][et_pb_text _builder_version=\u00a0\u00bb4.21.0&Prime; _module_preset=\u00a0\u00bbdefault\u00a0\u00bb header_3_text_align=\u00a0\u00bbcenter\u00a0\u00bb locked=\u00a0\u00bboff\u00a0\u00bb global_colors_info=\u00a0\u00bb{}\u00a0\u00bb]<\/p>\n<h3><span style=\"text-align: center;\">Parkings recommand\u00e9s<\/span><\/h3>\n<ul>\n<li><strong>GRATUIT<\/strong><br \/>VIA ANSALDI (MAX. 30 PLACES &#8211; UNIQUEMENT AVEC PANNEAU D&rsquo;ORGANISATION)<\/li>\n<li><strong>GRATUIT<\/strong><br \/>VIA GAVAGNIN<\/li>\n<li><strong>PAY\u00c9<\/strong><br \/>PORTOSOLE<\/li>\n<\/ul>\n<p>[\/et_pb_text][et_pb_image src=\u00a0\u00bbhttp:\/\/classicissima.it\/wp-content\/uploads\/2023\/03\/mappa-parcheggio-sanremo-granfondo.jpg\u00a0\u00bb title_text=\u00a0\u00bbmappa parcheggio sanremo granfondo\u00a0\u00bb align=\u00a0\u00bbcenter\u00a0\u00bb _builder_version=\u00a0\u00bb4.21.0&Prime; _module_preset=\u00a0\u00bbdefault\u00a0\u00bb locked=\u00a0\u00bboff\u00a0\u00bb global_colors_info=\u00a0\u00bb{}\u00a0\u00bb][\/et_pb_image][\/et_pb_column][\/et_pb_row][\/et_pb_section]<\/p>\n","protected":false},"excerpt":{"rendered":"<p>Le programme de\u00a0la Granfondo Sanremo-Sanremo \u00ab\u00a0la Classicissima\u00a0\u00bb se tiendra dans la capitale du cyclisme italien pendant toute une semaine, en parall\u00e8le avec la Milan &#8211; San Remo des professionnels. &nbsp; Date Heure Ev\u00e9nement Lieu \u00a0 \u00a0 \u00a0 \u00a0 Samedi,21 mars 2026 10:00 &#8211; 12:30 14:30 &#8211; 18:00 Livraison pack coursePuce de chronom\u00e9trageNouveaux Inscriptions Village Evenement [&hellip;]<\/p>\n","protected":false},"author":1,"featured_media":0,"parent":2556,"menu_order":0,"comment_status":"open","ping_status":"closed","template":"","meta":{"_et_pb_use_builder":"on","_et_pb_old_content":"<h2>Le programme de\u00a0la Granfondo Sanremo-Sanremo \"la Classicissima\" se tiendra dans la capitale du cyclisme italien pendant toute une semaine, en parall\u00e8le avec la Milan - San Remo des professionnels.<\/h2>\r\n\u00a0\r\n<table style=\"width: 100%;\">\r\n<thead>\r\n<tr>\r\n<th style=\"width: 25%;\">Date<\/th>\r\n<th style=\"width: 15%;\">Heure<\/th>\r\n<th style=\"width: 35.1508%;\">Ev\u00e9nement<\/th>\r\n<th style=\"width: 24.8492%;\">Lieu<\/th>\r\n<\/tr>\r\n<\/thead>\r\n<tbody>\r\n<tr>\r\n<td style=\"width: 25%;\"><\/td>\r\n<td style=\"text-align: center; width: 15%;\"><\/td>\r\n<td style=\"width: 35.1508%;\"><\/td>\r\n<td style=\"width: 24.8492%;\"><\/td>\r\n<\/tr>\r\n<tr>\r\n<td style=\"width: 25%;\">Samedi,\r\n18 mars 2023<\/td>\r\n<td style=\"text-align: center; width: 15%;\">10:00 - 19:00<\/td>\r\n<td style=\"width: 35.1508%;\">Livraison pack course\r\net puce de chronom\u00e9trage<\/td>\r\n<td style=\"width: 24.8492%;\">Village Evenement\r\nLungomare Salvo d'Acquisto, Sanremo<\/td>\r\n<\/tr>\r\n<tr>\r\n<td style=\"width: 25%;\"><\/td>\r\n<td style=\"text-align: center; width: 15%;\">16:30 ca.<\/td>\r\n<td style=\"width: 35.1508%;\"><strong>Arriv\u00e9e de la Milano-Sanremo professionnels<\/strong><\/td>\r\n<td style=\"width: 24.8492%;\">Via Roma\r\nSanremo<\/td>\r\n<\/tr>\r\n<tr>\r\n<td style=\"width: 25%;\">Dimanche,\r\n19 mars 2023<\/td>\r\n<td style=\"text-align: center; width: 15%;\">7:00 - 8:00<\/td>\r\n<td style=\"width: 35.1508%;\">Livraison pack course\r\net puce de chronom\u00e9trage<\/td>\r\n<td style=\"width: 24.8492%;\"><b>Lungomare Salvo d'Acquisto <\/b>Sanremo<\/td>\r\n<\/tr>\r\n<tr>\r\n<td style=\"width: 25%;\"><\/td>\r\n<td style=\"text-align: center; width: 15%;\">8:00<\/td>\r\n<td style=\"width: 35.1508%;\">Rendez-vous<\/td>\r\n<td style=\"width: 24.8492%;\"><b>Lungomare Salvo d'Acquisto\u00a0<\/b> Sanremo<\/td>\r\n<\/tr>\r\n<tr>\r\n<td style=\"width: 25%;\"><\/td>\r\n<td style=\"text-align: center; width: 15%;\">10:00<\/td>\r\n<td style=\"width: 35.1508%;\"><strong>D\u00e9part de la\r\nGranfondo Sanremo-Sanremo\r\n\"La Classicissima\" <\/strong><\/td>\r\n<td style=\"width: 24.8492%;\"><b>Lungomare Salvo d'Acquisto - <\/b>\u00a0Sanremo<\/td>\r\n<\/tr>\r\n<tr>\r\n<td style=\"width: 25%;\"><\/td>\r\n<td style=\"text-align: center; width: 15%;\">de 12:30\r\n\u00e0 13:30<\/td>\r\n<td style=\"width: 35.1508%;\">Arriv\u00e9e de la\r\n<strong>Granfondo Sanremo-Sanremo\r\n\"La Classicissima\"\r\n<\/strong><\/td>\r\n<td style=\"width: 24.8492%;\"><strong>Poggio di Sanremo <\/strong><\/td>\r\n<\/tr>\r\n<tr>\r\n<td style=\"width: 25%;\"><\/td>\r\n<td style=\"text-align: center; width: 15%;\"><\/td>\r\n<td style=\"width: 35.1508%;\"><\/td>\r\n<td style=\"width: 24.8492%;\"><\/td>\r\n<\/tr>\r\n<tr>\r\n<td style=\"width: 25%;\"><\/td>\r\n<td style=\"text-align: center; width: 15%;\">14:30<\/td>\r\n<td style=\"width: 35.1508%;\">Pasta party\r\nRemise des prix<\/td>\r\n<td style=\"width: 24.8492%;\">Lungomare Salvo d'Acquisto, Sanremo<\/td>\r\n<\/tr>\r\n<tr>\r\n<td style=\"width: 25%;\"><\/td>\r\n<td style=\"text-align: center; width: 15%;\"><\/td>\r\n<td style=\"width: 35.1508%;\"><\/td>\r\n<td style=\"width: 24.8492%;\"><\/td>\r\n<\/tr>\r\n<tr>\r\n<td style=\"width: 25%;\"><strong>SAVE THE DATE!<\/strong><\/td>\r\n<td style=\"text-align: center; width: 15%;\"><\/td>\r\n<td style=\"width: 35.1508%;\"><\/td>\r\n<td style=\"width: 24.8492%;\"><\/td>\r\n<\/tr>\r\n<tr>\r\n<td style=\"width: 25%;\"><strong>4 Juin 2023<\/strong><\/td>\r\n<td style=\"text-align: center; width: 15%;\"><\/td>\r\n<td style=\"width: 35.1508%;\"><strong>Granfondo Milano-Sanremo Ciclosportive<\/strong><\/td>\r\n<td style=\"width: 24.8492%;\"><strong>Toutes les informations sur<a title=\"La Classicissima Bike Festival\" href=\"https:\/\/www.milano-sanremo.org\/fr\" target=\"_blank\" rel=\"noopener\"> le site officiel<\/a><\/strong><\/td>\r\n<\/tr>\r\n<\/tbody>\r\n<\/table>\r\n\u00a0\r\n\r\nLe programme propos\u00e9 pourra \u00eatre modifi\u00e9 en fonction des exigences de l'organisation.","_et_gb_content_width":"","footnotes":""},"class_list":["post-1641","page","type-page","status-publish","hentry"],"yoast_head":"<!-- This site is optimized with the Yoast SEO plugin v26.5 - https:\/\/yoast.com\/wordpress\/plugins\/seo\/ -->\n<title>PROGRAMME - GRANFONDO SANREMO SANREMO 2026<\/title>\n<meta name=\"description\" content=\"Le programme de la Granfondo Sanremo-Sanremo La Classicissima se tiendra dans la capitale du cyclisme italien pendant toute une semaine\" \/>\n<meta name=\"robots\" content=\"index, follow, max-snippet:-1, max-image-preview:large, max-video-preview:-1\" \/>\n<link rel=\"canonical\" href=\"https:\/\/classicissima.it\/fr\/granfondo-3\/program-3\/\" \/>\n<meta property=\"og:locale\" content=\"fr_FR\" \/>\n<meta property=\"og:type\" content=\"article\" \/>\n<meta property=\"og:title\" content=\"PROGRAMME - GRANFONDO SANREMO SANREMO 2026\" \/>\n<meta property=\"og:description\" content=\"Le programme de la Granfondo Sanremo-Sanremo La Classicissima se tiendra dans la capitale du cyclisme italien pendant toute une semaine\" \/>\n<meta property=\"og:url\" content=\"https:\/\/classicissima.it\/fr\/granfondo-3\/program-3\/\" \/>\n<meta property=\"og:site_name\" content=\"GRANFONDO SANREMO SANREMO 2026\" \/>\n<meta property=\"article:modified_time\" content=\"2025-10-20T08:48:40+00:00\" \/>\n<meta name=\"twitter:card\" content=\"summary_large_image\" \/>\n<meta name=\"twitter:label1\" content=\"Dur\u00e9e de lecture estim\u00e9e\" \/>\n\t<meta name=\"twitter:data1\" content=\"2 minutes\" \/>\n<script type=\"application\/ld+json\" class=\"yoast-schema-graph\">{\"@context\":\"https:\/\/schema.org\",\"@graph\":[{\"@type\":\"WebPage\",\"@id\":\"https:\/\/classicissima.it\/fr\/granfondo-3\/program-3\/\",\"url\":\"https:\/\/classicissima.it\/fr\/granfondo-3\/program-3\/\",\"name\":\"PROGRAMME - GRANFONDO SANREMO SANREMO 2026\",\"isPartOf\":{\"@id\":\"https:\/\/classicissima.it\/#website\"},\"datePublished\":\"2013-06-17T06:58:59+00:00\",\"dateModified\":\"2025-10-20T08:48:40+00:00\",\"description\":\"Le programme de la Granfondo Sanremo-Sanremo La Classicissima se tiendra dans la capitale du cyclisme italien pendant toute une semaine\",\"breadcrumb\":{\"@id\":\"https:\/\/classicissima.it\/fr\/granfondo-3\/program-3\/#breadcrumb\"},\"inLanguage\":\"fr-FR\",\"potentialAction\":[{\"@type\":\"ReadAction\",\"target\":[\"https:\/\/classicissima.it\/fr\/granfondo-3\/program-3\/\"]}]},{\"@type\":\"BreadcrumbList\",\"@id\":\"https:\/\/classicissima.it\/fr\/granfondo-3\/program-3\/#breadcrumb\",\"itemListElement\":[{\"@type\":\"ListItem\",\"position\":1,\"name\":\"Home\",\"item\":\"https:\/\/classicissima.it\/fr\/\"},{\"@type\":\"ListItem\",\"position\":2,\"name\":\"GRANFONDO\",\"item\":\"https:\/\/classicissima.it\/fr\/granfondo-3\/\"},{\"@type\":\"ListItem\",\"position\":3,\"name\":\"PROGRAMME\"}]},{\"@type\":\"WebSite\",\"@id\":\"https:\/\/classicissima.it\/#website\",\"url\":\"https:\/\/classicissima.it\/\",\"name\":\"GRANFONDO SANREMO SANREMO 2026\",\"description\":\"La Classicissima 22.03.2026\",\"potentialAction\":[{\"@type\":\"SearchAction\",\"target\":{\"@type\":\"EntryPoint\",\"urlTemplate\":\"https:\/\/classicissima.it\/?s={search_term_string}\"},\"query-input\":{\"@type\":\"PropertyValueSpecification\",\"valueRequired\":true,\"valueName\":\"search_term_string\"}}],\"inLanguage\":\"fr-FR\"}]}<\/script>\n<!-- \/ Yoast SEO plugin. -->","yoast_head_json":{"title":"PROGRAMME - GRANFONDO SANREMO SANREMO 2026","description":"Le programme de la Granfondo Sanremo-Sanremo La Classicissima se tiendra dans la capitale du cyclisme italien pendant toute une semaine","robots":{"index":"index","follow":"follow","max-snippet":"max-snippet:-1","max-image-preview":"max-image-preview:large","max-video-preview":"max-video-preview:-1"},"canonical":"https:\/\/classicissima.it\/fr\/granfondo-3\/program-3\/","og_locale":"fr_FR","og_type":"article","og_title":"PROGRAMME - GRANFONDO SANREMO SANREMO 2026","og_description":"Le programme de la Granfondo Sanremo-Sanremo La Classicissima se tiendra dans la capitale du cyclisme italien pendant toute une semaine","og_url":"https:\/\/classicissima.it\/fr\/granfondo-3\/program-3\/","og_site_name":"GRANFONDO SANREMO SANREMO 2026","article_modified_time":"2025-10-20T08:48:40+00:00","twitter_card":"summary_large_image","twitter_misc":{"Dur\u00e9e de lecture estim\u00e9e":"2 minutes"},"schema":{"@context":"https:\/\/schema.org","@graph":[{"@type":"WebPage","@id":"https:\/\/classicissima.it\/fr\/granfondo-3\/program-3\/","url":"https:\/\/classicissima.it\/fr\/granfondo-3\/program-3\/","name":"PROGRAMME - GRANFONDO SANREMO SANREMO 2026","isPartOf":{"@id":"https:\/\/classicissima.it\/#website"},"datePublished":"2013-06-17T06:58:59+00:00","dateModified":"2025-10-20T08:48:40+00:00","description":"Le programme de la Granfondo Sanremo-Sanremo La Classicissima se tiendra dans la capitale du cyclisme italien pendant toute une semaine","breadcrumb":{"@id":"https:\/\/classicissima.it\/fr\/granfondo-3\/program-3\/#breadcrumb"},"inLanguage":"fr-FR","potentialAction":[{"@type":"ReadAction","target":["https:\/\/classicissima.it\/fr\/granfondo-3\/program-3\/"]}]},{"@type":"BreadcrumbList","@id":"https:\/\/classicissima.it\/fr\/granfondo-3\/program-3\/#breadcrumb","itemListElement":[{"@type":"ListItem","position":1,"name":"Home","item":"https:\/\/classicissima.it\/fr\/"},{"@type":"ListItem","position":2,"name":"GRANFONDO","item":"https:\/\/classicissima.it\/fr\/granfondo-3\/"},{"@type":"ListItem","position":3,"name":"PROGRAMME"}]},{"@type":"WebSite","@id":"https:\/\/classicissima.it\/#website","url":"https:\/\/classicissima.it\/","name":"GRANFONDO SANREMO SANREMO 2026","description":"La Classicissima 22.03.2026","potentialAction":[{"@type":"SearchAction","target":{"@type":"EntryPoint","urlTemplate":"https:\/\/classicissima.it\/?s={search_term_string}"},"query-input":{"@type":"PropertyValueSpecification","valueRequired":true,"valueName":"search_term_string"}}],"inLanguage":"fr-FR"}]}},"_links":{"self":[{"href":"https:\/\/classicissima.it\/fr\/wp-json\/wp\/v2\/pages\/1641","targetHints":{"allow":["GET"]}}],"collection":[{"href":"https:\/\/classicissima.it\/fr\/wp-json\/wp\/v2\/pages"}],"about":[{"href":"https:\/\/classicissima.it\/fr\/wp-json\/wp\/v2\/types\/page"}],"author":[{"embeddable":true,"href":"https:\/\/classicissima.it\/fr\/wp-json\/wp\/v2\/users\/1"}],"replies":[{"embeddable":true,"href":"https:\/\/classicissima.it\/fr\/wp-json\/wp\/v2\/comments?post=1641"}],"version-history":[{"count":65,"href":"https:\/\/classicissima.it\/fr\/wp-json\/wp\/v2\/pages\/1641\/revisions"}],"predecessor-version":[{"id":13661,"href":"https:\/\/classicissima.it\/fr\/wp-json\/wp\/v2\/pages\/1641\/revisions\/13661"}],"up":[{"embeddable":true,"href":"https:\/\/classicissima.it\/fr\/wp-json\/wp\/v2\/pages\/2556"}],"wp:attachment":[{"href":"https:\/\/classicissima.it\/fr\/wp-json\/wp\/v2\/media?parent=1641"}],"curies":[{"name":"wp","href":"https:\/\/api.w.org\/{rel}","templated":true}]}}