{"id":1679,"date":"2013-06-17T07:44:00","date_gmt":"2013-06-17T07:44:00","guid":{"rendered":"http:\/\/milano-sanremo.org\/?page_id=1679"},"modified":"2026-01-29T11:34:12","modified_gmt":"2026-01-29T11:34:12","slug":"souvenir-tshirt","status":"publish","type":"page","link":"https:\/\/classicissima.it\/fr\/inscriptions\/souvenir-tshirt\/","title":{"rendered":"T-SHIRT SOUVENIR"},"content":{"rendered":"<p>[et_pb_section fb_built=\u00a0\u00bb1&Prime; admin_label=\u00a0\u00bbsection\u00a0\u00bb _builder_version=\u00a0\u00bb4.16&Prime; global_colors_info=\u00a0\u00bb{}\u00a0\u00bb][et_pb_row admin_label=\u00a0\u00bbrow\u00a0\u00bb _builder_version=\u00a0\u00bb4.16&Prime; background_size=\u00a0\u00bbinitial\u00a0\u00bb background_position=\u00a0\u00bbtop_left\u00a0\u00bb background_repeat=\u00a0\u00bbrepeat\u00a0\u00bb global_colors_info=\u00a0\u00bb{}\u00a0\u00bb][et_pb_column type=\u00a0\u00bb4_4&Prime; _builder_version=\u00a0\u00bb4.16&Prime; custom_padding=\u00a0\u00bb|||\u00a0\u00bb global_colors_info=\u00a0\u00bb{}\u00a0\u00bb custom_padding__hover=\u00a0\u00bb|||\u00a0\u00bb][et_pb_text admin_label=\u00a0\u00bbText\u00a0\u00bb _builder_version=\u00a0\u00bb4.27.4&Prime; background_size=\u00a0\u00bbinitial\u00a0\u00bb background_position=\u00a0\u00bbtop_left\u00a0\u00bb background_repeat=\u00a0\u00bbrepeat\u00a0\u00bb global_colors_info=\u00a0\u00bb{}\u00a0\u00bb]<\/p>\n<h3>Le T-shirt souvenir et les shorts de l&rsquo;\u00e9v\u00e9nement cycliste Granfondo San Remo &#8211; San Remo peuvent etre achet\u00e9s en ligne avant le 20 F\u00e9vrier.<\/h3>\n<p>[\/et_pb_text][et_pb_image src=\u00a0\u00bbhttp:\/\/classicissima.it\/wp-content\/uploads\/2026\/01\/maglia-classicissima-2026.jpg\u00a0\u00bb alt=\u00a0\u00bbmaglia classicissima 2026&Prime; title_text=\u00a0\u00bbmaglia classicissima 2026&Prime; align=\u00a0\u00bbcenter\u00a0\u00bb _builder_version=\u00a0\u00bb4.27.5&Prime; _module_preset=\u00a0\u00bbdefault\u00a0\u00bb hover_enabled=\u00a0\u00bb0&Prime; global_colors_info=\u00a0\u00bb{}\u00a0\u00bb sticky_enabled=\u00a0\u00bb0&Prime;][\/et_pb_image][et_pb_text admin_label=\u00a0\u00bbText\u00a0\u00bb _builder_version=\u00a0\u00bb4.27.4&Prime; background_size=\u00a0\u00bbinitial\u00a0\u00bb background_position=\u00a0\u00bbtop_left\u00a0\u00bb background_repeat=\u00a0\u00bbrepeat\u00a0\u00bb global_colors_info=\u00a0\u00bb{}\u00a0\u00bb]<\/p>\n<h4>Afin d&rsquo;obtenir le T-shirt souvenir, il est important de s&rsquo;assurer du fait que le paiement correspondant \u00e0 l&rsquo;inscription a bien \u00e9t\u00e9 confirm\u00e9 avant la date limite du 20 F\u00e9vrier et de noter en particulier que sera pris en consid\u00e9ration :<\/h4>\n<ul>\n<li>le jour du paiement par carte de cr\u00e9dit ou Paypal<\/li>\n<li>le jour o\u00f9 le paiement effectu\u00e9 par virement bancaire est cr\u00e9dit\u00e9 sur notre compte bancaire<\/li>\n<\/ul>\n<p>Compte tenu du temps n\u00e9cessire \u00e0 la production, il ne vous sera pas possible de recevoir le t-shirt souvenir si le paiement est effectu\u00e9 trop tard, m\u00eame si la commande est trait\u00e9e avant la date limite.<\/p>\n<h4><span style=\"color: #ff0000;\">Si vous voulez \u00eatre certain de recevoir le t-shirt souvenir, n&rsquo;attendez pas le 20 F\u00e9vrier pour vous inscrire !<\/span><\/h4>\n<h4>TAILLES DU T-SHIRT SOUVENIR<\/h4>\n<p>Les T-shirts souvenirs de cet \u00e9v\u00e9nement seront command\u00e9s sur la base des demandes re\u00e7ues via notre syst\u00e8me d&rsquo;inscription en ligne.<\/p>\n<h4>Il est donc tr\u00e8s important que vous choisissiez la bonne taille.<\/h4>\n<h2>Le guide des tailles et des coupes du maillot souvenir officiel<\/h2>\n<p>[\/et_pb_text][et_pb_image src=\u00a0\u00bbhttp:\/\/classicissima.it\/wp-content\/uploads\/2023\/09\/taglie-t-shirt-classicissima.jpg\u00a0\u00bb alt=\u00a0\u00bbTaglie t-shirt maglia ricordo Classicissima\u00a0\u00bb title_text=\u00a0\u00bbtaglie t shirt classicissima\u00a0\u00bb align=\u00a0\u00bbcenter\u00a0\u00bb _builder_version=\u00a0\u00bb4.27.4&Prime; _module_preset=\u00a0\u00bbdefault\u00a0\u00bb global_colors_info=\u00a0\u00bb{}\u00a0\u00bb][\/et_pb_image][et_pb_text admin_label=\u00a0\u00bbText\u00a0\u00bb _builder_version=\u00a0\u00bb4.27.4&Prime; background_size=\u00a0\u00bbinitial\u00a0\u00bb background_position=\u00a0\u00bbtop_left\u00a0\u00bb background_repeat=\u00a0\u00bbrepeat\u00a0\u00bb global_colors_info=\u00a0\u00bb{}\u00a0\u00bb]<\/p>\n<h4>CHANGEMENT DE TAILLE<\/h4>\n<p>Les T-shirts souvenirs sont command\u00e9s sur la base du nombre pr\u00e9cis de demandes re\u00e7ues.<br \/>Il est possible de demander un \u00e9change de T-shirt par e-mail avant la date limite du 20 f\u00e9vrier.<\/p>\n<h4><span style=\"color: #ff0000;\">Il ne sera ni possible de modifier la taille de votre T-shirt apr\u00e8s le 20 F\u00e9vrier, ni possible de demander une taille diff\u00e9rente lors de la distribution des kits pour la course.<br \/><\/span><\/h4>\n<p>[\/et_pb_text][\/et_pb_column][\/et_pb_row][\/et_pb_section]<\/p>\n","protected":false},"excerpt":{"rendered":"<p>Le T-shirt souvenir et les shorts de l&rsquo;\u00e9v\u00e9nement cycliste Granfondo San Remo &#8211; San Remo peuvent etre achet\u00e9s en ligne avant le 20 F\u00e9vrier.Afin d&rsquo;obtenir le T-shirt souvenir, il est important de s&rsquo;assurer du fait que le paiement correspondant \u00e0 l&rsquo;inscription a bien \u00e9t\u00e9 confirm\u00e9 avant la date limite du 20 F\u00e9vrier et de noter [&hellip;]<\/p>\n","protected":false},"author":1,"featured_media":0,"parent":3624,"menu_order":0,"comment_status":"open","ping_status":"closed","template":"","meta":{"_et_pb_use_builder":"on","_et_pb_old_content":"","_et_gb_content_width":"","footnotes":""},"class_list":["post-1679","page","type-page","status-publish","hentry"],"yoast_head":"<!-- This site is optimized with the Yoast SEO plugin v26.5 - https:\/\/yoast.com\/wordpress\/plugins\/seo\/ -->\n<title>T-SHIRT SOUVENIR - GRANFONDO SANREMO SANREMO 2026<\/title>\n<meta name=\"description\" content=\"Reservez en ligne le l\u00e9gendaire T-SHIRT SOUVENIR et le short assorti de la Granfondo Sanremo Sanremo qui se deroule dans le mois de mars\" \/>\n<meta name=\"robots\" content=\"index, follow, max-snippet:-1, max-image-preview:large, max-video-preview:-1\" \/>\n<link rel=\"canonical\" href=\"https:\/\/classicissima.it\/fr\/inscriptions\/souvenir-tshirt\/\" \/>\n<meta property=\"og:locale\" content=\"fr_FR\" \/>\n<meta property=\"og:type\" content=\"article\" \/>\n<meta property=\"og:title\" content=\"T-SHIRT SOUVENIR - GRANFONDO SANREMO SANREMO 2026\" \/>\n<meta property=\"og:description\" content=\"Reservez en ligne le l\u00e9gendaire T-SHIRT SOUVENIR et le short assorti de la Granfondo Sanremo Sanremo qui se deroule dans le mois de mars\" \/>\n<meta property=\"og:url\" content=\"https:\/\/classicissima.it\/fr\/inscriptions\/souvenir-tshirt\/\" \/>\n<meta property=\"og:site_name\" content=\"GRANFONDO SANREMO SANREMO 2026\" \/>\n<meta property=\"article:modified_time\" content=\"2026-01-29T11:34:12+00:00\" \/>\n<meta name=\"twitter:card\" content=\"summary_large_image\" \/>\n<meta name=\"twitter:label1\" content=\"Dur\u00e9e de lecture estim\u00e9e\" \/>\n\t<meta name=\"twitter:data1\" content=\"2 minutes\" \/>\n<script type=\"application\/ld+json\" class=\"yoast-schema-graph\">{\"@context\":\"https:\/\/schema.org\",\"@graph\":[{\"@type\":\"WebPage\",\"@id\":\"https:\/\/classicissima.it\/fr\/inscriptions\/souvenir-tshirt\/\",\"url\":\"https:\/\/classicissima.it\/fr\/inscriptions\/souvenir-tshirt\/\",\"name\":\"T-SHIRT SOUVENIR - GRANFONDO SANREMO SANREMO 2026\",\"isPartOf\":{\"@id\":\"https:\/\/classicissima.it\/#website\"},\"datePublished\":\"2013-06-17T07:44:00+00:00\",\"dateModified\":\"2026-01-29T11:34:12+00:00\",\"description\":\"Reservez en ligne le l\u00e9gendaire T-SHIRT SOUVENIR et le short assorti de la Granfondo Sanremo Sanremo qui se deroule dans le mois de mars\",\"breadcrumb\":{\"@id\":\"https:\/\/classicissima.it\/fr\/inscriptions\/souvenir-tshirt\/#breadcrumb\"},\"inLanguage\":\"fr-FR\",\"potentialAction\":[{\"@type\":\"ReadAction\",\"target\":[\"https:\/\/classicissima.it\/fr\/inscriptions\/souvenir-tshirt\/\"]}]},{\"@type\":\"BreadcrumbList\",\"@id\":\"https:\/\/classicissima.it\/fr\/inscriptions\/souvenir-tshirt\/#breadcrumb\",\"itemListElement\":[{\"@type\":\"ListItem\",\"position\":1,\"name\":\"Home\",\"item\":\"https:\/\/classicissima.it\/fr\/\"},{\"@type\":\"ListItem\",\"position\":2,\"name\":\"INSCRIVEZ-VOUS\",\"item\":\"https:\/\/classicissima.it\/fr\/inscriptions\/\"},{\"@type\":\"ListItem\",\"position\":3,\"name\":\"T-SHIRT SOUVENIR\"}]},{\"@type\":\"WebSite\",\"@id\":\"https:\/\/classicissima.it\/#website\",\"url\":\"https:\/\/classicissima.it\/\",\"name\":\"GRANFONDO SANREMO SANREMO 2026\",\"description\":\"La Classicissima 22.03.2026\",\"potentialAction\":[{\"@type\":\"SearchAction\",\"target\":{\"@type\":\"EntryPoint\",\"urlTemplate\":\"https:\/\/classicissima.it\/?s={search_term_string}\"},\"query-input\":{\"@type\":\"PropertyValueSpecification\",\"valueRequired\":true,\"valueName\":\"search_term_string\"}}],\"inLanguage\":\"fr-FR\"}]}<\/script>\n<!-- \/ Yoast SEO plugin. -->","yoast_head_json":{"title":"T-SHIRT SOUVENIR - GRANFONDO SANREMO SANREMO 2026","description":"Reservez en ligne le l\u00e9gendaire T-SHIRT SOUVENIR et le short assorti de la Granfondo Sanremo Sanremo qui se deroule dans le mois de mars","robots":{"index":"index","follow":"follow","max-snippet":"max-snippet:-1","max-image-preview":"max-image-preview:large","max-video-preview":"max-video-preview:-1"},"canonical":"https:\/\/classicissima.it\/fr\/inscriptions\/souvenir-tshirt\/","og_locale":"fr_FR","og_type":"article","og_title":"T-SHIRT SOUVENIR - GRANFONDO SANREMO SANREMO 2026","og_description":"Reservez en ligne le l\u00e9gendaire T-SHIRT SOUVENIR et le short assorti de la Granfondo Sanremo Sanremo qui se deroule dans le mois de mars","og_url":"https:\/\/classicissima.it\/fr\/inscriptions\/souvenir-tshirt\/","og_site_name":"GRANFONDO SANREMO SANREMO 2026","article_modified_time":"2026-01-29T11:34:12+00:00","twitter_card":"summary_large_image","twitter_misc":{"Dur\u00e9e de lecture estim\u00e9e":"2 minutes"},"schema":{"@context":"https:\/\/schema.org","@graph":[{"@type":"WebPage","@id":"https:\/\/classicissima.it\/fr\/inscriptions\/souvenir-tshirt\/","url":"https:\/\/classicissima.it\/fr\/inscriptions\/souvenir-tshirt\/","name":"T-SHIRT SOUVENIR - GRANFONDO SANREMO SANREMO 2026","isPartOf":{"@id":"https:\/\/classicissima.it\/#website"},"datePublished":"2013-06-17T07:44:00+00:00","dateModified":"2026-01-29T11:34:12+00:00","description":"Reservez en ligne le l\u00e9gendaire T-SHIRT SOUVENIR et le short assorti de la Granfondo Sanremo Sanremo qui se deroule dans le mois de mars","breadcrumb":{"@id":"https:\/\/classicissima.it\/fr\/inscriptions\/souvenir-tshirt\/#breadcrumb"},"inLanguage":"fr-FR","potentialAction":[{"@type":"ReadAction","target":["https:\/\/classicissima.it\/fr\/inscriptions\/souvenir-tshirt\/"]}]},{"@type":"BreadcrumbList","@id":"https:\/\/classicissima.it\/fr\/inscriptions\/souvenir-tshirt\/#breadcrumb","itemListElement":[{"@type":"ListItem","position":1,"name":"Home","item":"https:\/\/classicissima.it\/fr\/"},{"@type":"ListItem","position":2,"name":"INSCRIVEZ-VOUS","item":"https:\/\/classicissima.it\/fr\/inscriptions\/"},{"@type":"ListItem","position":3,"name":"T-SHIRT SOUVENIR"}]},{"@type":"WebSite","@id":"https:\/\/classicissima.it\/#website","url":"https:\/\/classicissima.it\/","name":"GRANFONDO SANREMO SANREMO 2026","description":"La Classicissima 22.03.2026","potentialAction":[{"@type":"SearchAction","target":{"@type":"EntryPoint","urlTemplate":"https:\/\/classicissima.it\/?s={search_term_string}"},"query-input":{"@type":"PropertyValueSpecification","valueRequired":true,"valueName":"search_term_string"}}],"inLanguage":"fr-FR"}]}},"_links":{"self":[{"href":"https:\/\/classicissima.it\/fr\/wp-json\/wp\/v2\/pages\/1679","targetHints":{"allow":["GET"]}}],"collection":[{"href":"https:\/\/classicissima.it\/fr\/wp-json\/wp\/v2\/pages"}],"about":[{"href":"https:\/\/classicissima.it\/fr\/wp-json\/wp\/v2\/types\/page"}],"author":[{"embeddable":true,"href":"https:\/\/classicissima.it\/fr\/wp-json\/wp\/v2\/users\/1"}],"replies":[{"embeddable":true,"href":"https:\/\/classicissima.it\/fr\/wp-json\/wp\/v2\/comments?post=1679"}],"version-history":[{"count":30,"href":"https:\/\/classicissima.it\/fr\/wp-json\/wp\/v2\/pages\/1679\/revisions"}],"predecessor-version":[{"id":13788,"href":"https:\/\/classicissima.it\/fr\/wp-json\/wp\/v2\/pages\/1679\/revisions\/13788"}],"up":[{"embeddable":true,"href":"https:\/\/classicissima.it\/fr\/wp-json\/wp\/v2\/pages\/3624"}],"wp:attachment":[{"href":"https:\/\/classicissima.it\/fr\/wp-json\/wp\/v2\/media?parent=1679"}],"curies":[{"name":"wp","href":"https:\/\/api.w.org\/{rel}","templated":true}]}}