{"id":1704,"date":"2013-06-17T08:25:49","date_gmt":"2013-06-17T08:25:49","guid":{"rendered":"http:\/\/milano-sanremo.org\/?page_id=1704"},"modified":"2023-07-07T09:46:45","modified_gmt":"2023-07-07T09:46:45","slug":"hotels-3","status":"publish","type":"page","link":"https:\/\/classicissima.it\/fr\/voyager\/hotels-3\/","title":{"rendered":"H\u00d4TELS Granfondo"},"content":{"rendered":"<h2>Afin de vous proposer les meilleures conditions possibles &#8211; exclusivement r\u00e9serv\u00e9es aux participants du Granfondo Sanremo-Sanremo la Classicissima &#8211; nous avons \u00e9tabli des accords extr\u00eamement avantageux avec les h\u00f4tels de Milan et de Sanremo.<\/h2>\n<h4>Tous les h\u00f4tels affich\u00e9s sur le site Internet nous sont EXCLUSIFS et proposent seulement des TARIFS SP\u00c9CIAUX aux participants de l&rsquo;\u00e9v\u00e9nement car nous organisons un grand nombre de nuit\u00e9es.<\/h4>\n<h4 style=\"text-align: center;\"><span style=\"color: #ff0000;\">RESERVEZ VOTRE HOTEL A DES TARIFS DISPONIBLES EXCLUSIVEMENT SUR NOTRE SITE !<br \/>\n<\/span><\/h4>\n<p style=\"text-align: center;\"><a href='https:\/\/www.runtosanremo.it' class='small-button smallbluebtn_red'>R\u00c9SERVEZ MAINTENANT !<\/a><\/p>\n<p><strong>TARIFS SP\u00c9CIAUX<br \/>\n<\/strong>Valables uniquement pour les r\u00e9servations directement effectu\u00e9es via notre site Internet.<\/p>\n<p>BB = Petit-d\u00e9jeuner<br \/>\nHB = Demi Pension<\/p>\n<table>\n<thead>\n<tr>\n<td><span style=\"color: #ffffff;\">HOTEL<\/span><\/td>\n<td><span style=\"color: #ffffff;\">SINGLE\/<\/span><br \/>\n<span style=\"color: #ffffff;\">DOUBLE USAGE SIMPLE (SGL)<\/span><\/td>\n<td><span style=\"color: #ffffff;\">DOUBLE (DBL)<\/span><\/td>\n<td><span style=\"color: #ffffff;\">TRIPLE (TPL)<\/span><\/td>\n<td><span style=\"color: #ffffff;\">QUADRUPLE (QPL)<\/span><\/td>\n<\/tr>\n<tr>\n<td>3 \u00e9toiles BB<\/td>\n<td style=\"text-align: center;\">50,40 \u20ac<\/td>\n<td style=\"text-align: center;\">75,60 \u20ac<\/td>\n<td style=\"text-align: center;\">113,50\u20ac<\/td>\n<td style=\"text-align: center;\">139,00 \u20ac<\/td>\n<\/tr>\n<tr>\n<td>3 \u00e9toiles HB<\/td>\n<td style=\"text-align: center;\">70,50 \u20ac<\/td>\n<td style=\"text-align: center;\">115,50 \u20ac<\/td>\n<td style=\"text-align: center;\">173,50\u20ac<\/td>\n<td style=\"text-align: center;\">218,50 \u20ac<\/td>\n<\/tr>\n<tr>\n<td>4 \u00e9toiles BB<\/td>\n<td style=\"text-align: center;\">63,00 \u20ac<\/td>\n<td style=\"text-align: center;\">88,50 \u20ac<\/td>\n<td style=\"text-align: center;\">126,00 \u20ac<\/td>\n<td style=\"text-align: center;\">151,50 \u20ac<\/td>\n<\/tr>\n<tr>\n<td>4 \u00e9toiles HB<\/td>\n<td style=\"text-align: center;\">86,00 \u20ac<\/td>\n<td style=\"text-align: center;\">134,50 \u20ac<\/td>\n<td style=\"text-align: center;\">195,50 \u20ac<\/td>\n<td style=\"text-align: center;\">243,60 \u20ac<\/td>\n<\/tr>\n<\/thead>\n<\/table>\n<p>&nbsp;<\/p>\n<p><strong>OPTIONS<\/strong><\/p>\n<table>\n<thead>\n<tr>\n<td><span style=\"color: #ffffff;\">HOTEL<\/span><\/td>\n<td><span style=\"color: #ffffff;\">DEMI-PENSION<\/span><br \/>\n<span style=\"color: #ffffff;\">(boissons compris)<\/span><\/td>\n<td><span style=\"color: #ffffff;\">REDUCTION ENFANTS<\/span><br \/>\n<span style=\"color: #ffffff;\">0-6 ANS<\/span><\/td>\n<td><span style=\"color: #ffffff;\">REDUCTION ENFANTS<\/span><br \/>\n<span style=\"color: #ffffff;\">7-12 ANS<\/span><\/td>\n<\/tr>\n<tr>\n<td>3 \u00e9toiles<\/td>\n<td style=\"text-align: center;\">19.00 \u20ac<\/td>\n<td style=\"text-align: center;\">100 %<\/td>\n<td style=\"text-align: center;\">50 %<\/td>\n<\/tr>\n<tr>\n<td>4 \u00e9toiles<\/td>\n<td style=\"text-align: center;\">22.00 \u20ac<\/td>\n<td style=\"text-align: center;\">100 %<\/td>\n<td style=\"text-align: center;\">50 %<\/td>\n<\/tr>\n<tr>\n<td><\/td>\n<td style=\"text-align: center;\"><\/td>\n<td style=\"text-align: center;\"><\/td>\n<td style=\"text-align: center;\"><\/td>\n<\/tr>\n<\/thead>\n<\/table>\n<p style=\"text-align: center;\"><strong>Prix par chambre et par jour<\/strong><\/p>\n<p><strong>A SAN REMO seront offerts :<\/strong><\/p>\n<ul>\n<li>\n<p style=\"margin-bottom: 0cm;\">le transport entre le Palafiori (arriv\u00e9e de la course) et les diff\u00e9rents h\u00f4tels affili\u00e9s, pour vous et votre v\u00e9lo<\/p>\n<\/li>\n<li>la possibilit\u00e9 d&rsquo;apporter le v\u00e9lo dans votre chambre, ou de le placer dans une pi\u00e8ce ferm\u00e9e \u00e0 cl\u00e9<\/li>\n<li>le d\u00eener du jour m\u00eame de la course, servi \u00e0 des horaires flexibles jusqu&rsquo;\u00e0 21h30 (seulement pour les personnes ayant choisi la demi-pension).<\/li>\n<\/ul>\n<p><strong>COUPON H\u00d4TEL (VOUCHER)<\/strong><\/p>\n<p>L&rsquo;h\u00f4tel exact vous sera attribu\u00e9 au mois de mai.<\/p>\n<p>A partir du 15 mai, les \u00ab\u00a0coupons h\u00f4tels\u00a0\u00bb seront disponibles dans le menu \u00ab\u00a0inscription\u00a0\u00bb du site Internet. Ils devront \u00eatre donn\u00e9s au r\u00e9ceptionniste \u00e0 votre arriv\u00e9e \u00e0 l&rsquo;h\u00f4tel.<\/p>\n<ol>\n<li>Cliquez droite sur \u00ab\u00a0Inscriptions\u00a0\u00bb (dans la colonne de droite).<\/li>\n<li>Entrez vos identifiants (nom d&rsquo;utilisateur et mot de passe).<\/li>\n<li>Cliquez sur le lien \u00ab\u00a0R\u00e9servations\u00a0\u00bb (dans le menu Utente).<\/li>\n<li>Cliquez sur le lien \u00ab\u00a0Voucher h\u00f4tel Sanremo\u00a0\u00bb.<\/li>\n<li>Imprimez<\/li>\n<\/ol>\n<p>&nbsp;<\/p>\n<p><strong>P\u00c9NALITES EN CAS D&rsquo;ANNULATION<\/strong><br \/>\nNous vous prions de bien vouloir lire avec attention les \u00ab\u00a0Conditions g\u00e9n\u00e9rales du contrat pour la vente de forfaits et services touristiques\u00a0\u00bb disponibles en bas de page. Voici un bref r\u00e9sum\u00e9 des p\u00e9nalit\u00e9s en cas d&rsquo;annulation :<\/p>\n<ul>\n<li>jusqu&rsquo;\u00e0 30 jours calendaires avant le d\u00e9part : 0% ;<\/li>\n<li>29- 22 jours calendaires avant le d\u00e9part : 25% ;<\/li>\n<li>21-15 jours calendaires avant le d\u00e9part : 50% ;<\/li>\n<li>14- 8 jours calendaires avant le d\u00e9part : 75% ;<\/li>\n<li>dans les 7 jours calendaires pr\u00e9c\u00e9dant le d\u00e9part : 100%.<\/li>\n<\/ul>\n<p>Dans tous les cas, des frais de service d&rsquo;un montant de 20,00 \u20ac seront factur\u00e9s pour une annulation partielle et 40,00 \u20ac pour une annulation totale.<\/p>\n","protected":false},"excerpt":{"rendered":"<p>Afin de vous proposer les meilleures conditions possibles &#8211; exclusivement r\u00e9serv\u00e9es aux participants du Granfondo Sanremo-Sanremo la Classicissima &#8211; nous avons \u00e9tabli des accords extr\u00eamement avantageux avec les h\u00f4tels de Milan et de Sanremo. Tous les h\u00f4tels affich\u00e9s sur le site Internet nous sont EXCLUSIFS et proposent seulement des TARIFS SP\u00c9CIAUX aux participants de l&rsquo;\u00e9v\u00e9nement [&hellip;]<\/p>\n","protected":false},"author":1,"featured_media":0,"parent":1619,"menu_order":0,"comment_status":"open","ping_status":"closed","template":"","meta":{"_et_pb_use_builder":"","_et_pb_old_content":"","_et_gb_content_width":"","footnotes":""},"class_list":["post-1704","page","type-page","status-publish","hentry"],"yoast_head":"<!-- This site is optimized with the Yoast SEO plugin v26.5 - https:\/\/yoast.com\/wordpress\/plugins\/seo\/ -->\n<title>H\u00d4TELS Granfondo - GRANFONDO SANREMO SANREMO 2026<\/title>\n<meta name=\"description\" content=\"R\u00e9servez les h\u00f4tels partenaires Granfondo. Tarifs speciaux pour cyclistes et leurs amis du Granfondo Sanremo-Sanremo La Classicissima\" \/>\n<meta name=\"robots\" content=\"index, follow, max-snippet:-1, max-image-preview:large, max-video-preview:-1\" \/>\n<link rel=\"canonical\" href=\"https:\/\/classicissima.it\/fr\/voyager\/hotels-3\/\" \/>\n<meta property=\"og:locale\" content=\"fr_FR\" \/>\n<meta property=\"og:type\" content=\"article\" \/>\n<meta property=\"og:title\" content=\"H\u00d4TELS Granfondo - GRANFONDO SANREMO SANREMO 2026\" \/>\n<meta property=\"og:description\" content=\"R\u00e9servez les h\u00f4tels partenaires Granfondo. Tarifs speciaux pour cyclistes et leurs amis du Granfondo Sanremo-Sanremo La Classicissima\" \/>\n<meta property=\"og:url\" content=\"https:\/\/classicissima.it\/fr\/voyager\/hotels-3\/\" \/>\n<meta property=\"og:site_name\" content=\"GRANFONDO SANREMO SANREMO 2026\" \/>\n<meta property=\"article:modified_time\" content=\"2023-07-07T09:46:45+00:00\" \/>\n<meta name=\"twitter:card\" content=\"summary_large_image\" \/>\n<meta name=\"twitter:label1\" content=\"Dur\u00e9e de lecture estim\u00e9e\" \/>\n\t<meta name=\"twitter:data1\" content=\"3 minutes\" \/>\n<script type=\"application\/ld+json\" class=\"yoast-schema-graph\">{\"@context\":\"https:\/\/schema.org\",\"@graph\":[{\"@type\":\"WebPage\",\"@id\":\"https:\/\/classicissima.it\/fr\/voyager\/hotels-3\/\",\"url\":\"https:\/\/classicissima.it\/fr\/voyager\/hotels-3\/\",\"name\":\"H\u00d4TELS Granfondo - GRANFONDO SANREMO SANREMO 2026\",\"isPartOf\":{\"@id\":\"https:\/\/classicissima.it\/#website\"},\"datePublished\":\"2013-06-17T08:25:49+00:00\",\"dateModified\":\"2023-07-07T09:46:45+00:00\",\"description\":\"R\u00e9servez les h\u00f4tels partenaires Granfondo. Tarifs speciaux pour cyclistes et leurs amis du Granfondo Sanremo-Sanremo La Classicissima\",\"breadcrumb\":{\"@id\":\"https:\/\/classicissima.it\/fr\/voyager\/hotels-3\/#breadcrumb\"},\"inLanguage\":\"fr-FR\",\"potentialAction\":[{\"@type\":\"ReadAction\",\"target\":[\"https:\/\/classicissima.it\/fr\/voyager\/hotels-3\/\"]}]},{\"@type\":\"BreadcrumbList\",\"@id\":\"https:\/\/classicissima.it\/fr\/voyager\/hotels-3\/#breadcrumb\",\"itemListElement\":[{\"@type\":\"ListItem\",\"position\":1,\"name\":\"Home\",\"item\":\"https:\/\/classicissima.it\/fr\/\"},{\"@type\":\"ListItem\",\"position\":2,\"name\":\"3.VOYAGE\",\"item\":\"https:\/\/classicissima.it\/fr\/voyager\/\"},{\"@type\":\"ListItem\",\"position\":3,\"name\":\"H\u00d4TELS Granfondo\"}]},{\"@type\":\"WebSite\",\"@id\":\"https:\/\/classicissima.it\/#website\",\"url\":\"https:\/\/classicissima.it\/\",\"name\":\"GRANFONDO SANREMO SANREMO 2026\",\"description\":\"La Classicissima 22.03.2026\",\"potentialAction\":[{\"@type\":\"SearchAction\",\"target\":{\"@type\":\"EntryPoint\",\"urlTemplate\":\"https:\/\/classicissima.it\/?s={search_term_string}\"},\"query-input\":{\"@type\":\"PropertyValueSpecification\",\"valueRequired\":true,\"valueName\":\"search_term_string\"}}],\"inLanguage\":\"fr-FR\"}]}<\/script>\n<!-- \/ Yoast SEO plugin. -->","yoast_head_json":{"title":"H\u00d4TELS Granfondo - GRANFONDO SANREMO SANREMO 2026","description":"R\u00e9servez les h\u00f4tels partenaires Granfondo. Tarifs speciaux pour cyclistes et leurs amis du Granfondo Sanremo-Sanremo La Classicissima","robots":{"index":"index","follow":"follow","max-snippet":"max-snippet:-1","max-image-preview":"max-image-preview:large","max-video-preview":"max-video-preview:-1"},"canonical":"https:\/\/classicissima.it\/fr\/voyager\/hotels-3\/","og_locale":"fr_FR","og_type":"article","og_title":"H\u00d4TELS Granfondo - GRANFONDO SANREMO SANREMO 2026","og_description":"R\u00e9servez les h\u00f4tels partenaires Granfondo. Tarifs speciaux pour cyclistes et leurs amis du Granfondo Sanremo-Sanremo La Classicissima","og_url":"https:\/\/classicissima.it\/fr\/voyager\/hotels-3\/","og_site_name":"GRANFONDO SANREMO SANREMO 2026","article_modified_time":"2023-07-07T09:46:45+00:00","twitter_card":"summary_large_image","twitter_misc":{"Dur\u00e9e de lecture estim\u00e9e":"3 minutes"},"schema":{"@context":"https:\/\/schema.org","@graph":[{"@type":"WebPage","@id":"https:\/\/classicissima.it\/fr\/voyager\/hotels-3\/","url":"https:\/\/classicissima.it\/fr\/voyager\/hotels-3\/","name":"H\u00d4TELS Granfondo - GRANFONDO SANREMO SANREMO 2026","isPartOf":{"@id":"https:\/\/classicissima.it\/#website"},"datePublished":"2013-06-17T08:25:49+00:00","dateModified":"2023-07-07T09:46:45+00:00","description":"R\u00e9servez les h\u00f4tels partenaires Granfondo. Tarifs speciaux pour cyclistes et leurs amis du Granfondo Sanremo-Sanremo La Classicissima","breadcrumb":{"@id":"https:\/\/classicissima.it\/fr\/voyager\/hotels-3\/#breadcrumb"},"inLanguage":"fr-FR","potentialAction":[{"@type":"ReadAction","target":["https:\/\/classicissima.it\/fr\/voyager\/hotels-3\/"]}]},{"@type":"BreadcrumbList","@id":"https:\/\/classicissima.it\/fr\/voyager\/hotels-3\/#breadcrumb","itemListElement":[{"@type":"ListItem","position":1,"name":"Home","item":"https:\/\/classicissima.it\/fr\/"},{"@type":"ListItem","position":2,"name":"3.VOYAGE","item":"https:\/\/classicissima.it\/fr\/voyager\/"},{"@type":"ListItem","position":3,"name":"H\u00d4TELS Granfondo"}]},{"@type":"WebSite","@id":"https:\/\/classicissima.it\/#website","url":"https:\/\/classicissima.it\/","name":"GRANFONDO SANREMO SANREMO 2026","description":"La Classicissima 22.03.2026","potentialAction":[{"@type":"SearchAction","target":{"@type":"EntryPoint","urlTemplate":"https:\/\/classicissima.it\/?s={search_term_string}"},"query-input":{"@type":"PropertyValueSpecification","valueRequired":true,"valueName":"search_term_string"}}],"inLanguage":"fr-FR"}]}},"_links":{"self":[{"href":"https:\/\/classicissima.it\/fr\/wp-json\/wp\/v2\/pages\/1704","targetHints":{"allow":["GET"]}}],"collection":[{"href":"https:\/\/classicissima.it\/fr\/wp-json\/wp\/v2\/pages"}],"about":[{"href":"https:\/\/classicissima.it\/fr\/wp-json\/wp\/v2\/types\/page"}],"author":[{"embeddable":true,"href":"https:\/\/classicissima.it\/fr\/wp-json\/wp\/v2\/users\/1"}],"replies":[{"embeddable":true,"href":"https:\/\/classicissima.it\/fr\/wp-json\/wp\/v2\/comments?post=1704"}],"version-history":[{"count":36,"href":"https:\/\/classicissima.it\/fr\/wp-json\/wp\/v2\/pages\/1704\/revisions"}],"predecessor-version":[{"id":12718,"href":"https:\/\/classicissima.it\/fr\/wp-json\/wp\/v2\/pages\/1704\/revisions\/12718"}],"up":[{"embeddable":true,"href":"https:\/\/classicissima.it\/fr\/wp-json\/wp\/v2\/pages\/1619"}],"wp:attachment":[{"href":"https:\/\/classicissima.it\/fr\/wp-json\/wp\/v2\/media?parent=1704"}],"curies":[{"name":"wp","href":"https:\/\/api.w.org\/{rel}","templated":true}]}}