{"id":1813,"date":"2013-06-17T10:50:02","date_gmt":"2013-06-17T10:50:02","guid":{"rendered":"http:\/\/milano-sanremo.org\/?page_id=1813"},"modified":"2023-06-28T09:32:32","modified_gmt":"2023-06-28T09:32:32","slug":"aeroports","status":"publish","type":"page","link":"https:\/\/classicissima.it\/fr\/voyager\/aeroports\/","title":{"rendered":"A\u00e9roports"},"content":{"rendered":"<h2>Si vous d\u00e9cidez de participer \u00e0 la course cyclosportive Granfondo San Remo &#8211; San Remo \u00ab\u00a0la Classicissima\u00a0\u00bb et de voyager par avion, nous vous conseillons d&rsquo;arriver par l&rsquo;aeroport de Nice. Nous organisons vos transferts \u00e0 San Remo.<\/h2>\n<h4>A\u00e9roports de r\u00e9f\u00e9rence pour l&rsquo;arriv\u00e9e :<\/h4>\n<ul>\n<li>NCE &#8211; Nice Cote d&rsquo;Azur<\/li>\n<li>GOA &#8211; Genova Cristoforo Colombo<\/li>\n<\/ul>\n<p>&nbsp;<\/p>\n<h4>Nous sommes \u00e0 votre service pour la r\u00e9servation du transfert entre l&rsquo;a\u00e9roport et l&rsquo;h\u00f4tel, et inversement, en fonction de vos besoins. La r\u00e9servation de v\u00e9hicules plus petits peut directement \u00eatre effectu\u00e9e en ligne, via notre syst\u00e8me, au cours de l&rsquo;inscription.<\/h4>\n<p>&nbsp;<\/p>\n<table style=\"width: 100%;\">\n<thead>\n<tr>\n<th style=\"width: 25%;\">A\u00e9roport<\/th>\n<th style=\"width: 25%;\">V\u00e9hicule<\/th>\n<th style=\"width: 25%;\">Taille<\/th>\n<th style=\"width: 25%;\">Prix<\/th>\n<\/tr>\n<\/thead>\n<tbody>\n<tr>\n<td>San Remo &#8211; Genova GOA<\/td>\n<td>Monospace \/ Break<\/td>\n<td>3 passagers + 1 coffre \u00e0 v\u00e9lo<\/td>\n<td>sur demande<\/td>\n<\/tr>\n<tr>\n<td><\/td>\n<td>Minibus<\/td>\n<td>5 passagers + 5 coffres \u00e0 v\u00e9lo<\/td>\n<td>sur demande<\/td>\n<\/tr>\n<tr>\n<td><\/td>\n<td>Bus 30\/50 places<\/td>\n<td>25 passagers + 25 coffres \u00e0 v\u00e9lo<\/td>\n<td>sur demande<\/td>\n<\/tr>\n<tr>\n<td>Sanremo &#8211; Nice NCE<\/td>\n<td>Monospace \/ Break<\/td>\n<td>3 passagers + 1 coffre \u00e0 v\u00e9lo<\/td>\n<td>sur demande<\/td>\n<\/tr>\n<tr>\n<td><\/td>\n<td>Minibus<\/td>\n<td>5 passagers + 5 coffres \u00e0 v\u00e9lo<\/td>\n<td>sur demande<\/td>\n<\/tr>\n<tr>\n<td><\/td>\n<td>Bus 30\/50 places<\/td>\n<td>25 passagers + 25 coffres \u00e0 v\u00e9lo<\/td>\n<td>sur demande<\/td>\n<\/tr>\n<\/tbody>\n<\/table>\n<p>&nbsp;<\/p>\n<h4>Comment se rendre de San Remo \u00e0 l&rsquo;aeroport de Genova en prenant les transports publics ?<\/h4>\n<p>Si vous prenez les transports publics, nous vous conseillons de prendre le<strong> train de San Remo \u00e0 Genova Piazza Principe.\u00a0<\/strong>Puis, prenez le <strong>Volabus<\/strong> jusqu&rsquo;\u00e0 l&rsquo;aeroport.<\/p>\n<h4>Comment se rendre de San Remo \u00e0 l&rsquo;a\u00e9roport de Nice en prenant les transports publics ?<\/h4>\n<p>Si vous prenez les transports publics, nous vous conseillons de prendre un train \u00e0 San Remo en direction de <strong>Ventimiglia<\/strong>. Puis prenez un TER (train r\u00e9gional fran\u00e7ais) jusqu&rsquo;\u00e0 la station <strong>Nice St. Augustin<\/strong>. De l\u00e0, vous pourrez prendre un bus local (5 min) ou vous rendre \u00e0 l&rsquo;a\u00e9roport \u00e0 pied (10 min).<\/p>\n","protected":false},"excerpt":{"rendered":"<p>Si vous d\u00e9cidez de participer \u00e0 la course cyclosportive Granfondo San Remo &#8211; San Remo \u00ab\u00a0la Classicissima\u00a0\u00bb et de voyager par avion, nous vous conseillons d&rsquo;arriver par l&rsquo;aeroport de Nice. Nous organisons vos transferts \u00e0 San Remo. A\u00e9roports de r\u00e9f\u00e9rence pour l&rsquo;arriv\u00e9e : NCE &#8211; Nice Cote d&rsquo;Azur GOA &#8211; Genova Cristoforo Colombo &nbsp; Nous [&hellip;]<\/p>\n","protected":false},"author":1,"featured_media":0,"parent":1619,"menu_order":0,"comment_status":"closed","ping_status":"closed","template":"","meta":{"_et_pb_use_builder":"","_et_pb_old_content":"","_et_gb_content_width":"","footnotes":""},"class_list":["post-1813","page","type-page","status-publish","hentry"],"yoast_head":"<!-- This site is optimized with the Yoast SEO plugin v26.5 - https:\/\/yoast.com\/wordpress\/plugins\/seo\/ -->\n<title>A\u00e9roports - GRANFONDO SANREMO SANREMO 2026<\/title>\n<meta name=\"description\" content=\"A\u00e9roports pour rejoindre Sanremo, a\u00e9roports de Nice et de Genova. Nous organisons vos transferts \u00e0 San Remo.\" \/>\n<meta name=\"robots\" content=\"index, follow, max-snippet:-1, max-image-preview:large, max-video-preview:-1\" \/>\n<link rel=\"canonical\" href=\"https:\/\/classicissima.it\/fr\/voyager\/aeroports\/\" \/>\n<meta property=\"og:locale\" content=\"fr_FR\" \/>\n<meta property=\"og:type\" content=\"article\" \/>\n<meta property=\"og:title\" content=\"A\u00e9roports - GRANFONDO SANREMO SANREMO 2026\" \/>\n<meta property=\"og:description\" content=\"A\u00e9roports pour rejoindre Sanremo, a\u00e9roports de Nice et de Genova. Nous organisons vos transferts \u00e0 San Remo.\" \/>\n<meta property=\"og:url\" content=\"https:\/\/classicissima.it\/fr\/voyager\/aeroports\/\" \/>\n<meta property=\"og:site_name\" content=\"GRANFONDO SANREMO SANREMO 2026\" \/>\n<meta property=\"article:modified_time\" content=\"2023-06-28T09:32:32+00:00\" \/>\n<meta name=\"twitter:card\" content=\"summary_large_image\" \/>\n<meta name=\"twitter:label1\" content=\"Dur\u00e9e de lecture estim\u00e9e\" \/>\n\t<meta name=\"twitter:data1\" content=\"2 minutes\" \/>\n<script type=\"application\/ld+json\" class=\"yoast-schema-graph\">{\"@context\":\"https:\/\/schema.org\",\"@graph\":[{\"@type\":\"WebPage\",\"@id\":\"https:\/\/classicissima.it\/fr\/voyager\/aeroports\/\",\"url\":\"https:\/\/classicissima.it\/fr\/voyager\/aeroports\/\",\"name\":\"A\u00e9roports - GRANFONDO SANREMO SANREMO 2026\",\"isPartOf\":{\"@id\":\"https:\/\/classicissima.it\/#website\"},\"datePublished\":\"2013-06-17T10:50:02+00:00\",\"dateModified\":\"2023-06-28T09:32:32+00:00\",\"description\":\"A\u00e9roports pour rejoindre Sanremo, a\u00e9roports de Nice et de Genova. Nous organisons vos transferts \u00e0 San Remo.\",\"breadcrumb\":{\"@id\":\"https:\/\/classicissima.it\/fr\/voyager\/aeroports\/#breadcrumb\"},\"inLanguage\":\"fr-FR\",\"potentialAction\":[{\"@type\":\"ReadAction\",\"target\":[\"https:\/\/classicissima.it\/fr\/voyager\/aeroports\/\"]}]},{\"@type\":\"BreadcrumbList\",\"@id\":\"https:\/\/classicissima.it\/fr\/voyager\/aeroports\/#breadcrumb\",\"itemListElement\":[{\"@type\":\"ListItem\",\"position\":1,\"name\":\"Home\",\"item\":\"https:\/\/classicissima.it\/fr\/\"},{\"@type\":\"ListItem\",\"position\":2,\"name\":\"3.VOYAGE\",\"item\":\"https:\/\/classicissima.it\/fr\/voyager\/\"},{\"@type\":\"ListItem\",\"position\":3,\"name\":\"A\u00e9roports\"}]},{\"@type\":\"WebSite\",\"@id\":\"https:\/\/classicissima.it\/#website\",\"url\":\"https:\/\/classicissima.it\/\",\"name\":\"GRANFONDO SANREMO SANREMO 2026\",\"description\":\"La Classicissima 22.03.2026\",\"potentialAction\":[{\"@type\":\"SearchAction\",\"target\":{\"@type\":\"EntryPoint\",\"urlTemplate\":\"https:\/\/classicissima.it\/?s={search_term_string}\"},\"query-input\":{\"@type\":\"PropertyValueSpecification\",\"valueRequired\":true,\"valueName\":\"search_term_string\"}}],\"inLanguage\":\"fr-FR\"}]}<\/script>\n<!-- \/ Yoast SEO plugin. -->","yoast_head_json":{"title":"A\u00e9roports - GRANFONDO SANREMO SANREMO 2026","description":"A\u00e9roports pour rejoindre Sanremo, a\u00e9roports de Nice et de Genova. Nous organisons vos transferts \u00e0 San Remo.","robots":{"index":"index","follow":"follow","max-snippet":"max-snippet:-1","max-image-preview":"max-image-preview:large","max-video-preview":"max-video-preview:-1"},"canonical":"https:\/\/classicissima.it\/fr\/voyager\/aeroports\/","og_locale":"fr_FR","og_type":"article","og_title":"A\u00e9roports - GRANFONDO SANREMO SANREMO 2026","og_description":"A\u00e9roports pour rejoindre Sanremo, a\u00e9roports de Nice et de Genova. Nous organisons vos transferts \u00e0 San Remo.","og_url":"https:\/\/classicissima.it\/fr\/voyager\/aeroports\/","og_site_name":"GRANFONDO SANREMO SANREMO 2026","article_modified_time":"2023-06-28T09:32:32+00:00","twitter_card":"summary_large_image","twitter_misc":{"Dur\u00e9e de lecture estim\u00e9e":"2 minutes"},"schema":{"@context":"https:\/\/schema.org","@graph":[{"@type":"WebPage","@id":"https:\/\/classicissima.it\/fr\/voyager\/aeroports\/","url":"https:\/\/classicissima.it\/fr\/voyager\/aeroports\/","name":"A\u00e9roports - GRANFONDO SANREMO SANREMO 2026","isPartOf":{"@id":"https:\/\/classicissima.it\/#website"},"datePublished":"2013-06-17T10:50:02+00:00","dateModified":"2023-06-28T09:32:32+00:00","description":"A\u00e9roports pour rejoindre Sanremo, a\u00e9roports de Nice et de Genova. Nous organisons vos transferts \u00e0 San Remo.","breadcrumb":{"@id":"https:\/\/classicissima.it\/fr\/voyager\/aeroports\/#breadcrumb"},"inLanguage":"fr-FR","potentialAction":[{"@type":"ReadAction","target":["https:\/\/classicissima.it\/fr\/voyager\/aeroports\/"]}]},{"@type":"BreadcrumbList","@id":"https:\/\/classicissima.it\/fr\/voyager\/aeroports\/#breadcrumb","itemListElement":[{"@type":"ListItem","position":1,"name":"Home","item":"https:\/\/classicissima.it\/fr\/"},{"@type":"ListItem","position":2,"name":"3.VOYAGE","item":"https:\/\/classicissima.it\/fr\/voyager\/"},{"@type":"ListItem","position":3,"name":"A\u00e9roports"}]},{"@type":"WebSite","@id":"https:\/\/classicissima.it\/#website","url":"https:\/\/classicissima.it\/","name":"GRANFONDO SANREMO SANREMO 2026","description":"La Classicissima 22.03.2026","potentialAction":[{"@type":"SearchAction","target":{"@type":"EntryPoint","urlTemplate":"https:\/\/classicissima.it\/?s={search_term_string}"},"query-input":{"@type":"PropertyValueSpecification","valueRequired":true,"valueName":"search_term_string"}}],"inLanguage":"fr-FR"}]}},"_links":{"self":[{"href":"https:\/\/classicissima.it\/fr\/wp-json\/wp\/v2\/pages\/1813","targetHints":{"allow":["GET"]}}],"collection":[{"href":"https:\/\/classicissima.it\/fr\/wp-json\/wp\/v2\/pages"}],"about":[{"href":"https:\/\/classicissima.it\/fr\/wp-json\/wp\/v2\/types\/page"}],"author":[{"embeddable":true,"href":"https:\/\/classicissima.it\/fr\/wp-json\/wp\/v2\/users\/1"}],"replies":[{"embeddable":true,"href":"https:\/\/classicissima.it\/fr\/wp-json\/wp\/v2\/comments?post=1813"}],"version-history":[{"count":15,"href":"https:\/\/classicissima.it\/fr\/wp-json\/wp\/v2\/pages\/1813\/revisions"}],"predecessor-version":[{"id":12716,"href":"https:\/\/classicissima.it\/fr\/wp-json\/wp\/v2\/pages\/1813\/revisions\/12716"}],"up":[{"embeddable":true,"href":"https:\/\/classicissima.it\/fr\/wp-json\/wp\/v2\/pages\/1619"}],"wp:attachment":[{"href":"https:\/\/classicissima.it\/fr\/wp-json\/wp\/v2\/media?parent=1813"}],"curies":[{"name":"wp","href":"https:\/\/api.w.org\/{rel}","templated":true}]}}