{"id":1850,"date":"2013-06-17T11:38:17","date_gmt":"2013-06-17T11:38:17","guid":{"rendered":"http:\/\/milano-sanremo.org\/?page_id=1850"},"modified":"2023-07-03T07:30:10","modified_gmt":"2023-07-03T07:30:10","slug":"questions-frequentes","status":"publish","type":"page","link":"https:\/\/classicissima.it\/fr\/5-info\/questions-frequentes\/","title":{"rendered":"QUESTIONS FR\u00c9QUENTES"},"content":{"rendered":"<h2>Nous avons r\u00e9uni sur cette page les questions qui nous sont le plus souvent adress\u00e9es. Nous sommes \u00e9galement \u00e0 votre disposition pour r\u00e9pondre \u00e0 toute autre question : n&rsquo;h\u00e9sitez pas \u00e0 nous contacter !<\/h2>\n<p>&nbsp;<\/p>\n<h3><strong>LA COURSE <\/strong><\/h3>\n<p><strong>Est-il possible d&rsquo;\u00eatre suivi par son propre v\u00e9hicule lors de la course ?<\/strong><\/p>\n<p>Votre v\u00e9hicule a le droit de vous suivre tout au long du parcours, sauf dans les trajets chronom\u00e9tr\u00e9s.<\/p>\n<p><strong>Y a-t-il diff\u00e9rentes grilles de d\u00e9part ? <\/strong><\/p>\n<p>L&rsquo;\u00e9v\u00e9nement ne pr\u00e9voit qu&rsquo;une seule grille de d\u00e9part.<\/p>\n<p><strong>Des ravitaillements sont-ils pr\u00e9vus ?<\/strong><\/p>\n<p>Un ravitaillement est pr\u00e9vu \u00e0 mi-course.<\/p>\n<p><strong>Si un\u00a0probl\u00e8me\u00a0physique et\/ou\u00a0m\u00e9canique\u00a0de ma bicyclette m&#8217;emp\u00eachait de continuer la course, comment pourrai-je rentrer?\u00a0<\/strong><\/p>\n<p>L&rsquo;organisation met \u00e0 disposition un service m\u00e9cano qui vient en aide aux participants tout au long du parcours. Le num\u00e9ro de portable du m\u00e9canicien sera communiqu\u00e9 en m\u00eame temps que le pack de la course.<br \/>\nL&rsquo;organisation\u00a0dispose aussi d&rsquo;une voiture-balai qui peut venir en aide participants qui abandonneront la course.<\/p>\n","protected":false},"excerpt":{"rendered":"<p>Nous avons r\u00e9uni sur cette page les questions qui nous sont le plus souvent adress\u00e9es. Nous sommes \u00e9galement \u00e0 votre disposition pour r\u00e9pondre \u00e0 toute autre question : n&rsquo;h\u00e9sitez pas \u00e0 nous contacter ! &nbsp; LA COURSE Est-il possible d&rsquo;\u00eatre suivi par son propre v\u00e9hicule lors de la course ? Votre v\u00e9hicule a le droit [&hellip;]<\/p>\n","protected":false},"author":1,"featured_media":0,"parent":9843,"menu_order":0,"comment_status":"open","ping_status":"closed","template":"","meta":{"_et_pb_use_builder":"","_et_pb_old_content":"","_et_gb_content_width":"","footnotes":""},"class_list":["post-1850","page","type-page","status-publish","hentry"],"yoast_head":"<!-- This site is optimized with the Yoast SEO plugin v26.5 - https:\/\/yoast.com\/wordpress\/plugins\/seo\/ -->\n<title>QUESTIONS FR\u00c9QUENTES - GRANFONDO SANREMO SANREMO 2026<\/title>\n<meta name=\"description\" content=\"Vous trouvez ici des questions fr\u00e9quentes sur la Granfondo Sanremo Sanremo La Classicissima, grilles de d\u00e9part, ravitaillements\" \/>\n<meta name=\"robots\" content=\"index, follow, max-snippet:-1, max-image-preview:large, max-video-preview:-1\" \/>\n<link rel=\"canonical\" href=\"https:\/\/classicissima.it\/fr\/5-info\/questions-frequentes\/\" \/>\n<meta property=\"og:locale\" content=\"fr_FR\" \/>\n<meta property=\"og:type\" content=\"article\" \/>\n<meta property=\"og:title\" content=\"QUESTIONS FR\u00c9QUENTES - GRANFONDO SANREMO SANREMO 2026\" \/>\n<meta property=\"og:description\" content=\"Vous trouvez ici des questions fr\u00e9quentes sur la Granfondo Sanremo Sanremo La Classicissima, grilles de d\u00e9part, ravitaillements\" \/>\n<meta property=\"og:url\" content=\"https:\/\/classicissima.it\/fr\/5-info\/questions-frequentes\/\" \/>\n<meta property=\"og:site_name\" content=\"GRANFONDO SANREMO SANREMO 2026\" \/>\n<meta property=\"article:modified_time\" content=\"2023-07-03T07:30:10+00:00\" \/>\n<meta name=\"twitter:card\" content=\"summary_large_image\" \/>\n<meta name=\"twitter:label1\" content=\"Dur\u00e9e de lecture estim\u00e9e\" \/>\n\t<meta name=\"twitter:data1\" content=\"1 minute\" \/>\n<script type=\"application\/ld+json\" class=\"yoast-schema-graph\">{\"@context\":\"https:\/\/schema.org\",\"@graph\":[{\"@type\":\"WebPage\",\"@id\":\"https:\/\/classicissima.it\/fr\/5-info\/questions-frequentes\/\",\"url\":\"https:\/\/classicissima.it\/fr\/5-info\/questions-frequentes\/\",\"name\":\"QUESTIONS FR\u00c9QUENTES - GRANFONDO SANREMO SANREMO 2026\",\"isPartOf\":{\"@id\":\"https:\/\/classicissima.it\/#website\"},\"datePublished\":\"2013-06-17T11:38:17+00:00\",\"dateModified\":\"2023-07-03T07:30:10+00:00\",\"description\":\"Vous trouvez ici des questions fr\u00e9quentes sur la Granfondo Sanremo Sanremo La Classicissima, grilles de d\u00e9part, ravitaillements\",\"breadcrumb\":{\"@id\":\"https:\/\/classicissima.it\/fr\/5-info\/questions-frequentes\/#breadcrumb\"},\"inLanguage\":\"fr-FR\",\"potentialAction\":[{\"@type\":\"ReadAction\",\"target\":[\"https:\/\/classicissima.it\/fr\/5-info\/questions-frequentes\/\"]}]},{\"@type\":\"BreadcrumbList\",\"@id\":\"https:\/\/classicissima.it\/fr\/5-info\/questions-frequentes\/#breadcrumb\",\"itemListElement\":[{\"@type\":\"ListItem\",\"position\":1,\"name\":\"Home\",\"item\":\"https:\/\/classicissima.it\/fr\/\"},{\"@type\":\"ListItem\",\"position\":2,\"name\":\"5.INFO\",\"item\":\"https:\/\/classicissima.it\/fr\/5-info\/\"},{\"@type\":\"ListItem\",\"position\":3,\"name\":\"QUESTIONS FR\u00c9QUENTES\"}]},{\"@type\":\"WebSite\",\"@id\":\"https:\/\/classicissima.it\/#website\",\"url\":\"https:\/\/classicissima.it\/\",\"name\":\"GRANFONDO SANREMO SANREMO 2026\",\"description\":\"La Classicissima 22.03.2026\",\"potentialAction\":[{\"@type\":\"SearchAction\",\"target\":{\"@type\":\"EntryPoint\",\"urlTemplate\":\"https:\/\/classicissima.it\/?s={search_term_string}\"},\"query-input\":{\"@type\":\"PropertyValueSpecification\",\"valueRequired\":true,\"valueName\":\"search_term_string\"}}],\"inLanguage\":\"fr-FR\"}]}<\/script>\n<!-- \/ Yoast SEO plugin. -->","yoast_head_json":{"title":"QUESTIONS FR\u00c9QUENTES - GRANFONDO SANREMO SANREMO 2026","description":"Vous trouvez ici des questions fr\u00e9quentes sur la Granfondo Sanremo Sanremo La Classicissima, grilles de d\u00e9part, ravitaillements","robots":{"index":"index","follow":"follow","max-snippet":"max-snippet:-1","max-image-preview":"max-image-preview:large","max-video-preview":"max-video-preview:-1"},"canonical":"https:\/\/classicissima.it\/fr\/5-info\/questions-frequentes\/","og_locale":"fr_FR","og_type":"article","og_title":"QUESTIONS FR\u00c9QUENTES - GRANFONDO SANREMO SANREMO 2026","og_description":"Vous trouvez ici des questions fr\u00e9quentes sur la Granfondo Sanremo Sanremo La Classicissima, grilles de d\u00e9part, ravitaillements","og_url":"https:\/\/classicissima.it\/fr\/5-info\/questions-frequentes\/","og_site_name":"GRANFONDO SANREMO SANREMO 2026","article_modified_time":"2023-07-03T07:30:10+00:00","twitter_card":"summary_large_image","twitter_misc":{"Dur\u00e9e de lecture estim\u00e9e":"1 minute"},"schema":{"@context":"https:\/\/schema.org","@graph":[{"@type":"WebPage","@id":"https:\/\/classicissima.it\/fr\/5-info\/questions-frequentes\/","url":"https:\/\/classicissima.it\/fr\/5-info\/questions-frequentes\/","name":"QUESTIONS FR\u00c9QUENTES - GRANFONDO SANREMO SANREMO 2026","isPartOf":{"@id":"https:\/\/classicissima.it\/#website"},"datePublished":"2013-06-17T11:38:17+00:00","dateModified":"2023-07-03T07:30:10+00:00","description":"Vous trouvez ici des questions fr\u00e9quentes sur la Granfondo Sanremo Sanremo La Classicissima, grilles de d\u00e9part, ravitaillements","breadcrumb":{"@id":"https:\/\/classicissima.it\/fr\/5-info\/questions-frequentes\/#breadcrumb"},"inLanguage":"fr-FR","potentialAction":[{"@type":"ReadAction","target":["https:\/\/classicissima.it\/fr\/5-info\/questions-frequentes\/"]}]},{"@type":"BreadcrumbList","@id":"https:\/\/classicissima.it\/fr\/5-info\/questions-frequentes\/#breadcrumb","itemListElement":[{"@type":"ListItem","position":1,"name":"Home","item":"https:\/\/classicissima.it\/fr\/"},{"@type":"ListItem","position":2,"name":"5.INFO","item":"https:\/\/classicissima.it\/fr\/5-info\/"},{"@type":"ListItem","position":3,"name":"QUESTIONS FR\u00c9QUENTES"}]},{"@type":"WebSite","@id":"https:\/\/classicissima.it\/#website","url":"https:\/\/classicissima.it\/","name":"GRANFONDO SANREMO SANREMO 2026","description":"La Classicissima 22.03.2026","potentialAction":[{"@type":"SearchAction","target":{"@type":"EntryPoint","urlTemplate":"https:\/\/classicissima.it\/?s={search_term_string}"},"query-input":{"@type":"PropertyValueSpecification","valueRequired":true,"valueName":"search_term_string"}}],"inLanguage":"fr-FR"}]}},"_links":{"self":[{"href":"https:\/\/classicissima.it\/fr\/wp-json\/wp\/v2\/pages\/1850","targetHints":{"allow":["GET"]}}],"collection":[{"href":"https:\/\/classicissima.it\/fr\/wp-json\/wp\/v2\/pages"}],"about":[{"href":"https:\/\/classicissima.it\/fr\/wp-json\/wp\/v2\/types\/page"}],"author":[{"embeddable":true,"href":"https:\/\/classicissima.it\/fr\/wp-json\/wp\/v2\/users\/1"}],"replies":[{"embeddable":true,"href":"https:\/\/classicissima.it\/fr\/wp-json\/wp\/v2\/comments?post=1850"}],"version-history":[{"count":19,"href":"https:\/\/classicissima.it\/fr\/wp-json\/wp\/v2\/pages\/1850\/revisions"}],"predecessor-version":[{"id":12711,"href":"https:\/\/classicissima.it\/fr\/wp-json\/wp\/v2\/pages\/1850\/revisions\/12711"}],"up":[{"embeddable":true,"href":"https:\/\/classicissima.it\/fr\/wp-json\/wp\/v2\/pages\/9843"}],"wp:attachment":[{"href":"https:\/\/classicissima.it\/fr\/wp-json\/wp\/v2\/media?parent=1850"}],"curies":[{"name":"wp","href":"https:\/\/api.w.org\/{rel}","templated":true}]}}