{"id":1872,"date":"2013-06-17T12:08:04","date_gmt":"2013-06-17T12:08:04","guid":{"rendered":"http:\/\/milano-sanremo.org\/?page_id=1872"},"modified":"2025-10-17T13:56:09","modified_gmt":"2025-10-17T13:56:09","slug":"cyclotourisme-a-san-remo","status":"publish","type":"page","link":"https:\/\/classicissima.it\/fr\/voyager\/cyclotourisme-a-san-remo\/","title":{"rendered":"Cyclotourisme \u00e0 San Remo"},"content":{"rendered":"<p>[et_pb_section fb_built=\u00a0\u00bb1&Prime; admin_label=\u00a0\u00bbsection\u00a0\u00bb _builder_version=\u00a0\u00bb4.16&Prime; global_colors_info=\u00a0\u00bb{}\u00a0\u00bb][et_pb_row admin_label=\u00a0\u00bbrow\u00a0\u00bb _builder_version=\u00a0\u00bb4.16&Prime; background_size=\u00a0\u00bbinitial\u00a0\u00bb background_position=\u00a0\u00bbtop_left\u00a0\u00bb background_repeat=\u00a0\u00bbrepeat\u00a0\u00bb global_colors_info=\u00a0\u00bb{}\u00a0\u00bb][et_pb_column type=\u00a0\u00bb4_4&Prime; _builder_version=\u00a0\u00bb4.16&Prime; custom_padding=\u00a0\u00bb|||\u00a0\u00bb global_colors_info=\u00a0\u00bb{}\u00a0\u00bb custom_padding__hover=\u00a0\u00bb|||\u00a0\u00bb][et_pb_text admin_label=\u00a0\u00bbText\u00a0\u00bb _builder_version=\u00a0\u00bb4.27.4&Prime; background_size=\u00a0\u00bbinitial\u00a0\u00bb background_position=\u00a0\u00bbtop_left\u00a0\u00bb background_repeat=\u00a0\u00bbrepeat\u00a0\u00bb hover_enabled=\u00a0\u00bb0&Prime; global_colors_info=\u00a0\u00bb{}\u00a0\u00bb sticky_enabled=\u00a0\u00bb0&Prime;]<\/p>\n<h5>Un climat doux toute l&rsquo;ann\u00e9e, la mer magnifique, des fleurs splendides, des palmiers centenaires et des \u00e9v\u00e9nements de grande renomm\u00e9e.<\/h5>\n<p style=\"text-align: center;\"><img loading=\"lazy\" decoding=\"async\" class=\"aligncenter size-full wp-image-9596\" src=\"https:\/\/classicissima.it\/wp-content\/uploads\/2018\/07\/sanremo-pista-ciclabile.jpg\" alt=\"\" width=\"500\" height=\"332\" srcset=\"https:\/\/classicissima.it\/wp-content\/uploads\/2018\/07\/sanremo-pista-ciclabile.jpg 500w, https:\/\/classicissima.it\/wp-content\/uploads\/2018\/07\/sanremo-pista-ciclabile-300x199.jpg 300w\" sizes=\"(max-width: 500px) 100vw, 500px\" \/><\/p>\n<p>C&rsquo;est dans ce cadre splendide que se d\u00e9roule en mars, depuis plus d&rsquo;un si\u00e8cle, la \u00ab\u00a0Classicissima di Primavera\u00a0\u00bb (Classique du Printemps), qui lance la saison des grandes course classiques.<\/p>\n<p>En participant \u00e0 la Granfondo Sanremo &#8211; Sanremo la \u00ab\u00a0Classicissima\u00a0\u00bb, vous pourrez vous lancer un d\u00e9fi sur les routes de la plus longue course en ligne du monde. Mais si vous le souhaitez, vous pourrez \u00e9galement profiter de l&rsquo;occasion pour passer des vacances sportives \u00e0 San Remo.<\/p>\n<p>La toute nouvelle piste cyclable, qui se d\u00e9ploie le long de la mer en suivant le trac\u00e9 de l&rsquo;ancienne ligne de chemins de fer, vous permettra d&rsquo;atteindre, dans un cadre naturel unique, les localit\u00e9s d&rsquo;un arri\u00e8re-pays pr\u00e9serv\u00e9 et parsem\u00e9 de charmants villages m\u00e9di\u00e9vaux, o\u00f9 vous partirez \u00e0 la d\u00e9couverte de parcours \u00e0 la fois envo\u00fbtants et passionnants.<\/p>\n<p><strong>Nous avons pr\u00e9par\u00e9 un programme sp\u00e9cialement pour les participants de la Granfondo San Remo -San Remo:<\/strong><\/p>\n<p><strong>mardi 24 mars 2026<\/strong><\/p>\n<p>matin\u00e9e libre pour relaxer<\/p>\n<p><strong>14 h<\/strong> \u00e9chauffement sur la piste cyclable du parc c\u00f4tier de la Ligure\u00a0<strong>:<br \/>San Remo \u2013 San Lorenzo al Mare \u2013 Taggia \u2013 San Remo<br \/><\/strong>total de 40 km sur le plat<\/p>\n<p>&nbsp;<\/p>\n<p><strong>mercredi 25 mars 2026<\/strong><\/p>\n<p><strong>9 h 30 Circuit des fleurs<\/strong>, \u00e9tape dans l\u2019arri\u00e8re-pays des Alpes maritimes du 84\u00e8me Giro 2001<br \/><em>total 130 km environ.<\/em><\/p>\n<p><em>La course rose empruntait la via Aurelia, traversant Ospedaletti, Bordighera, Vallecrosia, Camporosso Mare, jusqu\u2019\u00e0 Nervia o\u00f9 l\u2019on s\u2019engageait dans la vall\u00e9e de la Nervia jusqu\u2019\u00e0 Isolabona, pour ensuite tourner vers Apricale et grimper vers Baiardo (900 m\u00e8tres d\u2019altitude, premier Grand Prix de la Montagne). De l\u00e0 elle continuait vers Passo Ghimberga (898\u00a0<em>m\u00e8tres d\u2019altitude<\/em>), Ceriana et le Poggio de San Remo, pris en sens inverse, puis remontait la vall\u00e9e Argentina, avec passage par Taggia, Badalucco, Molini di Triora, puis mont\u00e9e vers le croisement du Langan (1093 <em>m\u00e8tres d\u2019altitude<\/em>) pour enfin affronter le Mont Ceppo (1504 <em>m\u00e8tres d\u2019altitude<\/em>, deuxi\u00e8me Grand Prix de la Montagne). Puis l\u2019on rentrait sur San Remo apr\u00e8s un second passage sur le Ghimbegna.<\/em><\/p>\n<p><strong>Si ce programme d\u2019apr\u00e8s-course vous int\u00e9resse, merci de nous <a href=\"https:\/\/classicissima.it\/fr\/5-info\/informations-contactez-nous\/\" target=\"_blank\" rel=\"noopener\">contacter<\/a> pour recevoir plus d\u2019informations ainsi que nos tarifs.<\/strong><\/p>\n<p>[\/et_pb_text][\/et_pb_column][\/et_pb_row][\/et_pb_section]<\/p>\n","protected":false},"excerpt":{"rendered":"<p>Un climat doux toute l&rsquo;ann\u00e9e, la mer magnifique, des fleurs splendides, des palmiers centenaires et des \u00e9v\u00e9nements de grande renomm\u00e9e. C&rsquo;est dans ce cadre splendide que se d\u00e9roule en mars, depuis plus d&rsquo;un si\u00e8cle, la \u00ab\u00a0Classicissima di Primavera\u00a0\u00bb (Classique du Printemps), qui lance la saison des grandes course classiques. En participant \u00e0 la Granfondo Sanremo [&hellip;]<\/p>\n","protected":false},"author":1,"featured_media":0,"parent":1619,"menu_order":0,"comment_status":"closed","ping_status":"closed","template":"","meta":{"_et_pb_use_builder":"on","_et_pb_old_content":"<h5>Un climat doux toute l'ann\u00e9e, la mer magnifique, des fleurs splendides, des palmiers centenaires et des \u00e9v\u00e9nements de grande renomm\u00e9e.<\/h5>\r\n<p style=\"text-align: center;\"><img class=\"aligncenter size-full wp-image-9596\" src=\"https:\/\/classicissima.it\/wp-content\/uploads\/2018\/07\/sanremo-pista-ciclabile.jpg\" alt=\"\" width=\"500\" height=\"332\" \/><\/p>\r\nC'est dans ce cadre splendide que se d\u00e9roule en mars, depuis plus d'un si\u00e8cle, la \"Classicissima di Primavera\" (Classique du Printemps), qui lance la saison des grandes course classiques.\r\n\r\nEn participant \u00e0 la Granfondo Sanremo - Sanremo la \"Classicissima\", vous pourrez vous lancer un d\u00e9fi sur les routes de la plus longue course en ligne du monde. Mais si vous le souhaitez, vous pourrez \u00e9galement profiter de l'occasion pour passer des vacances sportives \u00e0 San Remo.\r\n\r\nLa toute nouvelle piste cyclable, qui se d\u00e9ploie le long de la mer en suivant le trac\u00e9 de l'ancienne ligne de chemins de fer, vous permettra d'atteindre, dans un cadre naturel unique, les localit\u00e9s d'un arri\u00e8re-pays pr\u00e9serv\u00e9 et parsem\u00e9 de charmants villages m\u00e9di\u00e9vaux, o\u00f9 vous partirez \u00e0 la d\u00e9couverte de parcours \u00e0 la fois envo\u00fbtants et passionnants.\r\n\r\n<strong>Nous avons pr\u00e9par\u00e9 un programme sp\u00e9cialement pour les participants de la Granfondo San Remo -San Remo:<\/strong>\r\n\r\n<strong>mardi 25 mars 2025<\/strong>\r\n\r\nmatin\u00e9e libre pour relaxer\r\n\r\n<strong>14 h<\/strong> \u00e9chauffement sur la piste cyclable du parc c\u00f4tier de la Ligure\u00a0<strong>:\r\nSan Remo \u2013 San Lorenzo al Mare \u2013 Taggia \u2013 San Remo\r\n<\/strong>total de 40 km sur le plat\r\n\r\n&nbsp;\r\n\r\n<strong>mercredi 26 mars 2025<\/strong>\r\n\r\n<strong>9 h 30 Circuit des fleurs<\/strong>, \u00e9tape dans l\u2019arri\u00e8re-pays des Alpes maritimes du 84\u00e8me Giro 2001\r\n<em>total 130 km environ.<\/em>\r\n\r\n<em>La course rose empruntait la via Aurelia, traversant Ospedaletti, Bordighera, Vallecrosia, Camporosso Mare, jusqu\u2019\u00e0 Nervia o\u00f9 l\u2019on s\u2019engageait dans la vall\u00e9e de la Nervia jusqu\u2019\u00e0 Isolabona, pour ensuite tourner vers Apricale et grimper vers Baiardo (900 m\u00e8tres d\u2019altitude, premier Grand Prix de la Montagne). De l\u00e0 elle continuait vers Passo Ghimberga (898\u00a0<em>m\u00e8tres d\u2019altitude<\/em>), Ceriana et le Poggio de San Remo, pris en sens inverse, puis remontait la vall\u00e9e Argentina, avec passage par Taggia, Badalucco, Molini di Triora, puis mont\u00e9e vers le croisement du Langan (1093 <em>m\u00e8tres d\u2019altitude<\/em>) pour enfin affronter le Mont Ceppo (1504 <em>m\u00e8tres d\u2019altitude<\/em>, deuxi\u00e8me Grand Prix de la Montagne). Puis l\u2019on rentrait sur San Remo apr\u00e8s un second passage sur le Ghimbegna.<\/em>\r\n\r\n<strong>Si ce programme d\u2019apr\u00e8s-course vous int\u00e9resse, merci de nous <a href=\"https:\/\/classicissima.it\/fr\/5-info\/informations-contactez-nous\/\" target=\"_blank\" rel=\"noopener\">contacter<\/a> pour recevoir plus d\u2019informations ainsi que nos tarifs.<\/strong>","_et_gb_content_width":"","footnotes":""},"class_list":["post-1872","page","type-page","status-publish","hentry"],"yoast_head":"<!-- This site is optimized with the Yoast SEO plugin v26.5 - https:\/\/yoast.com\/wordpress\/plugins\/seo\/ -->\n<title>Cyclotourisme \u00e0 San Remo - GRANFONDO SANREMO SANREMO 2026<\/title>\n<meta name=\"description\" content=\"Reservez vos vacances sportives et cyclotourisme \u00e0 San Remo. Excursions \u00e0 velo dans la pyste cyclable le long de la mer, villages m\u00e9di\u00e9vaux\" \/>\n<meta name=\"robots\" content=\"index, follow, max-snippet:-1, max-image-preview:large, max-video-preview:-1\" \/>\n<link rel=\"canonical\" href=\"https:\/\/classicissima.it\/fr\/voyager\/cyclotourisme-a-san-remo\/\" \/>\n<meta property=\"og:locale\" content=\"fr_FR\" \/>\n<meta property=\"og:type\" content=\"article\" \/>\n<meta property=\"og:title\" content=\"Cyclotourisme \u00e0 San Remo - GRANFONDO SANREMO SANREMO 2026\" \/>\n<meta property=\"og:description\" content=\"Reservez vos vacances sportives et cyclotourisme \u00e0 San Remo. Excursions \u00e0 velo dans la pyste cyclable le long de la mer, villages m\u00e9di\u00e9vaux\" \/>\n<meta property=\"og:url\" content=\"https:\/\/classicissima.it\/fr\/voyager\/cyclotourisme-a-san-remo\/\" \/>\n<meta property=\"og:site_name\" content=\"GRANFONDO SANREMO SANREMO 2026\" \/>\n<meta property=\"article:modified_time\" content=\"2025-10-17T13:56:09+00:00\" \/>\n<meta property=\"og:image\" content=\"https:\/\/classicissima.it\/wp-content\/uploads\/2018\/07\/sanremo-pista-ciclabile.jpg\" \/>\n<meta name=\"twitter:card\" content=\"summary_large_image\" \/>\n<meta name=\"twitter:label1\" content=\"Dur\u00e9e de lecture estim\u00e9e\" \/>\n\t<meta name=\"twitter:data1\" content=\"3 minutes\" \/>\n<script type=\"application\/ld+json\" class=\"yoast-schema-graph\">{\"@context\":\"https:\/\/schema.org\",\"@graph\":[{\"@type\":\"WebPage\",\"@id\":\"https:\/\/classicissima.it\/fr\/voyager\/cyclotourisme-a-san-remo\/\",\"url\":\"https:\/\/classicissima.it\/fr\/voyager\/cyclotourisme-a-san-remo\/\",\"name\":\"Cyclotourisme \u00e0 San Remo - GRANFONDO SANREMO SANREMO 2026\",\"isPartOf\":{\"@id\":\"https:\/\/classicissima.it\/#website\"},\"primaryImageOfPage\":{\"@id\":\"https:\/\/classicissima.it\/fr\/voyager\/cyclotourisme-a-san-remo\/#primaryimage\"},\"image\":{\"@id\":\"https:\/\/classicissima.it\/fr\/voyager\/cyclotourisme-a-san-remo\/#primaryimage\"},\"thumbnailUrl\":\"https:\/\/classicissima.it\/wp-content\/uploads\/2018\/07\/sanremo-pista-ciclabile.jpg\",\"datePublished\":\"2013-06-17T12:08:04+00:00\",\"dateModified\":\"2025-10-17T13:56:09+00:00\",\"description\":\"Reservez vos vacances sportives et cyclotourisme \u00e0 San Remo. Excursions \u00e0 velo dans la pyste cyclable le long de la mer, villages m\u00e9di\u00e9vaux\",\"breadcrumb\":{\"@id\":\"https:\/\/classicissima.it\/fr\/voyager\/cyclotourisme-a-san-remo\/#breadcrumb\"},\"inLanguage\":\"fr-FR\",\"potentialAction\":[{\"@type\":\"ReadAction\",\"target\":[\"https:\/\/classicissima.it\/fr\/voyager\/cyclotourisme-a-san-remo\/\"]}]},{\"@type\":\"ImageObject\",\"inLanguage\":\"fr-FR\",\"@id\":\"https:\/\/classicissima.it\/fr\/voyager\/cyclotourisme-a-san-remo\/#primaryimage\",\"url\":\"https:\/\/classicissima.it\/wp-content\/uploads\/2018\/07\/sanremo-pista-ciclabile.jpg\",\"contentUrl\":\"https:\/\/classicissima.it\/wp-content\/uploads\/2018\/07\/sanremo-pista-ciclabile.jpg\"},{\"@type\":\"BreadcrumbList\",\"@id\":\"https:\/\/classicissima.it\/fr\/voyager\/cyclotourisme-a-san-remo\/#breadcrumb\",\"itemListElement\":[{\"@type\":\"ListItem\",\"position\":1,\"name\":\"Home\",\"item\":\"https:\/\/classicissima.it\/fr\/\"},{\"@type\":\"ListItem\",\"position\":2,\"name\":\"3.VOYAGE\",\"item\":\"https:\/\/classicissima.it\/fr\/voyager\/\"},{\"@type\":\"ListItem\",\"position\":3,\"name\":\"Cyclotourisme \u00e0 San Remo\"}]},{\"@type\":\"WebSite\",\"@id\":\"https:\/\/classicissima.it\/#website\",\"url\":\"https:\/\/classicissima.it\/\",\"name\":\"GRANFONDO SANREMO SANREMO 2026\",\"description\":\"La Classicissima 22.03.2026\",\"potentialAction\":[{\"@type\":\"SearchAction\",\"target\":{\"@type\":\"EntryPoint\",\"urlTemplate\":\"https:\/\/classicissima.it\/?s={search_term_string}\"},\"query-input\":{\"@type\":\"PropertyValueSpecification\",\"valueRequired\":true,\"valueName\":\"search_term_string\"}}],\"inLanguage\":\"fr-FR\"}]}<\/script>\n<!-- \/ Yoast SEO plugin. -->","yoast_head_json":{"title":"Cyclotourisme \u00e0 San Remo - GRANFONDO SANREMO SANREMO 2026","description":"Reservez vos vacances sportives et cyclotourisme \u00e0 San Remo. Excursions \u00e0 velo dans la pyste cyclable le long de la mer, villages m\u00e9di\u00e9vaux","robots":{"index":"index","follow":"follow","max-snippet":"max-snippet:-1","max-image-preview":"max-image-preview:large","max-video-preview":"max-video-preview:-1"},"canonical":"https:\/\/classicissima.it\/fr\/voyager\/cyclotourisme-a-san-remo\/","og_locale":"fr_FR","og_type":"article","og_title":"Cyclotourisme \u00e0 San Remo - GRANFONDO SANREMO SANREMO 2026","og_description":"Reservez vos vacances sportives et cyclotourisme \u00e0 San Remo. Excursions \u00e0 velo dans la pyste cyclable le long de la mer, villages m\u00e9di\u00e9vaux","og_url":"https:\/\/classicissima.it\/fr\/voyager\/cyclotourisme-a-san-remo\/","og_site_name":"GRANFONDO SANREMO SANREMO 2026","article_modified_time":"2025-10-17T13:56:09+00:00","og_image":[{"url":"https:\/\/classicissima.it\/wp-content\/uploads\/2018\/07\/sanremo-pista-ciclabile.jpg","type":"","width":"","height":""}],"twitter_card":"summary_large_image","twitter_misc":{"Dur\u00e9e de lecture estim\u00e9e":"3 minutes"},"schema":{"@context":"https:\/\/schema.org","@graph":[{"@type":"WebPage","@id":"https:\/\/classicissima.it\/fr\/voyager\/cyclotourisme-a-san-remo\/","url":"https:\/\/classicissima.it\/fr\/voyager\/cyclotourisme-a-san-remo\/","name":"Cyclotourisme \u00e0 San Remo - GRANFONDO SANREMO SANREMO 2026","isPartOf":{"@id":"https:\/\/classicissima.it\/#website"},"primaryImageOfPage":{"@id":"https:\/\/classicissima.it\/fr\/voyager\/cyclotourisme-a-san-remo\/#primaryimage"},"image":{"@id":"https:\/\/classicissima.it\/fr\/voyager\/cyclotourisme-a-san-remo\/#primaryimage"},"thumbnailUrl":"https:\/\/classicissima.it\/wp-content\/uploads\/2018\/07\/sanremo-pista-ciclabile.jpg","datePublished":"2013-06-17T12:08:04+00:00","dateModified":"2025-10-17T13:56:09+00:00","description":"Reservez vos vacances sportives et cyclotourisme \u00e0 San Remo. Excursions \u00e0 velo dans la pyste cyclable le long de la mer, villages m\u00e9di\u00e9vaux","breadcrumb":{"@id":"https:\/\/classicissima.it\/fr\/voyager\/cyclotourisme-a-san-remo\/#breadcrumb"},"inLanguage":"fr-FR","potentialAction":[{"@type":"ReadAction","target":["https:\/\/classicissima.it\/fr\/voyager\/cyclotourisme-a-san-remo\/"]}]},{"@type":"ImageObject","inLanguage":"fr-FR","@id":"https:\/\/classicissima.it\/fr\/voyager\/cyclotourisme-a-san-remo\/#primaryimage","url":"https:\/\/classicissima.it\/wp-content\/uploads\/2018\/07\/sanremo-pista-ciclabile.jpg","contentUrl":"https:\/\/classicissima.it\/wp-content\/uploads\/2018\/07\/sanremo-pista-ciclabile.jpg"},{"@type":"BreadcrumbList","@id":"https:\/\/classicissima.it\/fr\/voyager\/cyclotourisme-a-san-remo\/#breadcrumb","itemListElement":[{"@type":"ListItem","position":1,"name":"Home","item":"https:\/\/classicissima.it\/fr\/"},{"@type":"ListItem","position":2,"name":"3.VOYAGE","item":"https:\/\/classicissima.it\/fr\/voyager\/"},{"@type":"ListItem","position":3,"name":"Cyclotourisme \u00e0 San Remo"}]},{"@type":"WebSite","@id":"https:\/\/classicissima.it\/#website","url":"https:\/\/classicissima.it\/","name":"GRANFONDO SANREMO SANREMO 2026","description":"La Classicissima 22.03.2026","potentialAction":[{"@type":"SearchAction","target":{"@type":"EntryPoint","urlTemplate":"https:\/\/classicissima.it\/?s={search_term_string}"},"query-input":{"@type":"PropertyValueSpecification","valueRequired":true,"valueName":"search_term_string"}}],"inLanguage":"fr-FR"}]}},"_links":{"self":[{"href":"https:\/\/classicissima.it\/fr\/wp-json\/wp\/v2\/pages\/1872","targetHints":{"allow":["GET"]}}],"collection":[{"href":"https:\/\/classicissima.it\/fr\/wp-json\/wp\/v2\/pages"}],"about":[{"href":"https:\/\/classicissima.it\/fr\/wp-json\/wp\/v2\/types\/page"}],"author":[{"embeddable":true,"href":"https:\/\/classicissima.it\/fr\/wp-json\/wp\/v2\/users\/1"}],"replies":[{"embeddable":true,"href":"https:\/\/classicissima.it\/fr\/wp-json\/wp\/v2\/comments?post=1872"}],"version-history":[{"count":28,"href":"https:\/\/classicissima.it\/fr\/wp-json\/wp\/v2\/pages\/1872\/revisions"}],"predecessor-version":[{"id":13611,"href":"https:\/\/classicissima.it\/fr\/wp-json\/wp\/v2\/pages\/1872\/revisions\/13611"}],"up":[{"embeddable":true,"href":"https:\/\/classicissima.it\/fr\/wp-json\/wp\/v2\/pages\/1619"}],"wp:attachment":[{"href":"https:\/\/classicissima.it\/fr\/wp-json\/wp\/v2\/media?parent=1872"}],"curies":[{"name":"wp","href":"https:\/\/api.w.org\/{rel}","templated":true}]}}