{"id":7391,"date":"2017-10-05T16:45:40","date_gmt":"2017-10-05T16:45:40","guid":{"rendered":"http:\/\/classicissima.it\/?page_id=7391"},"modified":"2023-07-27T11:03:38","modified_gmt":"2023-07-27T11:03:38","slug":"remise-des-dossards-de-course","status":"publish","type":"page","link":"https:\/\/classicissima.it\/fr\/inscriptions\/remise-des-dossards-de-course\/","title":{"rendered":"Remise des dossards de course"},"content":{"rendered":"<h2>La remise des dossards de course pour la Granfondo San Remo &#8211; San Remo Classicissima se fera apr\u00e8s v\u00e9rification des documents des participants. Il doivent \u00eatre conformes \u00e0 la saison de comp\u00e9tition.<\/h2>\n<p>&nbsp;<\/p>\n<h3>VERIFICATION DES DOCUMENTS POUR VOUS ASSIGNER UN DOSSARD DE COURSE<\/h3>\n<p><span style=\"color: #ff0000;\"><strong>Les dossards pourront \u00eatre remis apr\u00e8s v\u00e9rification des documents des athl\u00e8tes.<\/strong><\/span><\/p>\n<p>Une fois l&rsquo;inscription termin\u00e9e, t\u00e9l\u00e9chargez vos documents \u00e0 l&rsquo;aide du formulaire figurant sur <a href=\"https:\/\/classicissima.it\/fr\/formulaire-de-soumission-de-documents\/\" target=\"_blank\" rel=\"noopener\">cette page<\/a>.<\/p>\n<p><strong>L&rsquo;organisation proc\u00e9dera \u00e0 la v\u00e9rification des documents avant de vous assigner un dossard de course.<\/strong><\/p>\n<p>&nbsp;<\/p>\n<h3><span style=\"font-size: 1em;\">DATE LIMITE POUR LA <\/span>V\u00c9RIFICATION<span style=\"font-size: 1em;\"> DES DOCUMENTS <\/span><\/h3>\n<p><strong><span style=\"color: #ff0000;\">La date limite de v\u00e9rification des documents des sportifs est stricte et fix\u00e9e \u00e0 7 jours avant l&rsquo;\u00e9v\u00e9nement.<br \/>\n<\/span><\/strong><\/p>\n<p>Pour des raisons organisationnelles, l&rsquo;organisation ne pourra pas v\u00e9rifier les documents juste avant le d\u00e9but de la course.<\/p>\n<p><span style=\"color: #0000ff;\"><strong>Tout sportif n&rsquo;ayant pas soumis ses documents avant la date limite ne pourra pas participer \u00e0 la course.<\/strong><\/span><\/p>\n<p>&nbsp;<\/p>\n<p>&nbsp;<\/p>\n<h3><span style=\"font-size: 1em;\">DOCUMENTS <\/span>N\u00c9CESSAIRES<span style=\"font-size: 1em;\"> POUR LE <\/span>RE\u00c7U<span style=\"font-size: 1em;\"> DE DOSSARD DE COURSE<\/span><\/h3>\n<p>Dans la liste suivante se trouvent tous les documents requis pour obtenir la confirmation d&rsquo;inscription \u00e0 l\u2019\u00e9v\u00e9nement, en fonction de votre carte de membre \/ licence.<\/p>\n<p><span style=\"color: #ff0000;\"><strong>Les cartes de membre \/ licences et certificats m\u00e9dicaux d&rsquo;aptitude \u00e0 la pratique sportive demand\u00e9s doivent \u00eatre valides pour la date de la course. Les certificats doivent \u00eatre \u00e9mis 6 mois avant la date de la course<\/strong><\/span><\/p>\n<h3>LICENCE JOURNALIERE<\/h3>\n<table border=\"0\" cellspacing=\"0\">\n<colgroup width=\"319\"><\/colgroup>\n<colgroup width=\"209\"><\/colgroup>\n<tbody>\n<tr style=\"background-color: #237ec6; color: #fff;\">\n<td style=\"height: 23px;\" align=\"left\" height=\"17\">F\u00e9d\u00e9ration<\/td>\n<td style=\"height: 23px;\" align=\"left\">Documents \u00e0 envoyer<\/td>\n<\/tr>\n<tr style=\"height: 23px;\">\n<td style=\"height: 23px;\" align=\"left\" height=\"17\"><b>LICENCE JOURNALIERE ACSI<\/b><\/td>\n<td style=\"height: 23px;\" align=\"left\"><strong>certificat m\u00e9dical d&rsquo;aptitude \u00e0 la pratique sportive et d\u00e9claration \u00e9thique<\/strong><\/td>\n<\/tr>\n<\/tbody>\n<\/table>\n<p>&nbsp;<\/p>\n<h3>EN DEHORS DE L\u2019ITALIE<\/h3>\n<table border=\"0\" cellspacing=\"0\">\n<colgroup width=\"319\"><\/colgroup>\n<colgroup width=\"209\"><\/colgroup>\n<tbody>\n<tr style=\"background-color: #237ec6; color: #fff;\">\n<td align=\"left\" height=\"17\">F\u00e9d\u00e9ration<\/td>\n<td align=\"left\">Documents \u00e0 envoyer<\/td>\n<\/tr>\n<tr>\n<td align=\"left\" height=\"17\">ALBANIA UCI Cycling Federation<\/td>\n<td align=\"left\">licence de cyclisme scann\u00e9e<\/td>\n<\/tr>\n<tr>\n<td align=\"left\" height=\"17\">ANDORRA UCI Cycling Federation<\/td>\n<td align=\"left\">licence de cyclisme scann\u00e9e<\/td>\n<\/tr>\n<tr>\n<td align=\"left\" height=\"17\">ARMENIA UCI Cycling Federation<\/td>\n<td align=\"left\">licence de cyclisme scann\u00e9e<\/td>\n<\/tr>\n<tr>\n<td align=\"left\" height=\"17\">AUSTRIA UCI Cycling Federation<\/td>\n<td align=\"left\">licence de cyclisme scann\u00e9e<\/td>\n<\/tr>\n<tr>\n<td align=\"left\" height=\"17\">AZERBAIJAN UCI Cycling Federation<\/td>\n<td align=\"left\">licence de cyclisme scann\u00e9e<\/td>\n<\/tr>\n<tr>\n<td align=\"left\" height=\"17\">BELGIUM UCI Royal Cycling League<\/td>\n<td align=\"left\">licence de cyclisme scann\u00e9e<\/td>\n<\/tr>\n<tr>\n<td align=\"left\" height=\"17\"><strong>BELGIUM VWB Vlaamse Wielrijdersbond<\/strong><\/td>\n<td align=\"left\"><strong>certificat m\u00e9dical d&rsquo;aptitude \u00e0 la pratique sportive<\/strong><\/p>\n<p><strong>NB : Cette licence n&rsquo;est pas reconnue par l&rsquo;UCI. Une licence journali\u00e8re est donc obligatoire.<\/strong><\/td>\n<\/tr>\n<tr>\n<td align=\"left\" height=\"17\">BOSNIA UCI Cycling Federation<\/td>\n<td align=\"left\">licence de cyclisme scann\u00e9e<\/td>\n<\/tr>\n<tr>\n<td align=\"left\" height=\"17\">BELARUS UCI Federation of Cycling Sport<\/td>\n<td align=\"left\">licence de cyclisme scann\u00e9e<\/td>\n<\/tr>\n<tr>\n<td align=\"left\" height=\"17\">BULGARIA UCI Cycling Union<\/td>\n<td align=\"left\">licence de cyclisme scann\u00e9e<\/td>\n<\/tr>\n<tr>\n<td align=\"left\" height=\"17\">CROATIA UCI Cycling Federation<\/td>\n<td align=\"left\">licence de cyclisme scann\u00e9e<\/td>\n<\/tr>\n<tr>\n<td align=\"left\" height=\"17\">CYPRUS UCI Cycling Federation<\/td>\n<td align=\"left\">licence de cyclisme scann\u00e9e<\/td>\n<\/tr>\n<tr>\n<td align=\"left\" height=\"17\">CZECH REP UCI Cycling Federation<\/td>\n<td align=\"left\">licence de cyclisme scann\u00e9e<\/td>\n<\/tr>\n<tr>\n<td align=\"left\" height=\"17\">DENMARK UCI Cycling Federation<\/td>\n<td align=\"left\">licence de cyclisme scann\u00e9e<\/td>\n<\/tr>\n<tr>\n<td align=\"left\" height=\"17\">ESTONIA UCI Cyclists<\/td>\n<td align=\"left\">licence de cyclisme scann\u00e9e<\/td>\n<\/tr>\n<tr>\n<td align=\"left\" height=\"17\">FINLAND UCI Cycling Union<\/td>\n<td align=\"left\">licence de cyclisme scann\u00e9e<\/td>\n<\/tr>\n<tr>\n<td align=\"left\" height=\"17\">FRANCE UCI Cycling Federation<\/td>\n<td align=\"left\">licence de cyclisme scann\u00e9e<\/td>\n<\/tr>\n<tr>\n<td align=\"left\" height=\"17\"><strong>FRANCE UFOLEP<\/strong><\/td>\n<td align=\"left\"><strong>certificat m\u00e9dical d&rsquo;aptitude \u00e0 la pratique sportive<\/strong><\/p>\n<p><strong>NB : Cette licence n&rsquo;est pas reconnue par l&rsquo;UCI. Une licence journali\u00e8re est donc obligatoire.<\/strong><\/p>\n<p>&nbsp;<\/td>\n<\/tr>\n<tr>\n<td align=\"left\" height=\"17\">GEORGIA UCI Cycling Federation<\/td>\n<td align=\"left\">licence scann\u00e9e<\/td>\n<\/tr>\n<tr>\n<td align=\"left\" height=\"17\">GERMANY UCI Cycling Federation<\/td>\n<td align=\"left\">licence scann\u00e9e<\/td>\n<\/tr>\n<tr>\n<td align=\"left\" height=\"17\">GREECE UCI Cycling Federation<\/td>\n<td align=\"left\">licence scann\u00e9e<\/td>\n<\/tr>\n<tr>\n<td align=\"left\" height=\"17\">HUNGARY UCI Cycling Federation<\/td>\n<td align=\"left\">licence scann\u00e9e <strong><br \/>\n<\/strong><\/td>\n<\/tr>\n<tr>\n<td align=\"left\" height=\"17\">IRELAND UCI Cycling Ireland<\/td>\n<td align=\"left\">licence scann\u00e9e<strong><br \/>\n<\/strong><\/td>\n<\/tr>\n<tr>\n<td align=\"left\" height=\"17\">ISRAEL UCI Cycling Federation<\/td>\n<td align=\"left\">licence scann\u00e9e<\/td>\n<\/tr>\n<tr>\n<td align=\"left\" height=\"17\">LATVIA UCI Cycling Federation<\/td>\n<td align=\"left\">licence scann\u00e9e<\/td>\n<\/tr>\n<tr>\n<td align=\"left\" height=\"17\">LIECHTENSTEIN UCI Cycling Federation<\/td>\n<td align=\"left\">licence scann\u00e9e<\/td>\n<\/tr>\n<tr>\n<td align=\"left\" height=\"17\">LITHUANIA UCI Cycling Federation<\/td>\n<td align=\"left\">licence scann\u00e9e<\/td>\n<\/tr>\n<tr>\n<td align=\"left\" height=\"17\">LUXEMBOURG UCI Cycling Federation<\/td>\n<td align=\"left\">licence scann\u00e9e<\/td>\n<\/tr>\n<tr>\n<td align=\"left\" height=\"17\">MOLDAVIA UCI Cycling Federation<\/td>\n<td align=\"left\">licence scann\u00e9e<\/td>\n<\/tr>\n<tr>\n<td align=\"left\" height=\"17\">MACEDONIA UCI Cycling Federation<\/td>\n<td align=\"left\">licence scann\u00e9e<\/td>\n<\/tr>\n<tr>\n<td align=\"left\" height=\"17\">MALTA UCI Cycling Federation<\/td>\n<td align=\"left\">licence scann\u00e9e<\/td>\n<\/tr>\n<tr>\n<td align=\"left\" height=\"17\">MONTENEGRO UCI Cycling Association<\/td>\n<td align=\"left\">licence scann\u00e9e<\/td>\n<\/tr>\n<tr>\n<td align=\"left\" height=\"17\">MONACO UCI Cycling Federation<\/td>\n<td align=\"left\">licence scann\u00e9e<\/td>\n<\/tr>\n<tr>\n<td align=\"left\" height=\"17\">NEDERLAND UCI Royal Cycling Union<\/td>\n<td align=\"left\">licence scann\u00e9e<\/td>\n<\/tr>\n<tr>\n<td align=\"left\" height=\"17\"><strong>NEDERLAND NTFU<\/strong><\/td>\n<td align=\"left\"><strong>certificat m\u00e9dical d&rsquo;aptitude \u00e0 la pratique sportive<\/strong><\/p>\n<p><strong>NB : Cette licence n&rsquo;est pas reconnue par l&rsquo;UCI. Une licence journali\u00e8re est donc obligatoire.<\/strong><\/td>\n<\/tr>\n<tr>\n<td align=\"left\" height=\"17\">NORWAY UCI Cycling Federation<\/td>\n<td align=\"left\">licence scann\u00e9e<\/td>\n<\/tr>\n<tr>\n<td align=\"left\" height=\"17\">POLAND UCI Cycling Federation<\/td>\n<td align=\"left\">licence scann\u00e9e<\/td>\n<\/tr>\n<tr>\n<td align=\"left\" height=\"17\">PORTUGAL UCI Cycling Federation<\/td>\n<td align=\"left\">licence scann\u00e9e<\/td>\n<\/tr>\n<tr>\n<td align=\"left\" height=\"17\">ROMANIA UCI Cycling Federation<\/td>\n<td align=\"left\">licence scann\u00e9e<\/td>\n<\/tr>\n<tr>\n<td align=\"left\" height=\"17\">RUSSIA UCI Cycling Federation<\/td>\n<td align=\"left\">licence scann\u00e9e<\/td>\n<\/tr>\n<tr>\n<td align=\"left\" height=\"17\">SAN MARINO UCI Cycling Federation<\/td>\n<td align=\"left\">licence scann\u00e9e<\/td>\n<\/tr>\n<tr>\n<td align=\"left\" height=\"17\">SERBIA UCI Cycling Federation of Serbia<\/td>\n<td align=\"left\">licence scann\u00e9e<\/td>\n<\/tr>\n<tr>\n<td align=\"left\" height=\"17\">SLOVENIA UCI Cycling Federation<\/td>\n<td align=\"left\">licence scann\u00e9e<\/td>\n<\/tr>\n<tr>\n<td align=\"left\" height=\"17\">SWITZERLAND UCI Swiss Cycling<\/td>\n<td align=\"left\">licence scann\u00e9e<\/td>\n<\/tr>\n<tr>\n<td align=\"left\" height=\"17\">SLOVAKIA UCI Cycling Federation<\/td>\n<td align=\"left\">licence scann\u00e9e<\/td>\n<\/tr>\n<tr>\n<td align=\"left\" height=\"17\">SPAIN UCI Cycling Federation<\/td>\n<td align=\"left\">licence scann\u00e9e<\/td>\n<\/tr>\n<tr>\n<td align=\"left\" height=\"17\">SWEDEN UCI Cycling Federation<\/td>\n<td align=\"left\">licence scann\u00e9e<\/td>\n<\/tr>\n<tr>\n<td align=\"left\" height=\"17\">TURKEY UCI Cycling Federation<\/td>\n<td align=\"left\">licence scann\u00e9e<\/td>\n<\/tr>\n<tr>\n<td align=\"left\" height=\"17\">UNITED KINGDOM UCI British Cycling<\/td>\n<td align=\"left\">licence scann\u00e9e<\/td>\n<\/tr>\n<tr>\n<td align=\"left\" height=\"17\">UKRAINE UCI Cycling Federation<\/td>\n<td align=\"left\">licence scann\u00e9e<\/td>\n<\/tr>\n<tr>\n<td align=\"left\" height=\"17\"><strong>International UCI Non-European Cycling Federation<\/strong><\/td>\n<td align=\"left\"><strong>licence scann\u00e9e <\/strong><\/td>\n<\/tr>\n<tr>\n<td align=\"left\" height=\"17\"><strong>International ITU Triathlon<\/strong><\/td>\n<td align=\"left\"><strong>certificat m\u00e9dical d&rsquo;aptitude \u00e0 la pratique sportive<\/strong><\/p>\n<p><strong>NB : Cette licence n&rsquo;est pas reconnue par l&rsquo;UCI. Une licence journali\u00e8re est donc obligatoire<\/strong><\/td>\n<\/tr>\n<tr>\n<td align=\"left\" height=\"17\"><strong>International Ironman Triathlon<\/strong><\/td>\n<td align=\"left\"><strong>certificat m\u00e9dical d&rsquo;aptitude \u00e0 la pratique sportive<\/strong><\/p>\n<p><strong>NB : Cette licence n&rsquo;est pas reconnue par l&rsquo;UCI. Une licence journali\u00e8re est donc obligatoire<\/strong><\/p>\n<p>&nbsp;<\/td>\n<\/tr>\n<\/tbody>\n<\/table>\n","protected":false},"excerpt":{"rendered":"<p>La remise des dossards de course pour la Granfondo San Remo &#8211; San Remo Classicissima se fera apr\u00e8s v\u00e9rification des documents des participants. Il doivent \u00eatre conformes \u00e0 la saison de comp\u00e9tition. &nbsp; VERIFICATION DES DOCUMENTS POUR VOUS ASSIGNER UN DOSSARD DE COURSE Les dossards pourront \u00eatre remis apr\u00e8s v\u00e9rification des documents des athl\u00e8tes. Une [&hellip;]<\/p>\n","protected":false},"author":1,"featured_media":0,"parent":3624,"menu_order":0,"comment_status":"closed","ping_status":"closed","template":"","meta":{"_et_pb_use_builder":"","_et_pb_old_content":"","_et_gb_content_width":"","footnotes":""},"class_list":["post-7391","page","type-page","status-publish","hentry"],"yoast_head":"<!-- This site is optimized with the Yoast SEO plugin v26.5 - https:\/\/yoast.com\/wordpress\/plugins\/seo\/ -->\n<title>Remise des dossards de course - GRANFONDO SANREMO SANREMO 2026<\/title>\n<meta name=\"description\" content=\"Informations sur la remise des dossards de course Granfondo Sanremo Sanremo la Classicissima. Inscriptions en ligne et assistance\" \/>\n<meta name=\"robots\" content=\"index, follow, max-snippet:-1, max-image-preview:large, max-video-preview:-1\" \/>\n<link rel=\"canonical\" href=\"https:\/\/classicissima.it\/fr\/inscriptions\/remise-des-dossards-de-course\/\" \/>\n<meta property=\"og:locale\" content=\"fr_FR\" \/>\n<meta property=\"og:type\" content=\"article\" \/>\n<meta property=\"og:title\" content=\"Remise des dossards de course - GRANFONDO SANREMO SANREMO 2026\" \/>\n<meta property=\"og:description\" content=\"Informations sur la remise des dossards de course Granfondo Sanremo Sanremo la Classicissima. Inscriptions en ligne et assistance\" \/>\n<meta property=\"og:url\" content=\"https:\/\/classicissima.it\/fr\/inscriptions\/remise-des-dossards-de-course\/\" \/>\n<meta property=\"og:site_name\" content=\"GRANFONDO SANREMO SANREMO 2026\" \/>\n<meta property=\"article:modified_time\" content=\"2023-07-27T11:03:38+00:00\" \/>\n<meta name=\"twitter:card\" content=\"summary_large_image\" \/>\n<meta name=\"twitter:label1\" content=\"Dur\u00e9e de lecture estim\u00e9e\" \/>\n\t<meta name=\"twitter:data1\" content=\"4 minutes\" \/>\n<script type=\"application\/ld+json\" class=\"yoast-schema-graph\">{\"@context\":\"https:\/\/schema.org\",\"@graph\":[{\"@type\":\"WebPage\",\"@id\":\"https:\/\/classicissima.it\/fr\/inscriptions\/remise-des-dossards-de-course\/\",\"url\":\"https:\/\/classicissima.it\/fr\/inscriptions\/remise-des-dossards-de-course\/\",\"name\":\"Remise des dossards de course - GRANFONDO SANREMO SANREMO 2026\",\"isPartOf\":{\"@id\":\"https:\/\/classicissima.it\/#website\"},\"datePublished\":\"2017-10-05T16:45:40+00:00\",\"dateModified\":\"2023-07-27T11:03:38+00:00\",\"description\":\"Informations sur la remise des dossards de course Granfondo Sanremo Sanremo la Classicissima. Inscriptions en ligne et assistance\",\"breadcrumb\":{\"@id\":\"https:\/\/classicissima.it\/fr\/inscriptions\/remise-des-dossards-de-course\/#breadcrumb\"},\"inLanguage\":\"fr-FR\",\"potentialAction\":[{\"@type\":\"ReadAction\",\"target\":[\"https:\/\/classicissima.it\/fr\/inscriptions\/remise-des-dossards-de-course\/\"]}]},{\"@type\":\"BreadcrumbList\",\"@id\":\"https:\/\/classicissima.it\/fr\/inscriptions\/remise-des-dossards-de-course\/#breadcrumb\",\"itemListElement\":[{\"@type\":\"ListItem\",\"position\":1,\"name\":\"Home\",\"item\":\"https:\/\/classicissima.it\/fr\/\"},{\"@type\":\"ListItem\",\"position\":2,\"name\":\"INSCRIVEZ-VOUS\",\"item\":\"https:\/\/classicissima.it\/fr\/inscriptions\/\"},{\"@type\":\"ListItem\",\"position\":3,\"name\":\"Remise des dossards de course\"}]},{\"@type\":\"WebSite\",\"@id\":\"https:\/\/classicissima.it\/#website\",\"url\":\"https:\/\/classicissima.it\/\",\"name\":\"GRANFONDO SANREMO SANREMO 2026\",\"description\":\"La Classicissima 22.03.2026\",\"potentialAction\":[{\"@type\":\"SearchAction\",\"target\":{\"@type\":\"EntryPoint\",\"urlTemplate\":\"https:\/\/classicissima.it\/?s={search_term_string}\"},\"query-input\":{\"@type\":\"PropertyValueSpecification\",\"valueRequired\":true,\"valueName\":\"search_term_string\"}}],\"inLanguage\":\"fr-FR\"}]}<\/script>\n<!-- \/ Yoast SEO plugin. -->","yoast_head_json":{"title":"Remise des dossards de course - GRANFONDO SANREMO SANREMO 2026","description":"Informations sur la remise des dossards de course Granfondo Sanremo Sanremo la Classicissima. Inscriptions en ligne et assistance","robots":{"index":"index","follow":"follow","max-snippet":"max-snippet:-1","max-image-preview":"max-image-preview:large","max-video-preview":"max-video-preview:-1"},"canonical":"https:\/\/classicissima.it\/fr\/inscriptions\/remise-des-dossards-de-course\/","og_locale":"fr_FR","og_type":"article","og_title":"Remise des dossards de course - GRANFONDO SANREMO SANREMO 2026","og_description":"Informations sur la remise des dossards de course Granfondo Sanremo Sanremo la Classicissima. Inscriptions en ligne et assistance","og_url":"https:\/\/classicissima.it\/fr\/inscriptions\/remise-des-dossards-de-course\/","og_site_name":"GRANFONDO SANREMO SANREMO 2026","article_modified_time":"2023-07-27T11:03:38+00:00","twitter_card":"summary_large_image","twitter_misc":{"Dur\u00e9e de lecture estim\u00e9e":"4 minutes"},"schema":{"@context":"https:\/\/schema.org","@graph":[{"@type":"WebPage","@id":"https:\/\/classicissima.it\/fr\/inscriptions\/remise-des-dossards-de-course\/","url":"https:\/\/classicissima.it\/fr\/inscriptions\/remise-des-dossards-de-course\/","name":"Remise des dossards de course - GRANFONDO SANREMO SANREMO 2026","isPartOf":{"@id":"https:\/\/classicissima.it\/#website"},"datePublished":"2017-10-05T16:45:40+00:00","dateModified":"2023-07-27T11:03:38+00:00","description":"Informations sur la remise des dossards de course Granfondo Sanremo Sanremo la Classicissima. Inscriptions en ligne et assistance","breadcrumb":{"@id":"https:\/\/classicissima.it\/fr\/inscriptions\/remise-des-dossards-de-course\/#breadcrumb"},"inLanguage":"fr-FR","potentialAction":[{"@type":"ReadAction","target":["https:\/\/classicissima.it\/fr\/inscriptions\/remise-des-dossards-de-course\/"]}]},{"@type":"BreadcrumbList","@id":"https:\/\/classicissima.it\/fr\/inscriptions\/remise-des-dossards-de-course\/#breadcrumb","itemListElement":[{"@type":"ListItem","position":1,"name":"Home","item":"https:\/\/classicissima.it\/fr\/"},{"@type":"ListItem","position":2,"name":"INSCRIVEZ-VOUS","item":"https:\/\/classicissima.it\/fr\/inscriptions\/"},{"@type":"ListItem","position":3,"name":"Remise des dossards de course"}]},{"@type":"WebSite","@id":"https:\/\/classicissima.it\/#website","url":"https:\/\/classicissima.it\/","name":"GRANFONDO SANREMO SANREMO 2026","description":"La Classicissima 22.03.2026","potentialAction":[{"@type":"SearchAction","target":{"@type":"EntryPoint","urlTemplate":"https:\/\/classicissima.it\/?s={search_term_string}"},"query-input":{"@type":"PropertyValueSpecification","valueRequired":true,"valueName":"search_term_string"}}],"inLanguage":"fr-FR"}]}},"_links":{"self":[{"href":"https:\/\/classicissima.it\/fr\/wp-json\/wp\/v2\/pages\/7391","targetHints":{"allow":["GET"]}}],"collection":[{"href":"https:\/\/classicissima.it\/fr\/wp-json\/wp\/v2\/pages"}],"about":[{"href":"https:\/\/classicissima.it\/fr\/wp-json\/wp\/v2\/types\/page"}],"author":[{"embeddable":true,"href":"https:\/\/classicissima.it\/fr\/wp-json\/wp\/v2\/users\/1"}],"replies":[{"embeddable":true,"href":"https:\/\/classicissima.it\/fr\/wp-json\/wp\/v2\/comments?post=7391"}],"version-history":[{"count":13,"href":"https:\/\/classicissima.it\/fr\/wp-json\/wp\/v2\/pages\/7391\/revisions"}],"predecessor-version":[{"id":13000,"href":"https:\/\/classicissima.it\/fr\/wp-json\/wp\/v2\/pages\/7391\/revisions\/13000"}],"up":[{"embeddable":true,"href":"https:\/\/classicissima.it\/fr\/wp-json\/wp\/v2\/pages\/3624"}],"wp:attachment":[{"href":"https:\/\/classicissima.it\/fr\/wp-json\/wp\/v2\/media?parent=7391"}],"curies":[{"name":"wp","href":"https:\/\/api.w.org\/{rel}","templated":true}]}}